{"id":7152,"date":"2026-01-28T08:21:54","date_gmt":"2026-01-28T07:21:54","guid":{"rendered":"https:\/\/yfconnectivity.com\/?post_type=product&#038;p=7152"},"modified":"2026-01-28T08:44:33","modified_gmt":"2026-01-28T07:44:33","slug":"mekanik-kilitli-hizli-konektor","status":"publish","type":"product","link":"https:\/\/yfconnectivity.com\/tr\/product\/fast-connector-with-mechanical-lock\/","title":{"rendered":"Kilitli SC UPC H\u0131zl\u0131 Saha Konekt\u00f6r\u00fc"},"content":{"rendered":"<p data-start=\"502\" data-end=\"710\">Mekanik Kilitleme Mekanizmal\u0131 SC UPC H\u0131zl\u0131 Saha Konekt\u00f6r\u00fc, saha sonland\u0131rmas\u0131 s\u0131ras\u0131nda daha istikrarl\u0131 fiber sabitleme ve geli\u015fmi\u015f kurulum g\u00fcvenilirli\u011fi sa\u011flamak i\u00e7in tasarlanm\u0131\u015f y\u00fckseltilmi\u015f bir \u00e7\u00f6z\u00fcmd\u00fcr.<\/p>\n<p data-start=\"712\" data-end=\"1031\">Bu konekt\u00f6r, yerle\u015ftirildikten sonra \u00e7\u0131plak fiberi g\u00fcvenli bir \u015fekilde sabitleyen ve \u00e7ekme, titre\u015fim veya uzun s\u00fcreli kullan\u0131m s\u0131ras\u0131nda fiber hareketini \u00f6nleyen harici bir kilitleme man\u015fonuna sahiptir. Standart h\u0131zl\u0131 konnekt\u00f6rlerle kar\u015f\u0131la\u015ft\u0131r\u0131ld\u0131\u011f\u0131nda, kilitleme yap\u0131s\u0131 mekanik stabiliteyi art\u0131r\u0131rken basit aletsiz kurulumu da korur.<\/p>\n<p data-start=\"1033\" data-end=\"1369\">\u00d6nceden parlat\u0131lm\u0131\u015f bir UPC y\u00fcks\u00fck ve \u00f6nceden g\u00f6m\u00fcl\u00fc fiber teknolojisi kullanan bu konekt\u00f6r, FTTH drop kablolar\u0131 (3,0 \u00d7 2,0 mm \/ 1,6 \u00d7 2,0 mm) ve G.652 \/ G.657 tek modlu fiberler i\u00e7in yerinde h\u0131zl\u0131 sonland\u0131rmay\u0131 destekler. Sabit fiber konumland\u0131rma ve tutarl\u0131 optik performans\u0131n gerekli oldu\u011fu uygulamalar i\u00e7in \u00e7ok uygundur.<\/p>","protected":false},"excerpt":{"rendered":"<p>The SC UPC Fast Field Connector with Mechanical Locking Mechanism is an upgraded solution designed to provide more stable fiber [&hellip;]<\/p>\n","protected":false},"featured_media":7159,"template":"","meta":{"_acf_changed":false,"site-sidebar-layout":"default","site-content-layout":"","ast-site-content-layout":"default","site-content-style":"default","site-sidebar-style":"default","ast-global-header-display":"","ast-banner-title-visibility":"","ast-main-header-display":"","ast-hfb-above-header-display":"","ast-hfb-below-header-display":"","ast-hfb-mobile-header-display":"","site-post-title":"","ast-breadcrumbs-content":"","ast-featured-img":"","footer-sml-layout":"","ast-disable-related-posts":"","theme-transparent-header-meta":"default","adv-header-id-meta":"","stick-header-meta":"","header-above-stick-meta":"","header-main-stick-meta":"","header-below-stick-meta":"","astra-migrate-meta-layouts":"set","ast-page-background-enabled":"default","ast-page-background-meta":{"desktop":{"background-color":"var(--ast-global-color-5)","background-image":"","background-repeat":"repeat","background-position":"center center","background-size":"auto","background-attachment":"scroll","background-type":"","background-media":"","overlay-type":"","overlay-color":"","overlay-opacity":"","overlay-gradient":""},"tablet":{"background-color":"","background-image":"","background-repeat":"repeat","background-position":"center center","background-size":"auto","background-attachment":"scroll","background-type":"","background-media":"","overlay-type":"","overlay-color":"","overlay-opacity":"","overlay-gradient":""},"mobile":{"background-color":"","background-image":"","background-repeat":"repeat","background-position":"center center","background-size":"auto","background-attachment":"scroll","background-type":"","background-media":"","overlay-type":"","overlay-color":"","overlay-opacity":"","overlay-gradient":""}},"ast-content-background-meta":{"desktop":{"background-color":"var(--ast-global-color-4)","background-image":"","background-repeat":"repeat","background-position":"center center","background-size":"auto","background-attachment":"scroll","background-type":"","background-media":"","overlay-type":"","overlay-color":"","overlay-opacity":"","overlay-gradient":""},"tablet":{"background-color":"var(--ast-global-color-4)","background-image":"","background-repeat":"repeat","background-position":"center center","background-size":"auto","background-attachment":"scroll","background-type":"","background-media":"","overlay-type":"","overlay-color":"","overlay-opacity":"","overlay-gradient":""},"mobile":{"background-color":"var(--ast-global-color-4)","background-image":"","background-repeat":"repeat","background-position":"center center","background-size":"auto","background-attachment":"scroll","background-type":"","background-media":"","overlay-type":"","overlay-color":"","overlay-opacity":"","overlay-gradient":""}}},"product_brand":[],"product_cat":[68],"product_tag":[],"class_list":{"0":"post-7152","1":"product","2":"type-product","3":"status-publish","4":"has-post-thumbnail","6":"product_cat-fiber-optic-fast-connector","7":"desktop-align-left","8":"tablet-align-left","9":"mobile-align-left","11":"first","12":"instock","13":"shipping-taxable","14":"product-type-simple"},"acf":[],"_links":{"self":[{"href":"https:\/\/yfconnectivity.com\/tr\/wp-json\/wp\/v2\/product\/7152","targetHints":{"allow":["GET"]}}],"collection":[{"href":"https:\/\/yfconnectivity.com\/tr\/wp-json\/wp\/v2\/product"}],"about":[{"href":"https:\/\/yfconnectivity.com\/tr\/wp-json\/wp\/v2\/types\/product"}],"wp:featuredmedia":[{"embeddable":true,"href":"https:\/\/yfconnectivity.com\/tr\/wp-json\/wp\/v2\/media\/7159"}],"wp:attachment":[{"href":"https:\/\/yfconnectivity.com\/tr\/wp-json\/wp\/v2\/media?parent=7152"}],"wp:term":[{"taxonomy":"product_brand","embeddable":true,"href":"https:\/\/yfconnectivity.com\/tr\/wp-json\/wp\/v2\/product_brand?post=7152"},{"taxonomy":"product_cat","embeddable":true,"href":"https:\/\/yfconnectivity.com\/tr\/wp-json\/wp\/v2\/product_cat?post=7152"},{"taxonomy":"product_tag","embeddable":true,"href":"https:\/\/yfconnectivity.com\/tr\/wp-json\/wp\/v2\/product_tag?post=7152"}],"curies":[{"name":"wp","href":"https:\/\/api.w.org\/{rel}","templated":true}]}}