{"id":7148,"date":"2026-01-28T06:21:42","date_gmt":"2026-01-28T05:21:42","guid":{"rendered":"https:\/\/yfconnectivity.com\/?post_type=product&#038;p=7148"},"modified":"2026-01-28T08:40:17","modified_gmt":"2026-01-28T07:40:17","slug":"sc-upc-hizli-saha-konnektoru","status":"publish","type":"product","link":"https:\/\/yfconnectivity.com\/tr\/product\/sc-upc-fast-field-connector\/","title":{"rendered":"SC UPC Fiber Optik H\u0131zl\u0131 Saha Konnekt\u00f6r\u00fc"},"content":{"rendered":"<p data-start=\"492\" data-end=\"652\">SC UPC H\u0131zl\u0131 Saha Konekt\u00f6r\u00fc, FTTH eri\u015fim a\u011flar\u0131nda ve i\u00e7 mekan optik kurulumlar\u0131nda h\u0131zl\u0131, kararl\u0131 ve tekrarlanabilir fiber sonland\u0131rma i\u00e7in tasarlanm\u0131\u015ft\u0131r.<\/p>\n<p data-start=\"654\" data-end=\"989\">\u00d6nceden parlat\u0131lm\u0131\u015f bir UPC y\u00fcks\u00fck ve mekanik ekleme yap\u0131s\u0131 kullanan bu konnekt\u00f6r, teknisyenlerin epoksi, k\u00fcrleme veya f\u00fczyon ekleme olmadan yakla\u015f\u0131k 15 saniye i\u00e7inde fiber sonland\u0131rmay\u0131 tamamlamas\u0131na olanak tan\u0131r. Yay tipi FTTH drop kablolar\u0131 (3,0 \u00d7 2,0 mm \/ 1,6 \u00d7 2,0 mm) ve tek modlu fiberler (G.652 \/ G.657) ile tamamen uyumludur.<\/p>\n<p data-start=\"991\" data-end=\"1265\">D\u00fc\u015f\u00fck ekleme kayb\u0131 (\u22640,2 dB tipik) ve \u226550 dB geri d\u00f6n\u00fc\u015f kayb\u0131 ile SC UPC h\u0131zl\u0131 konekt\u00f6r, kurulum kolayl\u0131\u011f\u0131 ve sinyal kararl\u0131l\u0131\u011f\u0131n\u0131n gerekli oldu\u011fu fiber \u00e7\u0131k\u0131\u015flar, sonland\u0131rma kutular\u0131 ve m\u00fc\u015fteri tesis ekipmanlar\u0131 i\u00e7in g\u00fcvenilir optik performans sunar.<\/p>","protected":false},"excerpt":{"rendered":"<p>The SC UPC Fast Field Connector is designed for fast, stable, and repeatable fiber termination in FTTH access networks and [&hellip;]<\/p>\n","protected":false},"featured_media":7161,"template":"","meta":{"_acf_changed":false,"site-sidebar-layout":"default","site-content-layout":"","ast-site-content-layout":"default","site-content-style":"default","site-sidebar-style":"default","ast-global-header-display":"","ast-banner-title-visibility":"","ast-main-header-display":"","ast-hfb-above-header-display":"","ast-hfb-below-header-display":"","ast-hfb-mobile-header-display":"","site-post-title":"","ast-breadcrumbs-content":"","ast-featured-img":"","footer-sml-layout":"","ast-disable-related-posts":"","theme-transparent-header-meta":"default","adv-header-id-meta":"","stick-header-meta":"","header-above-stick-meta":"","header-main-stick-meta":"","header-below-stick-meta":"","astra-migrate-meta-layouts":"set","ast-page-background-enabled":"default","ast-page-background-meta":{"desktop":{"background-color":"var(--ast-global-color-5)","background-image":"","background-repeat":"repeat","background-position":"center center","background-size":"auto","background-attachment":"scroll","background-type":"","background-media":"","overlay-type":"","overlay-color":"","overlay-opacity":"","overlay-gradient":""},"tablet":{"background-color":"","background-image":"","background-repeat":"repeat","background-position":"center center","background-size":"auto","background-attachment":"scroll","background-type":"","background-media":"","overlay-type":"","overlay-color":"","overlay-opacity":"","overlay-gradient":""},"mobile":{"background-color":"","background-image":"","background-repeat":"repeat","background-position":"center center","background-size":"auto","background-attachment":"scroll","background-type":"","background-media":"","overlay-type":"","overlay-color":"","overlay-opacity":"","overlay-gradient":""}},"ast-content-background-meta":{"desktop":{"background-color":"var(--ast-global-color-4)","background-image":"","background-repeat":"repeat","background-position":"center center","background-size":"auto","background-attachment":"scroll","background-type":"","background-media":"","overlay-type":"","overlay-color":"","overlay-opacity":"","overlay-gradient":""},"tablet":{"background-color":"var(--ast-global-color-4)","background-image":"","background-repeat":"repeat","background-position":"center center","background-size":"auto","background-attachment":"scroll","background-type":"","background-media":"","overlay-type":"","overlay-color":"","overlay-opacity":"","overlay-gradient":""},"mobile":{"background-color":"var(--ast-global-color-4)","background-image":"","background-repeat":"repeat","background-position":"center center","background-size":"auto","background-attachment":"scroll","background-type":"","background-media":"","overlay-type":"","overlay-color":"","overlay-opacity":"","overlay-gradient":""}}},"product_brand":[],"product_cat":[68],"product_tag":[],"class_list":{"0":"post-7148","1":"product","2":"type-product","3":"status-publish","4":"has-post-thumbnail","6":"product_cat-fiber-optic-fast-connector","7":"desktop-align-left","8":"tablet-align-left","9":"mobile-align-left","11":"first","12":"instock","13":"shipping-taxable","14":"product-type-simple"},"acf":[],"_links":{"self":[{"href":"https:\/\/yfconnectivity.com\/tr\/wp-json\/wp\/v2\/product\/7148","targetHints":{"allow":["GET"]}}],"collection":[{"href":"https:\/\/yfconnectivity.com\/tr\/wp-json\/wp\/v2\/product"}],"about":[{"href":"https:\/\/yfconnectivity.com\/tr\/wp-json\/wp\/v2\/types\/product"}],"wp:featuredmedia":[{"embeddable":true,"href":"https:\/\/yfconnectivity.com\/tr\/wp-json\/wp\/v2\/media\/7161"}],"wp:attachment":[{"href":"https:\/\/yfconnectivity.com\/tr\/wp-json\/wp\/v2\/media?parent=7148"}],"wp:term":[{"taxonomy":"product_brand","embeddable":true,"href":"https:\/\/yfconnectivity.com\/tr\/wp-json\/wp\/v2\/product_brand?post=7148"},{"taxonomy":"product_cat","embeddable":true,"href":"https:\/\/yfconnectivity.com\/tr\/wp-json\/wp\/v2\/product_cat?post=7148"},{"taxonomy":"product_tag","embeddable":true,"href":"https:\/\/yfconnectivity.com\/tr\/wp-json\/wp\/v2\/product_tag?post=7148"}],"curies":[{"name":"wp","href":"https:\/\/api.w.org\/{rel}","templated":true}]}}