{"id":7093,"date":"2026-01-23T06:34:55","date_gmt":"2026-01-23T05:34:55","guid":{"rendered":"https:\/\/yfconnectivity.com\/?post_type=product&#038;p=7093"},"modified":"2026-01-23T07:46:01","modified_gmt":"2026-01-23T06:46:01","slug":"sc-apc-hizli-saha-fi%cc%87ber-konnektoru","status":"publish","type":"product","link":"https:\/\/yfconnectivity.com\/tr\/product\/sc-apc-fast-field-fiber-connector\/","title":{"rendered":"SC APC Fiber Optik H\u0131zl\u0131 Saha Konekt\u00f6r\u00fc"},"content":{"rendered":"<p>SC APC H\u0131zl\u0131 Alan Konekt\u00f6r\u00fc, PON, CATV ve uzun mesafeli tek modlu fiber a\u011flar gibi s\u0131k\u0131 optik yans\u0131ma kontrol\u00fc gerektiren uygulamalar i\u00e7in tasarlanm\u0131\u015ft\u0131r.<\/p>\n<p>8\u00b0 a\u00e7\u0131l\u0131 APC y\u00fcks\u00fck i\u00e7eren bu konnekt\u00f6r, geri yans\u0131may\u0131 \u00f6nemli \u00f6l\u00e7\u00fcde azalt\u0131r ve \u226555 dB'lik bir geri d\u00f6n\u00fc\u015f kayb\u0131 sa\u011flayarak y\u00fcksek performansl\u0131 optik iletim ortamlar\u0131 i\u00e7in uygun hale getirir. Aletsiz mekanik sonland\u0131rma tasar\u0131m\u0131, istikrarl\u0131 optik performans\u0131 korurken yerinde h\u0131zl\u0131 kurulum sa\u011flar.<\/p>\n<p>Yayg\u0131n FTTH drop kablolar\u0131 ve G.652\/G.657 fiberlerle uyumlu olan SC APC h\u0131zl\u0131 konnekt\u00f6r, sinyal kalitesinin \u00f6zellikle kritik oldu\u011fu d\u0131\u015f mekan kabinleri, splitter kutular\u0131 ve optik da\u011f\u0131t\u0131m noktalar\u0131 i\u00e7in m\u00fckemmel bir se\u00e7imdir.<\/p>","protected":false},"excerpt":{"rendered":"<p>The SC APC Fast Field Connector is engineered for applications that require strict optical reflection control, such as PON, CATV, [&hellip;]<\/p>\n","protected":false},"featured_media":7095,"template":"","meta":{"_acf_changed":false,"site-sidebar-layout":"default","site-content-layout":"","ast-site-content-layout":"default","site-content-style":"default","site-sidebar-style":"default","ast-global-header-display":"","ast-banner-title-visibility":"","ast-main-header-display":"","ast-hfb-above-header-display":"","ast-hfb-below-header-display":"","ast-hfb-mobile-header-display":"","site-post-title":"","ast-breadcrumbs-content":"","ast-featured-img":"","footer-sml-layout":"","ast-disable-related-posts":"","theme-transparent-header-meta":"default","adv-header-id-meta":"","stick-header-meta":"","header-above-stick-meta":"","header-main-stick-meta":"","header-below-stick-meta":"","astra-migrate-meta-layouts":"set","ast-page-background-enabled":"default","ast-page-background-meta":{"desktop":{"background-color":"var(--ast-global-color-5)","background-image":"","background-repeat":"repeat","background-position":"center center","background-size":"auto","background-attachment":"scroll","background-type":"","background-media":"","overlay-type":"","overlay-color":"","overlay-opacity":"","overlay-gradient":""},"tablet":{"background-color":"","background-image":"","background-repeat":"repeat","background-position":"center center","background-size":"auto","background-attachment":"scroll","background-type":"","background-media":"","overlay-type":"","overlay-color":"","overlay-opacity":"","overlay-gradient":""},"mobile":{"background-color":"","background-image":"","background-repeat":"repeat","background-position":"center center","background-size":"auto","background-attachment":"scroll","background-type":"","background-media":"","overlay-type":"","overlay-color":"","overlay-opacity":"","overlay-gradient":""}},"ast-content-background-meta":{"desktop":{"background-color":"var(--ast-global-color-4)","background-image":"","background-repeat":"repeat","background-position":"center center","background-size":"auto","background-attachment":"scroll","background-type":"","background-media":"","overlay-type":"","overlay-color":"","overlay-opacity":"","overlay-gradient":""},"tablet":{"background-color":"var(--ast-global-color-4)","background-image":"","background-repeat":"repeat","background-position":"center center","background-size":"auto","background-attachment":"scroll","background-type":"","background-media":"","overlay-type":"","overlay-color":"","overlay-opacity":"","overlay-gradient":""},"mobile":{"background-color":"var(--ast-global-color-4)","background-image":"","background-repeat":"repeat","background-position":"center center","background-size":"auto","background-attachment":"scroll","background-type":"","background-media":"","overlay-type":"","overlay-color":"","overlay-opacity":"","overlay-gradient":""}}},"product_brand":[],"product_cat":[68],"product_tag":[],"class_list":{"0":"post-7093","1":"product","2":"type-product","3":"status-publish","4":"has-post-thumbnail","6":"product_cat-fiber-optic-fast-connector","7":"desktop-align-left","8":"tablet-align-left","9":"mobile-align-left","11":"first","12":"instock","13":"shipping-taxable","14":"product-type-simple"},"acf":[],"_links":{"self":[{"href":"https:\/\/yfconnectivity.com\/tr\/wp-json\/wp\/v2\/product\/7093","targetHints":{"allow":["GET"]}}],"collection":[{"href":"https:\/\/yfconnectivity.com\/tr\/wp-json\/wp\/v2\/product"}],"about":[{"href":"https:\/\/yfconnectivity.com\/tr\/wp-json\/wp\/v2\/types\/product"}],"wp:featuredmedia":[{"embeddable":true,"href":"https:\/\/yfconnectivity.com\/tr\/wp-json\/wp\/v2\/media\/7095"}],"wp:attachment":[{"href":"https:\/\/yfconnectivity.com\/tr\/wp-json\/wp\/v2\/media?parent=7093"}],"wp:term":[{"taxonomy":"product_brand","embeddable":true,"href":"https:\/\/yfconnectivity.com\/tr\/wp-json\/wp\/v2\/product_brand?post=7093"},{"taxonomy":"product_cat","embeddable":true,"href":"https:\/\/yfconnectivity.com\/tr\/wp-json\/wp\/v2\/product_cat?post=7093"},{"taxonomy":"product_tag","embeddable":true,"href":"https:\/\/yfconnectivity.com\/tr\/wp-json\/wp\/v2\/product_tag?post=7093"}],"curies":[{"name":"wp","href":"https:\/\/api.w.org\/{rel}","templated":true}]}}