{"id":6898,"date":"2026-01-07T09:39:17","date_gmt":"2026-01-07T08:39:17","guid":{"rendered":"https:\/\/yfconnectivity.com\/?post_type=product&#038;p=6898"},"modified":"2026-01-07T10:31:31","modified_gmt":"2026-01-07T09:31:31","slug":"micro-plc-splitter-i%cc%87le-fat-8x-fi%cc%87ber-sonlandirma-kutusu","status":"publish","type":"product","link":"https:\/\/yfconnectivity.com\/tr\/product\/fat-8x-fiber-termination-box-with-micro-plc-splitter\/","title":{"rendered":"Mikro PLC Splitter ile FAT-8X Fiber Sonland\u0131rma Kutusu"},"content":{"rendered":"<p data-start=\"231\" data-end=\"577\">FAT-8X fiber sonland\u0131rma kutusu, FTTx ileti\u015fim a\u011flar\u0131nda besleyici kablolar ve d\u00fc\u015fme kablolar\u0131 aras\u0131nda bir sonland\u0131rma ve da\u011f\u0131t\u0131m noktas\u0131 olarak tasarlanm\u0131\u015ft\u0131r. Hem i\u00e7 hem de d\u0131\u015f mekan a\u011f da\u011f\u0131t\u0131mlar\u0131 i\u00e7in g\u00fcvenilir koruma ve d\u00fczenli fiber y\u00f6netimi sa\u011flarken, fiber ekleme, b\u00f6lme ve da\u011f\u0131t\u0131m\u0131 tek bir muhafazada birle\u015ftirir.<\/p>\n<ul>\n<li data-start=\"581\" data-end=\"728\"><strong data-start=\"581\" data-end=\"615\">Kesimsiz Fiber Kurulumu<\/strong>: Optik fiberler kesilmeden monte edilebilir, kurulum s\u00fcresini azalt\u0131r ve sinyal kayb\u0131 risklerini en aza indirir.<\/li>\n<li data-start=\"581\" data-end=\"728\"><strong data-start=\"731\" data-end=\"762\">Hepsi Bir Arada Fiber Y\u00f6netimi<\/strong>: Tek bir kutu i\u00e7inde besleyici kablo s\u0131k\u0131\u015ft\u0131rma, damla kablo giri\u015fi, fiber ekleme, sabitleme, depolama ve da\u011f\u0131t\u0131m\u0131 destekler.<\/li>\n<li data-start=\"581\" data-end=\"728\"><strong data-start=\"891\" data-end=\"927\">Ba\u011f\u0131ms\u0131z Kablo Y\u00f6nlendirme Tasar\u0131m\u0131<\/strong>: Besleme kablolar\u0131, pigtailler ve patch kablolar, paraziti \u00f6nlemek ve d\u00fczg\u00fcn fiber y\u00f6netimi sa\u011flamak i\u00e7in ayr\u0131 yollardan ge\u00e7er.<\/li>\n<li data-start=\"581\" data-end=\"728\"><strong data-start=\"1057\" data-end=\"1093\">Mikro PLC Splitter Uyumlulu\u011fu<\/strong>: Esnek FTTx a\u011f tasar\u0131mlar\u0131 i\u00e7in uygun olan 1\u00d78 Mikro PLC ay\u0131r\u0131c\u0131 veya 1\u00d79 Mikro PLC ay\u0131r\u0131c\u0131 (e\u015fit olmayan spektral) kurulumunu destekler.<\/li>\n<li data-start=\"581\" data-end=\"728\"><strong data-start=\"1237\" data-end=\"1267\">Flip-Up Da\u011f\u0131t\u0131m Paneli<\/strong>: Dahili da\u011f\u0131t\u0131m paneli yukar\u0131 \u00e7evrilebilir ve h\u0131zl\u0131 kurulum ve bak\u0131m i\u00e7in ifade portu arac\u0131l\u0131\u011f\u0131yla besleme kablolar\u0131na kolay eri\u015fim sa\u011flar.<\/li>\n<li data-start=\"581\" data-end=\"728\"><strong data-start=\"1429\" data-end=\"1458\">Esnek Montaj Se\u00e7enekleri<\/strong>: Duvara veya dire\u011fe monte edilebilir, hem i\u00e7 hem de d\u0131\u015f mekan uygulamalar\u0131 i\u00e7in uygundur.<\/li>\n<li data-start=\"581\" data-end=\"728\"><strong data-start=\"1552\" data-end=\"1581\">G\u00fcvenilir Koruma Seviyesi<\/strong>: IP55 s\u0131n\u0131f\u0131 muhafaza, toza ve su s\u0131\u00e7ramalar\u0131na kar\u015f\u0131 koruma sa\u011flayarak \u00e7e\u015fitli ortamlarda istikrarl\u0131 performans sa\u011flar.<\/li>\n<\/ul>","protected":false},"excerpt":{"rendered":"<p>The FAT-8X fiber termination box is designed as a termination and distribution point between feeder cables and drop cables in [&hellip;]<\/p>\n","protected":false},"featured_media":6903,"template":"","meta":{"_acf_changed":false,"site-sidebar-layout":"default","site-content-layout":"","ast-site-content-layout":"default","site-content-style":"default","site-sidebar-style":"default","ast-global-header-display":"","ast-banner-title-visibility":"","ast-main-header-display":"","ast-hfb-above-header-display":"","ast-hfb-below-header-display":"","ast-hfb-mobile-header-display":"","site-post-title":"","ast-breadcrumbs-content":"","ast-featured-img":"","footer-sml-layout":"","ast-disable-related-posts":"","theme-transparent-header-meta":"default","adv-header-id-meta":"","stick-header-meta":"","header-above-stick-meta":"","header-main-stick-meta":"","header-below-stick-meta":"","astra-migrate-meta-layouts":"set","ast-page-background-enabled":"default","ast-page-background-meta":{"desktop":{"background-color":"var(--ast-global-color-5)","background-image":"","background-repeat":"repeat","background-position":"center center","background-size":"auto","background-attachment":"scroll","background-type":"","background-media":"","overlay-type":"","overlay-color":"","overlay-opacity":"","overlay-gradient":""},"tablet":{"background-color":"","background-image":"","background-repeat":"repeat","background-position":"center center","background-size":"auto","background-attachment":"scroll","background-type":"","background-media":"","overlay-type":"","overlay-color":"","overlay-opacity":"","overlay-gradient":""},"mobile":{"background-color":"","background-image":"","background-repeat":"repeat","background-position":"center center","background-size":"auto","background-attachment":"scroll","background-type":"","background-media":"","overlay-type":"","overlay-color":"","overlay-opacity":"","overlay-gradient":""}},"ast-content-background-meta":{"desktop":{"background-color":"var(--ast-global-color-4)","background-image":"","background-repeat":"repeat","background-position":"center center","background-size":"auto","background-attachment":"scroll","background-type":"","background-media":"","overlay-type":"","overlay-color":"","overlay-opacity":"","overlay-gradient":""},"tablet":{"background-color":"var(--ast-global-color-4)","background-image":"","background-repeat":"repeat","background-position":"center center","background-size":"auto","background-attachment":"scroll","background-type":"","background-media":"","overlay-type":"","overlay-color":"","overlay-opacity":"","overlay-gradient":""},"mobile":{"background-color":"var(--ast-global-color-4)","background-image":"","background-repeat":"repeat","background-position":"center center","background-size":"auto","background-attachment":"scroll","background-type":"","background-media":"","overlay-type":"","overlay-color":"","overlay-opacity":"","overlay-gradient":""}}},"product_brand":[],"product_cat":[39],"product_tag":[],"class_list":{"0":"post-6898","1":"product","2":"type-product","3":"status-publish","4":"has-post-thumbnail","6":"product_cat-fiber-optic-distribution-box","7":"desktop-align-left","8":"tablet-align-left","9":"mobile-align-left","11":"first","12":"instock","13":"shipping-taxable","14":"product-type-simple"},"acf":[],"_links":{"self":[{"href":"https:\/\/yfconnectivity.com\/tr\/wp-json\/wp\/v2\/product\/6898","targetHints":{"allow":["GET"]}}],"collection":[{"href":"https:\/\/yfconnectivity.com\/tr\/wp-json\/wp\/v2\/product"}],"about":[{"href":"https:\/\/yfconnectivity.com\/tr\/wp-json\/wp\/v2\/types\/product"}],"wp:featuredmedia":[{"embeddable":true,"href":"https:\/\/yfconnectivity.com\/tr\/wp-json\/wp\/v2\/media\/6903"}],"wp:attachment":[{"href":"https:\/\/yfconnectivity.com\/tr\/wp-json\/wp\/v2\/media?parent=6898"}],"wp:term":[{"taxonomy":"product_brand","embeddable":true,"href":"https:\/\/yfconnectivity.com\/tr\/wp-json\/wp\/v2\/product_brand?post=6898"},{"taxonomy":"product_cat","embeddable":true,"href":"https:\/\/yfconnectivity.com\/tr\/wp-json\/wp\/v2\/product_cat?post=6898"},{"taxonomy":"product_tag","embeddable":true,"href":"https:\/\/yfconnectivity.com\/tr\/wp-json\/wp\/v2\/product_tag?post=6898"}],"curies":[{"name":"wp","href":"https:\/\/api.w.org\/{rel}","templated":true}]}}