{"id":6317,"date":"2025-11-11T10:48:22","date_gmt":"2025-11-11T09:48:22","guid":{"rendered":"https:\/\/yfconnectivity.com\/?post_type=product&#038;p=6317"},"modified":"2026-01-22T07:10:47","modified_gmt":"2026-01-22T06:10:47","slug":"fiber-optik-hizli-saha-konnektoru-sc-apc","status":"publish","type":"product","link":"https:\/\/yfconnectivity.com\/tr\/product\/fiber-optic-fast-field-connector-sc-apc\/","title":{"rendered":"Fiber Optik H\u0131zl\u0131 Saha Konekt\u00f6r\u00fc SC APC"},"content":{"rendered":"<p data-start=\"172\" data-end=\"484\">SC\/APC Fiber Optik H\u0131zl\u0131 Konekt\u00f6r, epoksi veya cilalama gerektirmeden h\u0131zl\u0131, g\u00fcvenilir fiber sonland\u0131rmalar\u0131 i\u00e7in tasarlanm\u0131\u015f, \u00f6nceden cilalanm\u0131\u015f, sahada kurulabilir bir konekt\u00f6rd\u00fcr. H\u0131zl\u0131 da\u011f\u0131t\u0131m ve istikrarl\u0131 performans\u0131n gerekli oldu\u011fu FTTH, veri merkezi ve saha bak\u0131m uygulamalar\u0131 i\u00e7in idealdir.<\/p>\n<p data-start=\"486\" data-end=\"773\">Bu konnekt\u00f6r, yerinde fiber sonland\u0131rma i\u00e7in verimli bir \u00e7\u00f6z\u00fcm sunar - basit\u00e7e soyun, ay\u0131r\u0131n, tak\u0131n ve kelep\u00e7eleyin. Dahili hassas seramik y\u00fcks\u00fck, d\u00fc\u015f\u00fck ekleme kayb\u0131 ve m\u00fckemmel geri d\u00f6n\u00fc\u015f kayb\u0131 sa\u011flayarak zorlu ortamlarda bile tutarl\u0131 optik performans sunar.<\/p>\n<p data-start=\"775\" data-end=\"1040\">Kompakt ve yeniden kullan\u0131labilir SC\/APC h\u0131zl\u0131 konnekt\u00f6r, uzun s\u00fcreli dayan\u0131kl\u0131l\u0131\u011f\u0131 ve istikrarl\u0131 iletim kalitesini korurken kurulum i\u015fini basitle\u015ftirir. Tek modlu fiberler i\u00e7in m\u00fckemmel \u015fekilde uygundur, 3.0\u00d72.0mm ve 1.6\u00d72.0mm yay tipi drop kablolarla uyumludur.<\/p>\n<p data-start=\"1047\" data-end=\"1067\"><strong>Temel \u00d6zellikler<\/strong><\/p>\n<ul>\n<li data-start=\"1071\" data-end=\"1281\"><strong data-start=\"1071\" data-end=\"1107\">H\u0131zl\u0131 ve Aletsiz Kurulum<\/strong><br data-start=\"1107\" data-end=\"1110\" \/>H\u0131zl\u0131 saha montaj\u0131 i\u00e7in tasarlanan konnekt\u00f6r, cilaya veya yap\u0131\u015ft\u0131r\u0131c\u0131ya ihtiya\u00e7 duymadan \u00fc\u00e7 dakikadan k\u0131sa bir s\u00fcrede monte edilebilir; bu da i\u015f\u00e7ilik s\u00fcresinden ve maliyetten tasarruf sa\u011flar.<\/li>\n<li data-start=\"1071\" data-end=\"1281\"><strong data-start=\"1285\" data-end=\"1315\">Kararl\u0131 Optik Performans<\/strong><br data-start=\"1315\" data-end=\"1318\" \/>\u0130stikrarl\u0131 optik hizalamay\u0131 garanti eden, g\u00fcvenilir veri iletimi i\u00e7in d\u00fc\u015f\u00fck ekleme kayb\u0131 ve y\u00fcksek geri d\u00f6n\u00fc\u015f kayb\u0131 sa\u011flayan y\u00fcksek hassasiyetli seramik halka ile donat\u0131lm\u0131\u015ft\u0131r.<\/li>\n<li data-start=\"1071\" data-end=\"1281\"><strong data-start=\"1497\" data-end=\"1525\">Kompakt, Yeniden Kullan\u0131labilir Tasar\u0131m<\/strong><br data-start=\"1525\" data-end=\"1528\" \/>Konnekt\u00f6r, performanstan \u00f6d\u00fcn vermeden birden \u00e7ok kez yeniden kullan\u0131labilir ve bu da onu tekrarlanan saha operasyonlar\u0131 veya test ortamlar\u0131 i\u00e7in uygun maliyetli bir se\u00e7im haline getirir.<\/li>\n<li data-start=\"1071\" data-end=\"1281\"><strong data-start=\"1703\" data-end=\"1740\">Dayan\u0131kl\u0131 ve G\u00fcvenilir Yap\u0131<\/strong><br data-start=\"1740\" data-end=\"1743\" \/>S\u0131cakl\u0131k de\u011fi\u015fimlerine, gerilme stresine ve mekanik a\u015f\u0131nmaya kar\u015f\u0131 diren\u00e7 sa\u011flayan end\u00fcstriyel s\u0131n\u0131f plastik ve metal bile\u015fenlerden \u00fcretilmi\u015ftir.<\/li>\n<li data-start=\"1071\" data-end=\"1281\"><strong data-start=\"1907\" data-end=\"1933\">Geni\u015f Uygulama Aral\u0131\u011f\u0131<\/strong><br data-start=\"1933\" data-end=\"1936\" \/>FTTH, LAN, CATV ve veri merkezi ba\u011flant\u0131lar\u0131 i\u00e7in idealdir ve hem yeni kurulumlar\u0131 hem de acil fiber onar\u0131mlar\u0131n\u0131 destekler.<\/li>\n<\/ul>","protected":false},"excerpt":{"rendered":"<p>The SC\/APC Fiber Optic Fast Connector is a pre-polished, field-installable connector designed for quick, reliable fiber terminations without the need [&hellip;]<\/p>\n","protected":false},"featured_media":6321,"template":"","meta":{"_acf_changed":false,"site-sidebar-layout":"default","site-content-layout":"","ast-site-content-layout":"default","site-content-style":"default","site-sidebar-style":"default","ast-global-header-display":"","ast-banner-title-visibility":"","ast-main-header-display":"","ast-hfb-above-header-display":"","ast-hfb-below-header-display":"","ast-hfb-mobile-header-display":"","site-post-title":"","ast-breadcrumbs-content":"","ast-featured-img":"","footer-sml-layout":"","ast-disable-related-posts":"","theme-transparent-header-meta":"default","adv-header-id-meta":"","stick-header-meta":"","header-above-stick-meta":"","header-main-stick-meta":"","header-below-stick-meta":"","astra-migrate-meta-layouts":"set","ast-page-background-enabled":"default","ast-page-background-meta":{"desktop":{"background-color":"var(--ast-global-color-5)","background-image":"","background-repeat":"repeat","background-position":"center center","background-size":"auto","background-attachment":"scroll","background-type":"","background-media":"","overlay-type":"","overlay-color":"","overlay-opacity":"","overlay-gradient":""},"tablet":{"background-color":"","background-image":"","background-repeat":"repeat","background-position":"center center","background-size":"auto","background-attachment":"scroll","background-type":"","background-media":"","overlay-type":"","overlay-color":"","overlay-opacity":"","overlay-gradient":""},"mobile":{"background-color":"","background-image":"","background-repeat":"repeat","background-position":"center center","background-size":"auto","background-attachment":"scroll","background-type":"","background-media":"","overlay-type":"","overlay-color":"","overlay-opacity":"","overlay-gradient":""}},"ast-content-background-meta":{"desktop":{"background-color":"var(--ast-global-color-4)","background-image":"","background-repeat":"repeat","background-position":"center center","background-size":"auto","background-attachment":"scroll","background-type":"","background-media":"","overlay-type":"","overlay-color":"","overlay-opacity":"","overlay-gradient":""},"tablet":{"background-color":"var(--ast-global-color-4)","background-image":"","background-repeat":"repeat","background-position":"center center","background-size":"auto","background-attachment":"scroll","background-type":"","background-media":"","overlay-type":"","overlay-color":"","overlay-opacity":"","overlay-gradient":""},"mobile":{"background-color":"var(--ast-global-color-4)","background-image":"","background-repeat":"repeat","background-position":"center center","background-size":"auto","background-attachment":"scroll","background-type":"","background-media":"","overlay-type":"","overlay-color":"","overlay-opacity":"","overlay-gradient":""}}},"product_brand":[],"product_cat":[68],"product_tag":[],"class_list":{"0":"post-6317","1":"product","2":"type-product","3":"status-publish","4":"has-post-thumbnail","6":"product_cat-fiber-optic-fast-connector","7":"desktop-align-left","8":"tablet-align-left","9":"mobile-align-left","11":"first","12":"instock","13":"shipping-taxable","14":"product-type-simple"},"acf":[],"_links":{"self":[{"href":"https:\/\/yfconnectivity.com\/tr\/wp-json\/wp\/v2\/product\/6317","targetHints":{"allow":["GET"]}}],"collection":[{"href":"https:\/\/yfconnectivity.com\/tr\/wp-json\/wp\/v2\/product"}],"about":[{"href":"https:\/\/yfconnectivity.com\/tr\/wp-json\/wp\/v2\/types\/product"}],"wp:featuredmedia":[{"embeddable":true,"href":"https:\/\/yfconnectivity.com\/tr\/wp-json\/wp\/v2\/media\/6321"}],"wp:attachment":[{"href":"https:\/\/yfconnectivity.com\/tr\/wp-json\/wp\/v2\/media?parent=6317"}],"wp:term":[{"taxonomy":"product_brand","embeddable":true,"href":"https:\/\/yfconnectivity.com\/tr\/wp-json\/wp\/v2\/product_brand?post=6317"},{"taxonomy":"product_cat","embeddable":true,"href":"https:\/\/yfconnectivity.com\/tr\/wp-json\/wp\/v2\/product_cat?post=6317"},{"taxonomy":"product_tag","embeddable":true,"href":"https:\/\/yfconnectivity.com\/tr\/wp-json\/wp\/v2\/product_tag?post=6317"}],"curies":[{"name":"wp","href":"https:\/\/api.w.org\/{rel}","templated":true}]}}