{"id":6239,"date":"2025-11-05T08:15:07","date_gmt":"2025-11-05T07:15:07","guid":{"rendered":"https:\/\/yfconnectivity.com\/?post_type=product&#038;p=6239"},"modified":"2025-11-05T08:29:28","modified_gmt":"2025-11-05T07:29:28","slug":"dome-fiber-ekleme-kutusu-yf144a01","status":"publish","type":"product","link":"https:\/\/yfconnectivity.com\/tr\/product\/dome-fiber-splice-box-yf144a01\/","title":{"rendered":"Fiber Optik Kubbe Ek Kapatma-YF144-A01"},"content":{"rendered":"<p data-start=\"206\" data-end=\"753\">144 Core Dome Fiber Optik Ekleme Kapa\u011f\u0131, d\u0131\u015f ortamlarda fiber optik ekleme noktalar\u0131n\u0131 korumak i\u00e7in tasarlanm\u0131\u015f dayan\u0131kl\u0131 ve y\u00fcksek kapasiteli bir muhafazad\u0131r. Hava, yeralt\u0131, boru hatt\u0131 ve el deli\u011fi kurulumlar\u0131 i\u00e7in uzun vadeli g\u00fcvenilirlik sa\u011flar. Hassas m\u00fchendislikle \u00fcretilen ve birinci s\u0131n\u0131f plastikten yap\u0131lan bu kapak, m\u00fckemmel mekanik mukavemet, s\u0131zd\u0131rmazl\u0131k performans\u0131 ve \u00e7evresel diren\u00e7 sa\u011flar. Stabilite ve koruman\u0131n gerekli oldu\u011fu FTTH, omurga ve eri\u015fim a\u011f\u0131 uygulamalar\u0131nda yayg\u0131n olarak kullan\u0131l\u0131r.<\/p>\n<p data-start=\"760\" data-end=\"780\"><strong data-start=\"764\" data-end=\"780\">Temel \u00d6zellikler<\/strong><\/p>\n<ul>\n<li data-start=\"784\" data-end=\"1060\"><strong data-start=\"784\" data-end=\"814\">Mekanik S\u0131zd\u0131rmazl\u0131k Tasar\u0131m\u0131:<\/strong><br data-start=\"814\" data-end=\"817\" \/>Kolay yeniden giri\u015fe izin veren ve zaman i\u00e7inde istikrarl\u0131 performans sa\u011flayan geli\u015fmi\u015f bir mekanik s\u0131zd\u0131rmazl\u0131k sistemi kullan\u0131r. Tasar\u0131m, m\u00fckemmel hava s\u0131zd\u0131rmazl\u0131\u011f\u0131 ve su direncini korurken ek s\u0131zd\u0131rmazl\u0131k malzemelerine olan ihtiyac\u0131 en aza indirir.<\/li>\n<li data-start=\"784\" data-end=\"1060\"><strong data-start=\"1064\" data-end=\"1105\">Y\u00fcksek Kaliteli End\u00fcstriyel Plastik G\u00f6vde:<\/strong><br data-start=\"1105\" data-end=\"1108\" \/>Darbeye dayan\u0131kl\u0131, korozyon \u00f6nleyici ve UV \u0131\u015f\u0131nlar\u0131na dayan\u0131kl\u0131 m\u00fchendislik plasti\u011finden \u00fcretilen kapak, deformasyon veya \u00e7atlama olmadan a\u015f\u0131r\u0131 hava ko\u015fullar\u0131na ve uzun s\u00fcreli d\u0131\u015f mekan maruziyetine dayan\u0131r.<\/li>\n<li data-start=\"784\" data-end=\"1060\"><strong data-start=\"1307\" data-end=\"1347\">Geni\u015f Kablo Uyumlulu\u011fu (\u00d810-25mm):<\/strong><br data-start=\"1347\" data-end=\"1350\" \/>6 giri\u015f\/\u00e7\u0131k\u0131\u015f portu, 10 mm'den 25 mm'ye kadar geni\u015f bir kablo \u00e7ap\u0131 yelpazesini destekleyerek farkl\u0131 kurulum ortamlar\u0131 ve fiber a\u011f tasar\u0131mlar\u0131 i\u00e7in esneklik sunar.<\/li>\n<li data-start=\"784\" data-end=\"1060\"><strong data-start=\"1531\" data-end=\"1566\">\u00c7ok Y\u00f6nl\u00fc Kurulum Se\u00e7enekleri:<\/strong><br data-start=\"1566\" data-end=\"1569\" \/>Hava, yeralt\u0131, boru hatt\u0131 ve menhol kurulumlar\u0131 dahil olmak \u00fczere birden fazla da\u011f\u0131t\u0131m y\u00f6ntemi i\u00e7in uygundur ve \u00e7e\u015fitli saha ko\u015fullar\u0131na uyarlanabilir.<\/li>\n<li data-start=\"784\" data-end=\"1060\"><strong data-start=\"1737\" data-end=\"1770\">Y\u00fcksek Koruma Seviyesi (IP68):<\/strong><br data-start=\"1770\" data-end=\"1773\" \/>IP68 s\u0131n\u0131f\u0131 s\u0131zd\u0131rmazl\u0131k sa\u011flayarak toz ve su giri\u015fine kar\u015f\u0131 tam koruma sa\u011flar. Bu, kapa\u011f\u0131n nemli, ya\u011fmurlu veya suya batm\u0131\u015f ortamlarda bile istikrarl\u0131 optik performans\u0131 s\u00fcrd\u00fcrmesini sa\u011flar.<\/li>\n<li data-start=\"784\" data-end=\"1060\"><strong data-start=\"1984\" data-end=\"2028\">360\u00b0 Eri\u015fim ve Uygun Fiber Y\u00f6netimi:<\/strong><br data-start=\"2028\" data-end=\"2031\" \/>\u0130\u00e7 yap\u0131, teknisyenler i\u00e7in 360 derecelik eri\u015fim sunarak daha kolay ekleme, yeniden giri\u015f ve bak\u0131m sa\u011flar. Tasar\u0131m, &gt;40 mm'lik minimum fiber b\u00fck\u00fclme yar\u0131\u00e7ap\u0131n\u0131 koruyarak sinyal zay\u0131flamas\u0131n\u0131 etkili bir \u015fekilde \u00f6nler.<\/li>\n<li data-start=\"784\" data-end=\"1060\"><strong data-start=\"2267\" data-end=\"2312\">B\u00fcy\u00fck Kapasite (144 Elyaf, 6\u00d724F Tepsiler):<\/strong><br data-start=\"2312\" data-end=\"2315\" \/>Her biri 24 fiber tutan 6 ekleme tepsisi ile 144 fibere kadar bar\u0131nd\u0131r\u0131r. Tepsi tasar\u0131m\u0131, y\u00fcksek yo\u011funluklu ba\u011flant\u0131lar i\u00e7in net organizasyon, g\u00fcvenli sabitleme ve verimli alan kullan\u0131m\u0131 sa\u011flar.<\/li>\n<\/ul>","protected":false},"excerpt":{"rendered":"<p>The 144 Core Dome Fiber Optic Splice Closure is a durable and high-capacity enclosure designed to protect fiber optic splicing [&hellip;]<\/p>\n","protected":false},"featured_media":6240,"template":"","meta":{"_acf_changed":false,"site-sidebar-layout":"default","site-content-layout":"","ast-site-content-layout":"default","site-content-style":"default","site-sidebar-style":"default","ast-global-header-display":"","ast-banner-title-visibility":"","ast-main-header-display":"","ast-hfb-above-header-display":"","ast-hfb-below-header-display":"","ast-hfb-mobile-header-display":"","site-post-title":"","ast-breadcrumbs-content":"","ast-featured-img":"","footer-sml-layout":"","ast-disable-related-posts":"","theme-transparent-header-meta":"default","adv-header-id-meta":"","stick-header-meta":"","header-above-stick-meta":"","header-main-stick-meta":"","header-below-stick-meta":"","astra-migrate-meta-layouts":"set","ast-page-background-enabled":"default","ast-page-background-meta":{"desktop":{"background-color":"var(--ast-global-color-5)","background-image":"","background-repeat":"repeat","background-position":"center center","background-size":"auto","background-attachment":"scroll","background-type":"","background-media":"","overlay-type":"","overlay-color":"","overlay-opacity":"","overlay-gradient":""},"tablet":{"background-color":"","background-image":"","background-repeat":"repeat","background-position":"center center","background-size":"auto","background-attachment":"scroll","background-type":"","background-media":"","overlay-type":"","overlay-color":"","overlay-opacity":"","overlay-gradient":""},"mobile":{"background-color":"","background-image":"","background-repeat":"repeat","background-position":"center center","background-size":"auto","background-attachment":"scroll","background-type":"","background-media":"","overlay-type":"","overlay-color":"","overlay-opacity":"","overlay-gradient":""}},"ast-content-background-meta":{"desktop":{"background-color":"var(--ast-global-color-4)","background-image":"","background-repeat":"repeat","background-position":"center center","background-size":"auto","background-attachment":"scroll","background-type":"","background-media":"","overlay-type":"","overlay-color":"","overlay-opacity":"","overlay-gradient":""},"tablet":{"background-color":"var(--ast-global-color-4)","background-image":"","background-repeat":"repeat","background-position":"center center","background-size":"auto","background-attachment":"scroll","background-type":"","background-media":"","overlay-type":"","overlay-color":"","overlay-opacity":"","overlay-gradient":""},"mobile":{"background-color":"var(--ast-global-color-4)","background-image":"","background-repeat":"repeat","background-position":"center center","background-size":"auto","background-attachment":"scroll","background-type":"","background-media":"","overlay-type":"","overlay-color":"","overlay-opacity":"","overlay-gradient":""}}},"product_brand":[],"product_cat":[38],"product_tag":[],"class_list":{"0":"post-6239","1":"product","2":"type-product","3":"status-publish","4":"has-post-thumbnail","6":"product_cat-fiber-optic-splice-box","7":"desktop-align-left","8":"tablet-align-left","9":"mobile-align-left","11":"first","12":"instock","13":"shipping-taxable","14":"product-type-simple"},"acf":[],"_links":{"self":[{"href":"https:\/\/yfconnectivity.com\/tr\/wp-json\/wp\/v2\/product\/6239","targetHints":{"allow":["GET"]}}],"collection":[{"href":"https:\/\/yfconnectivity.com\/tr\/wp-json\/wp\/v2\/product"}],"about":[{"href":"https:\/\/yfconnectivity.com\/tr\/wp-json\/wp\/v2\/types\/product"}],"wp:featuredmedia":[{"embeddable":true,"href":"https:\/\/yfconnectivity.com\/tr\/wp-json\/wp\/v2\/media\/6240"}],"wp:attachment":[{"href":"https:\/\/yfconnectivity.com\/tr\/wp-json\/wp\/v2\/media?parent=6239"}],"wp:term":[{"taxonomy":"product_brand","embeddable":true,"href":"https:\/\/yfconnectivity.com\/tr\/wp-json\/wp\/v2\/product_brand?post=6239"},{"taxonomy":"product_cat","embeddable":true,"href":"https:\/\/yfconnectivity.com\/tr\/wp-json\/wp\/v2\/product_cat?post=6239"},{"taxonomy":"product_tag","embeddable":true,"href":"https:\/\/yfconnectivity.com\/tr\/wp-json\/wp\/v2\/product_tag?post=6239"}],"curies":[{"name":"wp","href":"https:\/\/api.w.org\/{rel}","templated":true}]}}