{"id":6233,"date":"2025-11-05T03:00:28","date_gmt":"2025-11-05T02:00:28","guid":{"rendered":"https:\/\/yfconnectivity.com\/?post_type=product&#038;p=6233"},"modified":"2025-11-05T03:46:46","modified_gmt":"2025-11-05T02:46:46","slug":"optik-dagitim-cercevesi-odf-72-port","status":"publish","type":"product","link":"https:\/\/yfconnectivity.com\/tr\/product\/optical-distribution-frame-odf-72-port\/","title":{"rendered":"Optik Da\u011f\u0131t\u0131m \u00c7er\u00e7evesi (ODF) 72 SC SX\/LC DX"},"content":{"rendered":"<p data-start=\"145\" data-end=\"492\">72 Portlu Optik Da\u011f\u0131t\u0131m \u00c7er\u00e7evesi (ODF), telekom a\u011flar\u0131, veri merkezleri ve fiber eri\u015fim sistemleri i\u00e7in tasarlanm\u0131\u015f y\u00fcksek yo\u011funluklu bir fiber y\u00f6netim \u00e7\u00f6z\u00fcm\u00fcd\u00fcr. \u015e\u0131k siyah toz boya kaplamal\u0131 birinci s\u0131n\u0131f SPCC so\u011fuk haddelenmi\u015f \u00e7elikten \u00fcretilen bu rafa monte \u00fcnite, dayan\u0131kl\u0131l\u0131k, korozyon direnci ve profesyonel bir g\u00f6r\u00fcn\u00fcm sa\u011flar.<\/p>\n<p data-start=\"494\" data-end=\"857\">ODF, 72 SC simpleks veya 72 LC dupleks adapt\u00f6r i\u00e7in d\u00fczenli ve g\u00fcvenli y\u00f6netim sa\u011flayarak fiber ekleme, sonland\u0131rma ve yamalama i\u015flemlerini tek bir muhafazada birle\u015ftirir. Kayd\u0131r\u0131labilir tepsi tasar\u0131m\u0131 kurulum ve bak\u0131m\u0131 basitle\u015ftirirken, dahili kablo y\u00f6nlendirme ve koruyucu yap\u0131 b\u00fck\u00fclme kayb\u0131n\u0131 en aza indirir ve istikrarl\u0131 performans sa\u011flar.<\/p>\n<p data-start=\"859\" data-end=\"1164\">430\u00d7202\u00d7130 mm'lik kompakt boyutuyla bu optik da\u011f\u0131t\u0131m \u00e7er\u00e7evesi, de\u011ferli raf alan\u0131ndan tasarruf sa\u011flar ve \u00e7e\u015fitli fiber a\u011f uygulamalar\u0131 i\u00e7in esnek yap\u0131land\u0131rma sunar. G\u00fcvenilir ve verimli kablo y\u00f6netimi gerektiren telekom odalar\u0131, ekipman dolaplar\u0131 ve optik ileti\u015fim sistemleri i\u00e7in idealdir.<\/p>","protected":false},"excerpt":{"rendered":"<p>72 Port Optical Distribution Frame (ODF) is a high-density fiber management solution designed for telecom networks, data centers, and fiber [&hellip;]<\/p>\n","protected":false},"featured_media":6234,"template":"","meta":{"_acf_changed":false,"site-sidebar-layout":"default","site-content-layout":"","ast-site-content-layout":"default","site-content-style":"default","site-sidebar-style":"default","ast-global-header-display":"","ast-banner-title-visibility":"","ast-main-header-display":"","ast-hfb-above-header-display":"","ast-hfb-below-header-display":"","ast-hfb-mobile-header-display":"","site-post-title":"","ast-breadcrumbs-content":"","ast-featured-img":"","footer-sml-layout":"","ast-disable-related-posts":"","theme-transparent-header-meta":"default","adv-header-id-meta":"","stick-header-meta":"","header-above-stick-meta":"","header-main-stick-meta":"","header-below-stick-meta":"","astra-migrate-meta-layouts":"set","ast-page-background-enabled":"default","ast-page-background-meta":{"desktop":{"background-color":"var(--ast-global-color-5)","background-image":"","background-repeat":"repeat","background-position":"center center","background-size":"auto","background-attachment":"scroll","background-type":"","background-media":"","overlay-type":"","overlay-color":"","overlay-opacity":"","overlay-gradient":""},"tablet":{"background-color":"","background-image":"","background-repeat":"repeat","background-position":"center center","background-size":"auto","background-attachment":"scroll","background-type":"","background-media":"","overlay-type":"","overlay-color":"","overlay-opacity":"","overlay-gradient":""},"mobile":{"background-color":"","background-image":"","background-repeat":"repeat","background-position":"center center","background-size":"auto","background-attachment":"scroll","background-type":"","background-media":"","overlay-type":"","overlay-color":"","overlay-opacity":"","overlay-gradient":""}},"ast-content-background-meta":{"desktop":{"background-color":"var(--ast-global-color-4)","background-image":"","background-repeat":"repeat","background-position":"center center","background-size":"auto","background-attachment":"scroll","background-type":"","background-media":"","overlay-type":"","overlay-color":"","overlay-opacity":"","overlay-gradient":""},"tablet":{"background-color":"var(--ast-global-color-4)","background-image":"","background-repeat":"repeat","background-position":"center center","background-size":"auto","background-attachment":"scroll","background-type":"","background-media":"","overlay-type":"","overlay-color":"","overlay-opacity":"","overlay-gradient":""},"mobile":{"background-color":"var(--ast-global-color-4)","background-image":"","background-repeat":"repeat","background-position":"center center","background-size":"auto","background-attachment":"scroll","background-type":"","background-media":"","overlay-type":"","overlay-color":"","overlay-opacity":"","overlay-gradient":""}}},"product_brand":[],"product_cat":[41],"product_tag":[],"class_list":{"0":"post-6233","1":"product","2":"type-product","3":"status-publish","4":"has-post-thumbnail","6":"product_cat-optical-distribution-frame","7":"desktop-align-left","8":"tablet-align-left","9":"mobile-align-left","11":"first","12":"instock","13":"shipping-taxable","14":"product-type-simple"},"acf":[],"_links":{"self":[{"href":"https:\/\/yfconnectivity.com\/tr\/wp-json\/wp\/v2\/product\/6233","targetHints":{"allow":["GET"]}}],"collection":[{"href":"https:\/\/yfconnectivity.com\/tr\/wp-json\/wp\/v2\/product"}],"about":[{"href":"https:\/\/yfconnectivity.com\/tr\/wp-json\/wp\/v2\/types\/product"}],"wp:featuredmedia":[{"embeddable":true,"href":"https:\/\/yfconnectivity.com\/tr\/wp-json\/wp\/v2\/media\/6234"}],"wp:attachment":[{"href":"https:\/\/yfconnectivity.com\/tr\/wp-json\/wp\/v2\/media?parent=6233"}],"wp:term":[{"taxonomy":"product_brand","embeddable":true,"href":"https:\/\/yfconnectivity.com\/tr\/wp-json\/wp\/v2\/product_brand?post=6233"},{"taxonomy":"product_cat","embeddable":true,"href":"https:\/\/yfconnectivity.com\/tr\/wp-json\/wp\/v2\/product_cat?post=6233"},{"taxonomy":"product_tag","embeddable":true,"href":"https:\/\/yfconnectivity.com\/tr\/wp-json\/wp\/v2\/product_tag?post=6233"}],"curies":[{"name":"wp","href":"https:\/\/api.w.org\/{rel}","templated":true}]}}