{"id":5912,"date":"2025-09-29T09:17:59","date_gmt":"2025-09-29T08:17:59","guid":{"rendered":"https:\/\/yfconnectivity.com\/?post_type=product&#038;p=5912"},"modified":"2025-09-29T09:19:56","modified_gmt":"2025-09-29T08:19:56","slug":"mpo-12-lc-simpleks-koparma-fiber-kablosu","status":"publish","type":"product","link":"https:\/\/yfconnectivity.com\/tr\/product\/mpo-to-12-lc-simplex-breakout-fiber-cable\/","title":{"rendered":"MPO - 12 LC Simplex Koparma Fiber Kablo"},"content":{"rendered":"<p data-start=\"126\" data-end=\"510\">Bu <strong data-start=\"130\" data-end=\"193\">MPO - 12 LC Simplex Tek Modlu Koparma Fiber Yama Kablosu<\/strong> modern veri merkezlerinde ve telekom a\u011flar\u0131nda verimli fiber y\u00f6netimi i\u00e7in tasarlanm\u0131\u015f y\u00fcksek yo\u011funluklu bir kablolama \u00e7\u00f6z\u00fcm\u00fcd\u00fcr. Bir ucunda bir MPO konekt\u00f6r\u00fc ve di\u011fer ucunda on iki LC simpleks konekt\u00f6r\u00fc bulunan bu koparma kablosu, omurga MPO ana kablolar\u0131ndan bireysel LC ba\u011flant\u0131lar\u0131na sorunsuz ge\u00e7i\u015f sa\u011flar.<\/p>\n<p data-start=\"512\" data-end=\"797\">\u0130le \u00fcretilmi\u015ftir <strong data-start=\"530\" data-end=\"555\">OS2 tek modlu fiber<\/strong>m\u00fckemmel optik performans sunar ve a\u015fa\u011f\u0131dakileri destekler <strong data-start=\"612\" data-end=\"650\">10G\/40G\/100G Ethernet iletimi<\/strong> uzun mesafeler boyunca. Fanout tasar\u0131m\u0131 \u015funlar\u0131 sa\u011flar <strong data-start=\"698\" data-end=\"725\">D\u00fczenli kablo y\u00f6nlendirme<\/strong>Y\u00fcksek g\u00fcvenilirli\u011fi korurken kurulum karma\u015f\u0131kl\u0131\u011f\u0131n\u0131 azalt\u0131r.<\/p>\n<p data-start=\"799\" data-end=\"982\">Bu ara kablo \u00f6zellikle a\u015fa\u011f\u0131dakiler i\u00e7in uygundur <strong data-start=\"844\" data-end=\"901\">raf sistemleri, patch paneller ve ekipman ba\u011flant\u0131lar\u0131<\/strong> Alan ve performans\u0131n e\u015fit derecede kritik oldu\u011fu y\u00fcksek yo\u011funluklu ortamlarda.<\/p>","protected":false},"excerpt":{"rendered":"<p>The MPO to 12 LC Simplex Single Mode Breakout Fiber Patch Cable is a high-density cabling solution designed for efficient [&hellip;]<\/p>\n","protected":false},"featured_media":5915,"template":"","meta":{"_acf_changed":false,"site-sidebar-layout":"default","site-content-layout":"","ast-site-content-layout":"default","site-content-style":"default","site-sidebar-style":"default","ast-global-header-display":"","ast-banner-title-visibility":"","ast-main-header-display":"","ast-hfb-above-header-display":"","ast-hfb-below-header-display":"","ast-hfb-mobile-header-display":"","site-post-title":"","ast-breadcrumbs-content":"","ast-featured-img":"","footer-sml-layout":"","ast-disable-related-posts":"","theme-transparent-header-meta":"default","adv-header-id-meta":"","stick-header-meta":"","header-above-stick-meta":"","header-main-stick-meta":"","header-below-stick-meta":"","astra-migrate-meta-layouts":"set","ast-page-background-enabled":"default","ast-page-background-meta":{"desktop":{"background-color":"var(--ast-global-color-5)","background-image":"","background-repeat":"repeat","background-position":"center center","background-size":"auto","background-attachment":"scroll","background-type":"","background-media":"","overlay-type":"","overlay-color":"","overlay-opacity":"","overlay-gradient":""},"tablet":{"background-color":"","background-image":"","background-repeat":"repeat","background-position":"center center","background-size":"auto","background-attachment":"scroll","background-type":"","background-media":"","overlay-type":"","overlay-color":"","overlay-opacity":"","overlay-gradient":""},"mobile":{"background-color":"","background-image":"","background-repeat":"repeat","background-position":"center center","background-size":"auto","background-attachment":"scroll","background-type":"","background-media":"","overlay-type":"","overlay-color":"","overlay-opacity":"","overlay-gradient":""}},"ast-content-background-meta":{"desktop":{"background-color":"var(--ast-global-color-4)","background-image":"","background-repeat":"repeat","background-position":"center center","background-size":"auto","background-attachment":"scroll","background-type":"","background-media":"","overlay-type":"","overlay-color":"","overlay-opacity":"","overlay-gradient":""},"tablet":{"background-color":"var(--ast-global-color-4)","background-image":"","background-repeat":"repeat","background-position":"center center","background-size":"auto","background-attachment":"scroll","background-type":"","background-media":"","overlay-type":"","overlay-color":"","overlay-opacity":"","overlay-gradient":""},"mobile":{"background-color":"var(--ast-global-color-4)","background-image":"","background-repeat":"repeat","background-position":"center center","background-size":"auto","background-attachment":"scroll","background-type":"","background-media":"","overlay-type":"","overlay-color":"","overlay-opacity":"","overlay-gradient":""}}},"product_brand":[],"product_cat":[40],"product_tag":[],"class_list":{"0":"post-5912","1":"product","2":"type-product","3":"status-publish","4":"has-post-thumbnail","6":"product_cat-mpo-mpt-patch-cables","7":"desktop-align-left","8":"tablet-align-left","9":"mobile-align-left","11":"first","12":"instock","13":"shipping-taxable","14":"product-type-simple"},"acf":[],"_links":{"self":[{"href":"https:\/\/yfconnectivity.com\/tr\/wp-json\/wp\/v2\/product\/5912","targetHints":{"allow":["GET"]}}],"collection":[{"href":"https:\/\/yfconnectivity.com\/tr\/wp-json\/wp\/v2\/product"}],"about":[{"href":"https:\/\/yfconnectivity.com\/tr\/wp-json\/wp\/v2\/types\/product"}],"wp:featuredmedia":[{"embeddable":true,"href":"https:\/\/yfconnectivity.com\/tr\/wp-json\/wp\/v2\/media\/5915"}],"wp:attachment":[{"href":"https:\/\/yfconnectivity.com\/tr\/wp-json\/wp\/v2\/media?parent=5912"}],"wp:term":[{"taxonomy":"product_brand","embeddable":true,"href":"https:\/\/yfconnectivity.com\/tr\/wp-json\/wp\/v2\/product_brand?post=5912"},{"taxonomy":"product_cat","embeddable":true,"href":"https:\/\/yfconnectivity.com\/tr\/wp-json\/wp\/v2\/product_cat?post=5912"},{"taxonomy":"product_tag","embeddable":true,"href":"https:\/\/yfconnectivity.com\/tr\/wp-json\/wp\/v2\/product_tag?post=5912"}],"curies":[{"name":"wp","href":"https:\/\/api.w.org\/{rel}","templated":true}]}}