{"id":5764,"date":"2025-09-09T10:01:32","date_gmt":"2025-09-09T09:01:32","guid":{"rendered":"https:\/\/yfconnectivity.com\/?post_type=product&#038;p=5764"},"modified":"2025-09-10T10:08:01","modified_gmt":"2025-09-10T09:08:01","slug":"mpo-4sc-ara-baglanti-kablosu","status":"publish","type":"product","link":"https:\/\/yfconnectivity.com\/tr\/product\/mpo-to-4sc-breakout-patch-cable\/","title":{"rendered":"MPO - 4 x SC \u00c7ift Y\u00f6nl\u00fc Koparma Yama Kablosu"},"content":{"rendered":"<p>MPO - 4xSC Duplex Breakout OM4 Patch Kablo, alan ve performans\u0131n kritik oldu\u011fu y\u00fcksek yo\u011funluklu fiber optik kablolama sistemleri i\u00e7in tasarlanm\u0131\u015ft\u0131r. Bir taraf\u0131nda MPO konekt\u00f6r\u00fc ve di\u011fer taraf\u0131nda d\u00f6rt SC dubleks konekt\u00f6r\u00fc bulunan bu koparma kablosu, verimli paralel-dubleks fiber d\u00f6n\u00fc\u015f\u00fcm\u00fc sa\u011flayarak modern veri merkezlerinde yap\u0131land\u0131r\u0131lm\u0131\u015f kablolama i\u00e7in idealdir.<\/p>\n<p>OM4 \u00e7ok modlu fiber ile \u00fcretilen kablo, 40G\/100G Ethernet uygulamalar\u0131n\u0131 destekler ve m\u00fckemmel sinyal b\u00fct\u00fcnl\u00fc\u011f\u00fc ile d\u00fc\u015f\u00fck ekleme kayb\u0131 sa\u011flar. Fanout tasar\u0131m\u0131, raflardaki ve panellerdeki t\u0131kan\u0131kl\u0131\u011f\u0131 en aza indirirken, dayan\u0131kl\u0131 d\u0131\u015f k\u0131l\u0131f uzun s\u00fcreli g\u00fcvenilirlik i\u00e7in mekanik koruma sa\u011flar.<\/p>\n<p>Bu koparma ba\u011flant\u0131 kablosu, esnek ba\u011flant\u0131 ve y\u00fcksek yo\u011funluklu fiber y\u00f6netiminin gerekli oldu\u011fu veri merkezlerinde, kurumsal a\u011flarda ve y\u00fcksek performansl\u0131 bilgi i\u015flem ortamlar\u0131nda yayg\u0131n olarak kullan\u0131l\u0131r<\/p>","protected":false},"excerpt":{"rendered":"<p>The MPO to 4xSC Duplex Breakout OM4 Patch Cable is designed for high-density fiber optic cabling systems where space and [&hellip;]<\/p>\n","protected":false},"featured_media":5765,"template":"","meta":{"_acf_changed":false,"site-sidebar-layout":"default","site-content-layout":"","ast-site-content-layout":"default","site-content-style":"default","site-sidebar-style":"default","ast-global-header-display":"","ast-banner-title-visibility":"","ast-main-header-display":"","ast-hfb-above-header-display":"","ast-hfb-below-header-display":"","ast-hfb-mobile-header-display":"","site-post-title":"","ast-breadcrumbs-content":"","ast-featured-img":"","footer-sml-layout":"","ast-disable-related-posts":"","theme-transparent-header-meta":"default","adv-header-id-meta":"","stick-header-meta":"","header-above-stick-meta":"","header-main-stick-meta":"","header-below-stick-meta":"","astra-migrate-meta-layouts":"set","ast-page-background-enabled":"default","ast-page-background-meta":{"desktop":{"background-color":"var(--ast-global-color-5)","background-image":"","background-repeat":"repeat","background-position":"center center","background-size":"auto","background-attachment":"scroll","background-type":"","background-media":"","overlay-type":"","overlay-color":"","overlay-opacity":"","overlay-gradient":""},"tablet":{"background-color":"","background-image":"","background-repeat":"repeat","background-position":"center center","background-size":"auto","background-attachment":"scroll","background-type":"","background-media":"","overlay-type":"","overlay-color":"","overlay-opacity":"","overlay-gradient":""},"mobile":{"background-color":"","background-image":"","background-repeat":"repeat","background-position":"center center","background-size":"auto","background-attachment":"scroll","background-type":"","background-media":"","overlay-type":"","overlay-color":"","overlay-opacity":"","overlay-gradient":""}},"ast-content-background-meta":{"desktop":{"background-color":"var(--ast-global-color-4)","background-image":"","background-repeat":"repeat","background-position":"center center","background-size":"auto","background-attachment":"scroll","background-type":"","background-media":"","overlay-type":"","overlay-color":"","overlay-opacity":"","overlay-gradient":""},"tablet":{"background-color":"var(--ast-global-color-4)","background-image":"","background-repeat":"repeat","background-position":"center center","background-size":"auto","background-attachment":"scroll","background-type":"","background-media":"","overlay-type":"","overlay-color":"","overlay-opacity":"","overlay-gradient":""},"mobile":{"background-color":"var(--ast-global-color-4)","background-image":"","background-repeat":"repeat","background-position":"center center","background-size":"auto","background-attachment":"scroll","background-type":"","background-media":"","overlay-type":"","overlay-color":"","overlay-opacity":"","overlay-gradient":""}}},"product_brand":[],"product_cat":[40],"product_tag":[],"class_list":{"0":"post-5764","1":"product","2":"type-product","3":"status-publish","4":"has-post-thumbnail","6":"product_cat-mpo-mpt-patch-cables","7":"desktop-align-left","8":"tablet-align-left","9":"mobile-align-left","11":"first","12":"instock","13":"shipping-taxable","14":"product-type-simple"},"acf":[],"_links":{"self":[{"href":"https:\/\/yfconnectivity.com\/tr\/wp-json\/wp\/v2\/product\/5764","targetHints":{"allow":["GET"]}}],"collection":[{"href":"https:\/\/yfconnectivity.com\/tr\/wp-json\/wp\/v2\/product"}],"about":[{"href":"https:\/\/yfconnectivity.com\/tr\/wp-json\/wp\/v2\/types\/product"}],"wp:featuredmedia":[{"embeddable":true,"href":"https:\/\/yfconnectivity.com\/tr\/wp-json\/wp\/v2\/media\/5765"}],"wp:attachment":[{"href":"https:\/\/yfconnectivity.com\/tr\/wp-json\/wp\/v2\/media?parent=5764"}],"wp:term":[{"taxonomy":"product_brand","embeddable":true,"href":"https:\/\/yfconnectivity.com\/tr\/wp-json\/wp\/v2\/product_brand?post=5764"},{"taxonomy":"product_cat","embeddable":true,"href":"https:\/\/yfconnectivity.com\/tr\/wp-json\/wp\/v2\/product_cat?post=5764"},{"taxonomy":"product_tag","embeddable":true,"href":"https:\/\/yfconnectivity.com\/tr\/wp-json\/wp\/v2\/product_tag?post=5764"}],"curies":[{"name":"wp","href":"https:\/\/api.w.org\/{rel}","templated":true}]}}