{"id":4517,"date":"2025-08-08T07:04:42","date_gmt":"2025-08-08T06:04:42","guid":{"rendered":"https:\/\/yfconnectivity.com\/?post_type=product&#038;p=4517"},"modified":"2025-08-08T07:30:28","modified_gmt":"2025-08-08T06:30:28","slug":"lc-sc-cok-modlu-om4-fiber-patch-kablo","status":"publish","type":"product","link":"https:\/\/yfconnectivity.com\/tr\/product\/lc-to-sc-multimode-om4-fiber-patch-cable\/","title":{"rendered":"LC - SC \u00c7ok Modlu OM4 Fiber Ba\u011flant\u0131 Kablosu"},"content":{"rendered":"<p data-start=\"128\" data-end=\"191\"><strong data-start=\"128\" data-end=\"189\">LC UPC - SC UPC \u00c7ok Modlu Fiber Ba\u011flant\u0131 Kablosu, OM4, Dubleks<\/strong><\/p>\n<p data-start=\"193\" data-end=\"550\">Bu LC UPC - SC UPC OM4 \u00e7ok modlu \u00e7ift y\u00f6nl\u00fc fiber patch kablo, modern veri merkezlerinde, kurumsal a\u011flarda ve depolama sistemlerinde 40G ve 100G Ethernet'i destekleyen ultra y\u00fcksek h\u0131zl\u0131 k\u0131sa mesafeli iletim i\u00e7in tasarlanm\u0131\u015ft\u0131r. OM4 50\/125\u00b5m fiber, OM3'e k\u0131yasla 10G'de 550 metreye kadar daha uzun eri\u015fim sa\u011flar ve 850nm'de VCSEL lazerlerle kullan\u0131m i\u00e7in optimize edilmi\u015ftir.<\/p>\n<ul>\n<li data-start=\"554\" data-end=\"620\">\u00c7ift y\u00f6nl\u00fc tasar\u0131m e\u015fzamanl\u0131 \u00e7ift y\u00f6nl\u00fc ileti\u015fimi destekler<\/li>\n<li data-start=\"554\" data-end=\"620\">LC UPC ve SC UPC konnekt\u00f6rleri hassas hizalama ve d\u00fc\u015f\u00fck ekleme kayb\u0131 sa\u011flar<\/li>\n<li data-start=\"554\" data-end=\"620\">Daha uzun y\u00fcksek h\u0131zl\u0131 iletim mesafeleri i\u00e7in OM4 \u00e7ok modlu fiber<\/li>\n<li data-start=\"554\" data-end=\"620\">H\u0131zl\u0131 OM4 tan\u0131mlamas\u0131 i\u00e7in mor renkli k\u0131l\u0131f<\/li>\n<li data-start=\"554\" data-end=\"620\">Farkl\u0131 kurulum ihtiya\u00e7lar\u0131n\u0131 kar\u015f\u0131lamak i\u00e7in PVC veya LSZH k\u0131l\u0131f ile mevcuttur<\/li>\n<\/ul>","protected":false},"excerpt":{"rendered":"<p>LC UPC to SC UPC Multimode Fiber Patch Cable, OM4, Duplex This LC UPC to SC UPC OM4 multimode duplex [&hellip;]<\/p>\n","protected":false},"featured_media":4519,"template":"","meta":{"_acf_changed":false,"site-sidebar-layout":"default","site-content-layout":"","ast-site-content-layout":"default","site-content-style":"default","site-sidebar-style":"default","ast-global-header-display":"","ast-banner-title-visibility":"","ast-main-header-display":"","ast-hfb-above-header-display":"","ast-hfb-below-header-display":"","ast-hfb-mobile-header-display":"","site-post-title":"","ast-breadcrumbs-content":"","ast-featured-img":"","footer-sml-layout":"","ast-disable-related-posts":"","theme-transparent-header-meta":"default","adv-header-id-meta":"","stick-header-meta":"","header-above-stick-meta":"","header-main-stick-meta":"","header-below-stick-meta":"","astra-migrate-meta-layouts":"set","ast-page-background-enabled":"default","ast-page-background-meta":{"desktop":{"background-color":"var(--ast-global-color-5)","background-image":"","background-repeat":"repeat","background-position":"center center","background-size":"auto","background-attachment":"scroll","background-type":"","background-media":"","overlay-type":"","overlay-color":"","overlay-opacity":"","overlay-gradient":""},"tablet":{"background-color":"","background-image":"","background-repeat":"repeat","background-position":"center center","background-size":"auto","background-attachment":"scroll","background-type":"","background-media":"","overlay-type":"","overlay-color":"","overlay-opacity":"","overlay-gradient":""},"mobile":{"background-color":"","background-image":"","background-repeat":"repeat","background-position":"center center","background-size":"auto","background-attachment":"scroll","background-type":"","background-media":"","overlay-type":"","overlay-color":"","overlay-opacity":"","overlay-gradient":""}},"ast-content-background-meta":{"desktop":{"background-color":"var(--ast-global-color-4)","background-image":"","background-repeat":"repeat","background-position":"center center","background-size":"auto","background-attachment":"scroll","background-type":"","background-media":"","overlay-type":"","overlay-color":"","overlay-opacity":"","overlay-gradient":""},"tablet":{"background-color":"var(--ast-global-color-4)","background-image":"","background-repeat":"repeat","background-position":"center center","background-size":"auto","background-attachment":"scroll","background-type":"","background-media":"","overlay-type":"","overlay-color":"","overlay-opacity":"","overlay-gradient":""},"mobile":{"background-color":"var(--ast-global-color-4)","background-image":"","background-repeat":"repeat","background-position":"center center","background-size":"auto","background-attachment":"scroll","background-type":"","background-media":"","overlay-type":"","overlay-color":"","overlay-opacity":"","overlay-gradient":""}}},"product_brand":[],"product_cat":[36],"product_tag":[],"class_list":{"0":"post-4517","1":"product","2":"type-product","3":"status-publish","4":"has-post-thumbnail","6":"product_cat-fiber-optical-patch-cord","7":"desktop-align-left","8":"tablet-align-left","9":"mobile-align-left","11":"first","12":"instock","13":"shipping-taxable","14":"product-type-simple"},"acf":[],"_links":{"self":[{"href":"https:\/\/yfconnectivity.com\/tr\/wp-json\/wp\/v2\/product\/4517","targetHints":{"allow":["GET"]}}],"collection":[{"href":"https:\/\/yfconnectivity.com\/tr\/wp-json\/wp\/v2\/product"}],"about":[{"href":"https:\/\/yfconnectivity.com\/tr\/wp-json\/wp\/v2\/types\/product"}],"wp:featuredmedia":[{"embeddable":true,"href":"https:\/\/yfconnectivity.com\/tr\/wp-json\/wp\/v2\/media\/4519"}],"wp:attachment":[{"href":"https:\/\/yfconnectivity.com\/tr\/wp-json\/wp\/v2\/media?parent=4517"}],"wp:term":[{"taxonomy":"product_brand","embeddable":true,"href":"https:\/\/yfconnectivity.com\/tr\/wp-json\/wp\/v2\/product_brand?post=4517"},{"taxonomy":"product_cat","embeddable":true,"href":"https:\/\/yfconnectivity.com\/tr\/wp-json\/wp\/v2\/product_cat?post=4517"},{"taxonomy":"product_tag","embeddable":true,"href":"https:\/\/yfconnectivity.com\/tr\/wp-json\/wp\/v2\/product_tag?post=4517"}],"curies":[{"name":"wp","href":"https:\/\/api.w.org\/{rel}","templated":true}]}}