{"id":4514,"date":"2025-08-08T04:39:42","date_gmt":"2025-08-08T03:39:42","guid":{"rendered":"https:\/\/yfconnectivity.com\/?post_type=product&#038;p=4514"},"modified":"2025-08-08T04:50:11","modified_gmt":"2025-08-08T03:50:11","slug":"sc-sc-cok-modlu-om3-fiber-patch-kablo","status":"publish","type":"product","link":"https:\/\/yfconnectivity.com\/tr\/product\/sc-to-sc-multimode-om3-fiber-patch-cable\/","title":{"rendered":"SC - SC \u00c7ok Modlu OM3 Fiber Ba\u011flant\u0131 Kablosu"},"content":{"rendered":"<p data-start=\"126\" data-end=\"189\"><strong data-start=\"126\" data-end=\"187\">SC UPC - SC UPC \u00c7ok Modlu Fiber Ba\u011flant\u0131 Kablosu, OM3, Dubleks<\/strong><\/p>\n<p data-start=\"191\" data-end=\"530\">Bu SC UPC - SC UPC OM3 multimode duplex fiber patch kablo, y\u00fcksek h\u0131zl\u0131 k\u0131sa mesafeli veri iletimi i\u00e7in tasarlanm\u0131\u015ft\u0131r ve veri merkezlerinde, kurumsal a\u011flarda ve depolama alan\u0131 a\u011flar\u0131nda 10G\/40G\/100G Ethernet i\u00e7in idealdir. OM3 50\/125\u00b5m fiber, 10G'de 300 m'ye kadar mesafeleri destekler ve 850nm'de VCSEL lazerlerle kullan\u0131m i\u00e7in optimize edilmi\u015ftir.<\/p>\n<ul>\n<li data-start=\"534\" data-end=\"586\">\u00c7ift y\u00f6nl\u00fc tasar\u0131m \u00e7ift y\u00f6nl\u00fc iletimi destekler<\/li>\n<li data-start=\"534\" data-end=\"586\">SC UPC konekt\u00f6rler d\u00fc\u015f\u00fck ekleme kayb\u0131 ve istikrarl\u0131 ba\u011flant\u0131 sa\u011flar<\/li>\n<li data-start=\"534\" data-end=\"586\">Y\u00fcksek h\u0131zl\u0131 k\u0131sa mesafe uygulamalar\u0131 i\u00e7in optimize edilmi\u015f OM3 \u00e7ok modlu fiber<\/li>\n<li data-start=\"534\" data-end=\"586\">H\u0131zl\u0131 OM3 tan\u0131mlamas\u0131 i\u00e7in su renkli k\u0131l\u0131f<\/li>\n<li data-start=\"534\" data-end=\"586\">\u00c7ok y\u00f6nl\u00fc kurulum ortamlar\u0131 i\u00e7in PVC veya LSZH k\u0131l\u0131f ile mevcuttur<\/li>\n<\/ul>","protected":false},"excerpt":{"rendered":"<p>SC UPC to SC UPC Multimode Fiber Patch Cable, OM3, Duplex This SC UPC to SC UPC OM3 multimode duplex [&hellip;]<\/p>\n","protected":false},"featured_media":4516,"template":"","meta":{"_acf_changed":false,"site-sidebar-layout":"default","site-content-layout":"","ast-site-content-layout":"default","site-content-style":"default","site-sidebar-style":"default","ast-global-header-display":"","ast-banner-title-visibility":"","ast-main-header-display":"","ast-hfb-above-header-display":"","ast-hfb-below-header-display":"","ast-hfb-mobile-header-display":"","site-post-title":"","ast-breadcrumbs-content":"","ast-featured-img":"","footer-sml-layout":"","ast-disable-related-posts":"","theme-transparent-header-meta":"default","adv-header-id-meta":"","stick-header-meta":"","header-above-stick-meta":"","header-main-stick-meta":"","header-below-stick-meta":"","astra-migrate-meta-layouts":"set","ast-page-background-enabled":"default","ast-page-background-meta":{"desktop":{"background-color":"var(--ast-global-color-5)","background-image":"","background-repeat":"repeat","background-position":"center center","background-size":"auto","background-attachment":"scroll","background-type":"","background-media":"","overlay-type":"","overlay-color":"","overlay-opacity":"","overlay-gradient":""},"tablet":{"background-color":"","background-image":"","background-repeat":"repeat","background-position":"center center","background-size":"auto","background-attachment":"scroll","background-type":"","background-media":"","overlay-type":"","overlay-color":"","overlay-opacity":"","overlay-gradient":""},"mobile":{"background-color":"","background-image":"","background-repeat":"repeat","background-position":"center center","background-size":"auto","background-attachment":"scroll","background-type":"","background-media":"","overlay-type":"","overlay-color":"","overlay-opacity":"","overlay-gradient":""}},"ast-content-background-meta":{"desktop":{"background-color":"var(--ast-global-color-4)","background-image":"","background-repeat":"repeat","background-position":"center center","background-size":"auto","background-attachment":"scroll","background-type":"","background-media":"","overlay-type":"","overlay-color":"","overlay-opacity":"","overlay-gradient":""},"tablet":{"background-color":"var(--ast-global-color-4)","background-image":"","background-repeat":"repeat","background-position":"center center","background-size":"auto","background-attachment":"scroll","background-type":"","background-media":"","overlay-type":"","overlay-color":"","overlay-opacity":"","overlay-gradient":""},"mobile":{"background-color":"var(--ast-global-color-4)","background-image":"","background-repeat":"repeat","background-position":"center center","background-size":"auto","background-attachment":"scroll","background-type":"","background-media":"","overlay-type":"","overlay-color":"","overlay-opacity":"","overlay-gradient":""}}},"product_brand":[],"product_cat":[36],"product_tag":[],"class_list":{"0":"post-4514","1":"product","2":"type-product","3":"status-publish","4":"has-post-thumbnail","6":"product_cat-fiber-optical-patch-cord","7":"desktop-align-left","8":"tablet-align-left","9":"mobile-align-left","11":"first","12":"instock","13":"shipping-taxable","14":"product-type-simple"},"acf":[],"_links":{"self":[{"href":"https:\/\/yfconnectivity.com\/tr\/wp-json\/wp\/v2\/product\/4514","targetHints":{"allow":["GET"]}}],"collection":[{"href":"https:\/\/yfconnectivity.com\/tr\/wp-json\/wp\/v2\/product"}],"about":[{"href":"https:\/\/yfconnectivity.com\/tr\/wp-json\/wp\/v2\/types\/product"}],"wp:featuredmedia":[{"embeddable":true,"href":"https:\/\/yfconnectivity.com\/tr\/wp-json\/wp\/v2\/media\/4516"}],"wp:attachment":[{"href":"https:\/\/yfconnectivity.com\/tr\/wp-json\/wp\/v2\/media?parent=4514"}],"wp:term":[{"taxonomy":"product_brand","embeddable":true,"href":"https:\/\/yfconnectivity.com\/tr\/wp-json\/wp\/v2\/product_brand?post=4514"},{"taxonomy":"product_cat","embeddable":true,"href":"https:\/\/yfconnectivity.com\/tr\/wp-json\/wp\/v2\/product_cat?post=4514"},{"taxonomy":"product_tag","embeddable":true,"href":"https:\/\/yfconnectivity.com\/tr\/wp-json\/wp\/v2\/product_tag?post=4514"}],"curies":[{"name":"wp","href":"https:\/\/api.w.org\/{rel}","templated":true}]}}