{"id":4505,"date":"2025-08-08T03:59:52","date_gmt":"2025-08-08T02:59:52","guid":{"rendered":"https:\/\/yfconnectivity.com\/?post_type=product&#038;p=4505"},"modified":"2025-08-08T04:40:45","modified_gmt":"2025-08-08T03:40:45","slug":"sc-sc-cok-modlu-om1-om2-fiber-patch-kablo","status":"publish","type":"product","link":"https:\/\/yfconnectivity.com\/tr\/product\/sc-to-sc-multimode-om1-om2-fiber-patch-cable\/","title":{"rendered":"SC - SC \u00c7ok Modlu OM1\/OM2 Fiber Kablo"},"content":{"rendered":"<p>SC PC - SC PC \u00c7ok Modlu Fiber Ba\u011flant\u0131 Kablosu, OM1\/OM2, Dubleks, 2.0mm<\/p>\n<p>Bu SC PC - SC PC \u00e7ok modlu \u00e7ift y\u00f6nl\u00fc fiber ba\u011flant\u0131 kablosu, y\u00fcksek performansl\u0131 k\u0131sa mesafeli veri iletimi i\u00e7in tasarlanm\u0131\u015ft\u0131r ve LAN, SAN ve veri merkezi ara ba\u011flant\u0131lar\u0131 i\u00e7in idealdir. OM1 (62,5\/125) ve OM2 (50\/125) fiber tiplerinde mevcut olup 850nm ve 1300nm dalga boylar\u0131nda istikrarl\u0131 performans sunar.<\/p>\n<ul>\n<li>\u00c7ift y\u00f6nl\u00fc tasar\u0131m e\u015fzamanl\u0131 \u00e7ift y\u00f6nl\u00fc veri iletimini destekler<\/li>\n<li>SC PC konnekt\u00f6rleri d\u00fc\u015f\u00fck ekleme kayb\u0131 ve g\u00fcvenilir ba\u011flant\u0131 sa\u011flar<\/li>\n<li>K\u0131sa mesafeli, y\u00fcksek bant geni\u015flikli uygulamalar i\u00e7in optimize edilmi\u015f OM1 ve OM2 \u00e7ok modlu fiberler<\/li>\n<li>\u00c7ok y\u00f6nl\u00fc kurulum ihtiya\u00e7lar\u0131 i\u00e7in PVC veya LSZH'de 2.0mm dayan\u0131kl\u0131 k\u0131l\u0131f<\/li>\n<li>\u00c7ok modlu h\u0131zl\u0131 tan\u0131mlama i\u00e7in renk kodlu turuncu k\u0131l\u0131f<\/li>\n<\/ul>","protected":false},"excerpt":{"rendered":"<p>SC PC to SC PC Multimode Fiber Patch Cable, OM1\/OM2, Duplex, 2.0mm This SC PC to SC PC multimode duplex [&hellip;]<\/p>\n","protected":false},"featured_media":4513,"template":"","meta":{"_acf_changed":false,"site-sidebar-layout":"default","site-content-layout":"","ast-site-content-layout":"default","site-content-style":"default","site-sidebar-style":"default","ast-global-header-display":"","ast-banner-title-visibility":"","ast-main-header-display":"","ast-hfb-above-header-display":"","ast-hfb-below-header-display":"","ast-hfb-mobile-header-display":"","site-post-title":"","ast-breadcrumbs-content":"","ast-featured-img":"","footer-sml-layout":"","ast-disable-related-posts":"","theme-transparent-header-meta":"default","adv-header-id-meta":"","stick-header-meta":"","header-above-stick-meta":"","header-main-stick-meta":"","header-below-stick-meta":"","astra-migrate-meta-layouts":"set","ast-page-background-enabled":"default","ast-page-background-meta":{"desktop":{"background-color":"var(--ast-global-color-5)","background-image":"","background-repeat":"repeat","background-position":"center center","background-size":"auto","background-attachment":"scroll","background-type":"","background-media":"","overlay-type":"","overlay-color":"","overlay-opacity":"","overlay-gradient":""},"tablet":{"background-color":"","background-image":"","background-repeat":"repeat","background-position":"center center","background-size":"auto","background-attachment":"scroll","background-type":"","background-media":"","overlay-type":"","overlay-color":"","overlay-opacity":"","overlay-gradient":""},"mobile":{"background-color":"","background-image":"","background-repeat":"repeat","background-position":"center center","background-size":"auto","background-attachment":"scroll","background-type":"","background-media":"","overlay-type":"","overlay-color":"","overlay-opacity":"","overlay-gradient":""}},"ast-content-background-meta":{"desktop":{"background-color":"var(--ast-global-color-4)","background-image":"","background-repeat":"repeat","background-position":"center center","background-size":"auto","background-attachment":"scroll","background-type":"","background-media":"","overlay-type":"","overlay-color":"","overlay-opacity":"","overlay-gradient":""},"tablet":{"background-color":"var(--ast-global-color-4)","background-image":"","background-repeat":"repeat","background-position":"center center","background-size":"auto","background-attachment":"scroll","background-type":"","background-media":"","overlay-type":"","overlay-color":"","overlay-opacity":"","overlay-gradient":""},"mobile":{"background-color":"var(--ast-global-color-4)","background-image":"","background-repeat":"repeat","background-position":"center center","background-size":"auto","background-attachment":"scroll","background-type":"","background-media":"","overlay-type":"","overlay-color":"","overlay-opacity":"","overlay-gradient":""}}},"product_brand":[],"product_cat":[36],"product_tag":[],"class_list":{"0":"post-4505","1":"product","2":"type-product","3":"status-publish","4":"has-post-thumbnail","6":"product_cat-fiber-optical-patch-cord","7":"desktop-align-left","8":"tablet-align-left","9":"mobile-align-left","11":"first","12":"instock","13":"shipping-taxable","14":"product-type-simple"},"acf":[],"_links":{"self":[{"href":"https:\/\/yfconnectivity.com\/tr\/wp-json\/wp\/v2\/product\/4505","targetHints":{"allow":["GET"]}}],"collection":[{"href":"https:\/\/yfconnectivity.com\/tr\/wp-json\/wp\/v2\/product"}],"about":[{"href":"https:\/\/yfconnectivity.com\/tr\/wp-json\/wp\/v2\/types\/product"}],"wp:featuredmedia":[{"embeddable":true,"href":"https:\/\/yfconnectivity.com\/tr\/wp-json\/wp\/v2\/media\/4513"}],"wp:attachment":[{"href":"https:\/\/yfconnectivity.com\/tr\/wp-json\/wp\/v2\/media?parent=4505"}],"wp:term":[{"taxonomy":"product_brand","embeddable":true,"href":"https:\/\/yfconnectivity.com\/tr\/wp-json\/wp\/v2\/product_brand?post=4505"},{"taxonomy":"product_cat","embeddable":true,"href":"https:\/\/yfconnectivity.com\/tr\/wp-json\/wp\/v2\/product_cat?post=4505"},{"taxonomy":"product_tag","embeddable":true,"href":"https:\/\/yfconnectivity.com\/tr\/wp-json\/wp\/v2\/product_tag?post=4505"}],"curies":[{"name":"wp","href":"https:\/\/api.w.org\/{rel}","templated":true}]}}