{"id":4488,"date":"2025-08-07T07:35:51","date_gmt":"2025-08-07T06:35:51","guid":{"rendered":"https:\/\/yfconnectivity.com\/?post_type=product&#038;p=4488"},"modified":"2025-08-07T07:58:31","modified_gmt":"2025-08-07T06:58:31","slug":"lc-apc-uniboot-barli-fi%cc%87ber-patch-kablo","status":"publish","type":"product","link":"https:\/\/yfconnectivity.com\/tr\/product\/lc-apc-uniboot-fiber-patch-cable-with-bar\/","title":{"rendered":"LC - LC Uniboot APC \u00c7ubuklu Fiber Ba\u011flant\u0131 Kablosu"},"content":{"rendered":"<p data-start=\"166\" data-end=\"238\"><strong data-start=\"166\" data-end=\"238\">LC APC - LC APC Uniboot \u00c7ekme \u00c7ubuklu Fiber Ba\u011flant\u0131 Kablosu<\/strong><\/p>\n<p data-start=\"240\" data-end=\"541\">Bu LC APC uniboot fiber patch kablo, kompakt tek ceketli tasar\u0131ma ve y\u00fcksek yo\u011funluklu ortamlarda kolay kurulum ve \u00e7\u0131karma i\u00e7in entegre bir \u00e7ekme \u00e7ubu\u011funa sahiptir. Yer tasarrufu ve verimli kablolaman\u0131n kritik oldu\u011fu veri merkezleri, telekom raflar\u0131 ve kurumsal a\u011f kabinlerinde kullan\u0131m i\u00e7in idealdir.<\/p>\n<ul>\n<li data-start=\"545\" data-end=\"624\">Uniboot tasar\u0131m\u0131 kablo y\u0131\u011f\u0131n\u0131n\u0131 azalt\u0131r ve yo\u011fun y\u00f6nlendirme alanlar\u0131nda hava ak\u0131\u015f\u0131n\u0131 iyile\u015ftirir<\/li>\n<li data-start=\"545\" data-end=\"624\">Entegre \u00e7ekme \u00e7ubu\u011fu, ek alet kullanmadan rahat\u00e7a itme-\u00e7ekme i\u015flemine olanak sa\u011flar<\/li>\n<li data-start=\"545\" data-end=\"624\">LC APC konekt\u00f6rler geri yans\u0131may\u0131 en aza indirerek istikrarl\u0131 sinyal performans\u0131 sa\u011flar<\/li>\n<li data-start=\"545\" data-end=\"624\">Geli\u015fmi\u015f dayan\u0131kl\u0131l\u0131k ve y\u00f6nlendirme esnekli\u011fi i\u00e7in b\u00fck\u00fclmeye kar\u015f\u0131 hassas olmayan G.657A2 fiber ile \u00fcretilmi\u015ftir<\/li>\n<li data-start=\"545\" data-end=\"624\">\u00c7e\u015fitli kurulum ihtiya\u00e7lar\u0131 i\u00e7in 0,9 mm d\u0131\u015f \u00e7ap ve LSZH\/PVC k\u0131l\u0131f ile mevcuttur<\/li>\n<li data-start=\"545\" data-end=\"624\">1310nm veya 1550nm dalga boylar\u0131nda uzun mesafeli y\u00fcksek h\u0131zl\u0131 iletim i\u00e7in optimize edilmi\u015ftir<\/li>\n<\/ul>","protected":false},"excerpt":{"rendered":"<p>LC APC to LC APC Uniboot Fiber Patch Cable with Pull Bar This LC APC uniboot fiber patch cable features [&hellip;]<\/p>\n","protected":false},"featured_media":4490,"template":"","meta":{"_acf_changed":false,"site-sidebar-layout":"default","site-content-layout":"","ast-site-content-layout":"default","site-content-style":"default","site-sidebar-style":"default","ast-global-header-display":"","ast-banner-title-visibility":"","ast-main-header-display":"","ast-hfb-above-header-display":"","ast-hfb-below-header-display":"","ast-hfb-mobile-header-display":"","site-post-title":"","ast-breadcrumbs-content":"","ast-featured-img":"","footer-sml-layout":"","ast-disable-related-posts":"","theme-transparent-header-meta":"default","adv-header-id-meta":"","stick-header-meta":"","header-above-stick-meta":"","header-main-stick-meta":"","header-below-stick-meta":"","astra-migrate-meta-layouts":"set","ast-page-background-enabled":"default","ast-page-background-meta":{"desktop":{"background-color":"var(--ast-global-color-5)","background-image":"","background-repeat":"repeat","background-position":"center center","background-size":"auto","background-attachment":"scroll","background-type":"","background-media":"","overlay-type":"","overlay-color":"","overlay-opacity":"","overlay-gradient":""},"tablet":{"background-color":"","background-image":"","background-repeat":"repeat","background-position":"center center","background-size":"auto","background-attachment":"scroll","background-type":"","background-media":"","overlay-type":"","overlay-color":"","overlay-opacity":"","overlay-gradient":""},"mobile":{"background-color":"","background-image":"","background-repeat":"repeat","background-position":"center center","background-size":"auto","background-attachment":"scroll","background-type":"","background-media":"","overlay-type":"","overlay-color":"","overlay-opacity":"","overlay-gradient":""}},"ast-content-background-meta":{"desktop":{"background-color":"var(--ast-global-color-4)","background-image":"","background-repeat":"repeat","background-position":"center center","background-size":"auto","background-attachment":"scroll","background-type":"","background-media":"","overlay-type":"","overlay-color":"","overlay-opacity":"","overlay-gradient":""},"tablet":{"background-color":"var(--ast-global-color-4)","background-image":"","background-repeat":"repeat","background-position":"center center","background-size":"auto","background-attachment":"scroll","background-type":"","background-media":"","overlay-type":"","overlay-color":"","overlay-opacity":"","overlay-gradient":""},"mobile":{"background-color":"var(--ast-global-color-4)","background-image":"","background-repeat":"repeat","background-position":"center center","background-size":"auto","background-attachment":"scroll","background-type":"","background-media":"","overlay-type":"","overlay-color":"","overlay-opacity":"","overlay-gradient":""}}},"product_brand":[],"product_cat":[36],"product_tag":[],"class_list":{"0":"post-4488","1":"product","2":"type-product","3":"status-publish","4":"has-post-thumbnail","6":"product_cat-fiber-optical-patch-cord","7":"desktop-align-left","8":"tablet-align-left","9":"mobile-align-left","11":"first","12":"instock","13":"shipping-taxable","14":"product-type-simple"},"acf":[],"_links":{"self":[{"href":"https:\/\/yfconnectivity.com\/tr\/wp-json\/wp\/v2\/product\/4488","targetHints":{"allow":["GET"]}}],"collection":[{"href":"https:\/\/yfconnectivity.com\/tr\/wp-json\/wp\/v2\/product"}],"about":[{"href":"https:\/\/yfconnectivity.com\/tr\/wp-json\/wp\/v2\/types\/product"}],"wp:featuredmedia":[{"embeddable":true,"href":"https:\/\/yfconnectivity.com\/tr\/wp-json\/wp\/v2\/media\/4490"}],"wp:attachment":[{"href":"https:\/\/yfconnectivity.com\/tr\/wp-json\/wp\/v2\/media?parent=4488"}],"wp:term":[{"taxonomy":"product_brand","embeddable":true,"href":"https:\/\/yfconnectivity.com\/tr\/wp-json\/wp\/v2\/product_brand?post=4488"},{"taxonomy":"product_cat","embeddable":true,"href":"https:\/\/yfconnectivity.com\/tr\/wp-json\/wp\/v2\/product_cat?post=4488"},{"taxonomy":"product_tag","embeddable":true,"href":"https:\/\/yfconnectivity.com\/tr\/wp-json\/wp\/v2\/product_tag?post=4488"}],"curies":[{"name":"wp","href":"https:\/\/api.w.org\/{rel}","templated":true}]}}