{"id":4473,"date":"2025-08-07T06:11:33","date_gmt":"2025-08-07T05:11:33","guid":{"rendered":"https:\/\/yfconnectivity.com\/?post_type=product&#038;p=4473"},"modified":"2025-08-07T06:31:45","modified_gmt":"2025-08-07T05:31:45","slug":"lc-lc-upc-sx-dubleks-fiber-patch-kablo","status":"publish","type":"product","link":"https:\/\/yfconnectivity.com\/tr\/product\/lc-to-lc-upc-sx-duplex-fiber-patch-cable\/","title":{"rendered":"LC - LC UPC SX Dubleks Fiber Ba\u011flant\u0131 Kablosu"},"content":{"rendered":"<p data-start=\"189\" data-end=\"247\"><strong data-start=\"189\" data-end=\"247\">LC UPC - LC UPC Fiber Ba\u011flant\u0131 Kablosu, Dubleks, OS2, 0,9 mm<\/strong><\/p>\n<p data-start=\"249\" data-end=\"549\">Bu LC UPC - LC UPC fiber patch kablo, e\u015f zamanl\u0131 \u00e7ift y\u00f6nl\u00fc veri iletimine izin veren \u00e7ift y\u00f6nl\u00fc bir tasar\u0131ma sahiptir. OS2 tek modlu fiber ve y\u00fcksek kaliteli UPC konekt\u00f6rleri ile \u00fcretilen bu kablo, telekom altyap\u0131s\u0131, veri merkezleri ve kurumsal omurgalarda g\u00fcvenilir, d\u00fc\u015f\u00fck kay\u0131pl\u0131 performans sa\u011flar.<\/p>\n<ul>\n<li data-start=\"553\" data-end=\"626\">\u00c7ift y\u00f6nl\u00fc yap\u0131, tek bir kablo hatt\u0131 \u00fczerinden iki y\u00f6nl\u00fc ileti\u015fimi destekler<\/li>\n<li data-start=\"553\" data-end=\"626\">Esnek y\u00f6nlendirme ve istikrarl\u0131 performans i\u00e7in b\u00fck\u00fclmeye kar\u015f\u0131 duyars\u0131z G.657A2 fiber ile \u00fcretilmi\u015ftir<\/li>\n<li data-start=\"553\" data-end=\"626\">LC UPC konekt\u00f6rler, y\u00fcksek h\u0131zl\u0131 veri iletimi i\u00e7in d\u00fc\u015f\u00fck ekleme kayb\u0131 ve y\u00fcksek geri d\u00f6n\u00fc\u015f kayb\u0131 sa\u011flar<\/li>\n<li data-start=\"553\" data-end=\"626\">0,9 mm \u00e7ap y\u00fcksek yo\u011funluklu yama ve kompakt muhafazalar i\u00e7in ideal<\/li>\n<li data-start=\"553\" data-end=\"626\">Yang\u0131n g\u00fcvenli\u011fi gerekliliklerine uymak i\u00e7in PVC veya LSZH ceket se\u00e7enekleri<\/li>\n<li data-start=\"553\" data-end=\"626\">1310nm ve 1550nm dalga boylar\u0131 \u00fczerinden uzun mesafeli uygulamalar i\u00e7in uygundur<\/li>\n<\/ul>","protected":false},"excerpt":{"rendered":"<p>LC UPC to LC UPC Fiber Patch Cable, Duplex, OS2, 0.9mm This LC UPC to LC UPC fiber patch cable [&hellip;]<\/p>\n","protected":false},"featured_media":4475,"template":"","meta":{"_acf_changed":false,"site-sidebar-layout":"default","site-content-layout":"","ast-site-content-layout":"default","site-content-style":"default","site-sidebar-style":"default","ast-global-header-display":"","ast-banner-title-visibility":"","ast-main-header-display":"","ast-hfb-above-header-display":"","ast-hfb-below-header-display":"","ast-hfb-mobile-header-display":"","site-post-title":"","ast-breadcrumbs-content":"","ast-featured-img":"","footer-sml-layout":"","ast-disable-related-posts":"","theme-transparent-header-meta":"default","adv-header-id-meta":"","stick-header-meta":"","header-above-stick-meta":"","header-main-stick-meta":"","header-below-stick-meta":"","astra-migrate-meta-layouts":"set","ast-page-background-enabled":"default","ast-page-background-meta":{"desktop":{"background-color":"var(--ast-global-color-5)","background-image":"","background-repeat":"repeat","background-position":"center center","background-size":"auto","background-attachment":"scroll","background-type":"","background-media":"","overlay-type":"","overlay-color":"","overlay-opacity":"","overlay-gradient":""},"tablet":{"background-color":"","background-image":"","background-repeat":"repeat","background-position":"center center","background-size":"auto","background-attachment":"scroll","background-type":"","background-media":"","overlay-type":"","overlay-color":"","overlay-opacity":"","overlay-gradient":""},"mobile":{"background-color":"","background-image":"","background-repeat":"repeat","background-position":"center center","background-size":"auto","background-attachment":"scroll","background-type":"","background-media":"","overlay-type":"","overlay-color":"","overlay-opacity":"","overlay-gradient":""}},"ast-content-background-meta":{"desktop":{"background-color":"var(--ast-global-color-4)","background-image":"","background-repeat":"repeat","background-position":"center center","background-size":"auto","background-attachment":"scroll","background-type":"","background-media":"","overlay-type":"","overlay-color":"","overlay-opacity":"","overlay-gradient":""},"tablet":{"background-color":"var(--ast-global-color-4)","background-image":"","background-repeat":"repeat","background-position":"center center","background-size":"auto","background-attachment":"scroll","background-type":"","background-media":"","overlay-type":"","overlay-color":"","overlay-opacity":"","overlay-gradient":""},"mobile":{"background-color":"var(--ast-global-color-4)","background-image":"","background-repeat":"repeat","background-position":"center center","background-size":"auto","background-attachment":"scroll","background-type":"","background-media":"","overlay-type":"","overlay-color":"","overlay-opacity":"","overlay-gradient":""}}},"product_brand":[],"product_cat":[36],"product_tag":[],"class_list":{"0":"post-4473","1":"product","2":"type-product","3":"status-publish","4":"has-post-thumbnail","6":"product_cat-fiber-optical-patch-cord","7":"desktop-align-left","8":"tablet-align-left","9":"mobile-align-left","11":"first","12":"instock","13":"shipping-taxable","14":"product-type-simple"},"acf":[],"_links":{"self":[{"href":"https:\/\/yfconnectivity.com\/tr\/wp-json\/wp\/v2\/product\/4473","targetHints":{"allow":["GET"]}}],"collection":[{"href":"https:\/\/yfconnectivity.com\/tr\/wp-json\/wp\/v2\/product"}],"about":[{"href":"https:\/\/yfconnectivity.com\/tr\/wp-json\/wp\/v2\/types\/product"}],"wp:featuredmedia":[{"embeddable":true,"href":"https:\/\/yfconnectivity.com\/tr\/wp-json\/wp\/v2\/media\/4475"}],"wp:attachment":[{"href":"https:\/\/yfconnectivity.com\/tr\/wp-json\/wp\/v2\/media?parent=4473"}],"wp:term":[{"taxonomy":"product_brand","embeddable":true,"href":"https:\/\/yfconnectivity.com\/tr\/wp-json\/wp\/v2\/product_brand?post=4473"},{"taxonomy":"product_cat","embeddable":true,"href":"https:\/\/yfconnectivity.com\/tr\/wp-json\/wp\/v2\/product_cat?post=4473"},{"taxonomy":"product_tag","embeddable":true,"href":"https:\/\/yfconnectivity.com\/tr\/wp-json\/wp\/v2\/product_tag?post=4473"}],"curies":[{"name":"wp","href":"https:\/\/api.w.org\/{rel}","templated":true}]}}