{"id":4468,"date":"2025-08-07T05:43:43","date_gmt":"2025-08-07T04:43:43","guid":{"rendered":"https:\/\/yfconnectivity.com\/?post_type=product&#038;p=4468"},"modified":"2025-08-07T06:05:36","modified_gmt":"2025-08-07T05:05:36","slug":"lc-lc-0-9mm-apc-fiber-patch-kablo","status":"publish","type":"product","link":"https:\/\/yfconnectivity.com\/tr\/product\/lc-to-lc-0-9mm-apc-fiber-patch-cable\/","title":{"rendered":"LC - LC 0.9mm APC Fiber Ba\u011flant\u0131 Kablosu"},"content":{"rendered":"<p data-start=\"192\" data-end=\"251\"><strong data-start=\"192\" data-end=\"251\">LC APC - LC APC Fiber Ba\u011flant\u0131 Kablosu, Tek Y\u00f6nl\u00fc, OS2, 0,9 mm<\/strong><\/p>\n<p data-start=\"192\" data-end=\"251\">Bu LC APC - LC APC fiber patch kablo, telekom odalar\u0131, veri merkezleri ve kurumsal a\u011flar aras\u0131nda g\u00fcvenilir ve d\u00fc\u015f\u00fck kay\u0131pl\u0131 sinyal iletimi sa\u011flayan y\u00fcksek performansl\u0131 tek modlu fiber optik ba\u011flant\u0131lar i\u00e7in tasarlanm\u0131\u015ft\u0131r. \u0130nce 0,9 mm \u00e7ap\u0131 ve b\u00fck\u00fclmeye kar\u015f\u0131 duyars\u0131z G.657A2 fiberiyle, kararl\u0131l\u0131k ve dayan\u0131kl\u0131l\u0131k sa\u011flarken dar y\u00f6nlendirme ortamlar\u0131nda esneklik sunar.<\/p>\n<ul>\n<li data-start=\"192\" data-end=\"251\">1310nm ve 1550nm'de uzun mesafeli veri iletimi i\u00e7in OS2 9\/125\u03bcm ile uyumlu<\/li>\n<li data-start=\"192\" data-end=\"251\">Daha az sinyal zay\u0131flamas\u0131 ve daha kolay kablo y\u00f6netimi i\u00e7in b\u00fck\u00fclmeye duyarl\u0131 olmayan fiber<\/li>\n<li data-start=\"192\" data-end=\"251\">H\u0131zl\u0131 kurulum ve istikrarl\u0131 performans i\u00e7in \u00f6nceden sonland\u0131r\u0131lm\u0131\u015f ve fabrikada test edilmi\u015f konekt\u00f6rler<\/li>\n<li data-start=\"192\" data-end=\"251\">D\u00fc\u015f\u00fck ekleme kayb\u0131 ve y\u00fcksek geri d\u00f6n\u00fc\u015f kayb\u0131 tutarl\u0131 ba\u011flant\u0131 sa\u011flar<\/li>\n<li data-start=\"192\" data-end=\"251\">Farkl\u0131 kurulum standartlar\u0131n\u0131 kar\u015f\u0131lamak i\u00e7in PVC veya LSZH k\u0131l\u0131f olarak mevcuttur<\/li>\n<li data-start=\"192\" data-end=\"251\">Noktadan noktaya fiber ara ba\u011flant\u0131lar, yama panelleri ve y\u00fcksek yo\u011funluklu y\u00f6nlendirme i\u00e7in ideal<\/li>\n<\/ul>","protected":false},"excerpt":{"rendered":"<p>LC APC to LC APC Fiber Patch Cable, Simplex, OS2, 0.9mm This LC APC to LC APC fiber patch cable [&hellip;]<\/p>\n","protected":false},"featured_media":4469,"template":"","meta":{"_acf_changed":false,"site-sidebar-layout":"default","site-content-layout":"","ast-site-content-layout":"default","site-content-style":"default","site-sidebar-style":"default","ast-global-header-display":"","ast-banner-title-visibility":"","ast-main-header-display":"","ast-hfb-above-header-display":"","ast-hfb-below-header-display":"","ast-hfb-mobile-header-display":"","site-post-title":"","ast-breadcrumbs-content":"","ast-featured-img":"","footer-sml-layout":"","ast-disable-related-posts":"","theme-transparent-header-meta":"default","adv-header-id-meta":"","stick-header-meta":"","header-above-stick-meta":"","header-main-stick-meta":"","header-below-stick-meta":"","astra-migrate-meta-layouts":"set","ast-page-background-enabled":"default","ast-page-background-meta":{"desktop":{"background-color":"var(--ast-global-color-5)","background-image":"","background-repeat":"repeat","background-position":"center center","background-size":"auto","background-attachment":"scroll","background-type":"","background-media":"","overlay-type":"","overlay-color":"","overlay-opacity":"","overlay-gradient":""},"tablet":{"background-color":"","background-image":"","background-repeat":"repeat","background-position":"center center","background-size":"auto","background-attachment":"scroll","background-type":"","background-media":"","overlay-type":"","overlay-color":"","overlay-opacity":"","overlay-gradient":""},"mobile":{"background-color":"","background-image":"","background-repeat":"repeat","background-position":"center center","background-size":"auto","background-attachment":"scroll","background-type":"","background-media":"","overlay-type":"","overlay-color":"","overlay-opacity":"","overlay-gradient":""}},"ast-content-background-meta":{"desktop":{"background-color":"var(--ast-global-color-4)","background-image":"","background-repeat":"repeat","background-position":"center center","background-size":"auto","background-attachment":"scroll","background-type":"","background-media":"","overlay-type":"","overlay-color":"","overlay-opacity":"","overlay-gradient":""},"tablet":{"background-color":"var(--ast-global-color-4)","background-image":"","background-repeat":"repeat","background-position":"center center","background-size":"auto","background-attachment":"scroll","background-type":"","background-media":"","overlay-type":"","overlay-color":"","overlay-opacity":"","overlay-gradient":""},"mobile":{"background-color":"var(--ast-global-color-4)","background-image":"","background-repeat":"repeat","background-position":"center center","background-size":"auto","background-attachment":"scroll","background-type":"","background-media":"","overlay-type":"","overlay-color":"","overlay-opacity":"","overlay-gradient":""}}},"product_brand":[],"product_cat":[36],"product_tag":[],"class_list":{"0":"post-4468","1":"product","2":"type-product","3":"status-publish","4":"has-post-thumbnail","6":"product_cat-fiber-optical-patch-cord","7":"desktop-align-left","8":"tablet-align-left","9":"mobile-align-left","11":"first","12":"instock","13":"shipping-taxable","14":"product-type-simple"},"acf":[],"_links":{"self":[{"href":"https:\/\/yfconnectivity.com\/tr\/wp-json\/wp\/v2\/product\/4468","targetHints":{"allow":["GET"]}}],"collection":[{"href":"https:\/\/yfconnectivity.com\/tr\/wp-json\/wp\/v2\/product"}],"about":[{"href":"https:\/\/yfconnectivity.com\/tr\/wp-json\/wp\/v2\/types\/product"}],"wp:featuredmedia":[{"embeddable":true,"href":"https:\/\/yfconnectivity.com\/tr\/wp-json\/wp\/v2\/media\/4469"}],"wp:attachment":[{"href":"https:\/\/yfconnectivity.com\/tr\/wp-json\/wp\/v2\/media?parent=4468"}],"wp:term":[{"taxonomy":"product_brand","embeddable":true,"href":"https:\/\/yfconnectivity.com\/tr\/wp-json\/wp\/v2\/product_brand?post=4468"},{"taxonomy":"product_cat","embeddable":true,"href":"https:\/\/yfconnectivity.com\/tr\/wp-json\/wp\/v2\/product_cat?post=4468"},{"taxonomy":"product_tag","embeddable":true,"href":"https:\/\/yfconnectivity.com\/tr\/wp-json\/wp\/v2\/product_tag?post=4468"}],"curies":[{"name":"wp","href":"https:\/\/api.w.org\/{rel}","templated":true}]}}