{"id":4390,"date":"2025-08-05T03:47:31","date_gmt":"2025-08-05T02:47:31","guid":{"rendered":"https:\/\/yfconnectivity.com\/?post_type=product&#038;p=4390"},"modified":"2025-08-05T08:22:43","modified_gmt":"2025-08-05T07:22:43","slug":"1-portlu-geri-cekilebilir-pigtail-fiber-cikis-kutusu","status":"publish","type":"product","link":"https:\/\/yfconnectivity.com\/tr\/product\/1-port-retractable-pigtail-fiber-outlet-box\/","title":{"rendered":"1 Portlu Geri \u00c7ekilebilir Pigtial Fiber \u00c7\u0131k\u0131\u015f Kutusu"},"content":{"rendered":"<p>Bu SC adapt\u00f6r fiber optik \u00e7\u0131k\u0131\u015f kutusu, \u00f6nceden kurulmu\u015f bir SC APC lazer korumal\u0131 adapt\u00f6r ve geri \u00e7ekilebilir \u015feffaf pigtail i\u00e7eren kompakt ve kullan\u0131c\u0131 dostu bir masa\u00fcst\u00fc fiber sonland\u0131rma \u00e7\u00f6z\u00fcm\u00fcd\u00fcr. Ev, ofis veya ileti\u015fim odas\u0131 ortamlar\u0131nda h\u0131zl\u0131 da\u011f\u0131t\u0131m i\u00e7in tasarlanan kutu, kullan\u0131c\u0131lar\u0131n fiberi istenen uzunlu\u011fa kolayca uzatmas\u0131na veya geri \u00e7ekmesine olanak tan\u0131yan d\u00f6nd\u00fcr\u00fclebilir bir kablo makaras\u0131 i\u00e7erir. Montajda esneklik sunan 3M yap\u0131\u015fkan destekli veya geni\u015fletme vidal\u0131 \u00e7ift kurulum y\u00f6ntemini destekler.<\/p>\n<ul>\n<li>G\u00f6z g\u00fcvenli\u011fi i\u00e7in lazer korumal\u0131 \u00f6nceden kurulmu\u015f SC APC adapt\u00f6r\u00fc<\/li>\n<li>\u015eeffaf \u00f6nceden sonland\u0131r\u0131lm\u0131\u015f pigtail, d\u00fczg\u00fcnce saklan\u0131r ve kolayca uzat\u0131labilir<\/li>\n<li>D\u00f6nd\u00fcr\u00fclebilir i\u00e7 makara, g\u00fcvenli elyaf y\u00f6nlendirmesi ve kolay \u00e7ekme sa\u011flar<\/li>\n<li>Birlikte verilen 3M yap\u0131\u015ft\u0131r\u0131c\u0131 ve geni\u015fletme vidalar\u0131 ile esnek kurulum<\/li>\n<li>FTTD, FTTH veya i\u00e7 mekan kablolamas\u0131 i\u00e7in uygun kompakt, dayan\u0131kl\u0131 ABS kasa<\/li>\n<\/ul>","protected":false},"excerpt":{"rendered":"<p>This SC adapter fiber optic outlet box is a compact and user-friendly desktop fiber termination solution, featuring a pre-installed SC [&hellip;]<\/p>\n","protected":false},"featured_media":4396,"template":"","meta":{"_acf_changed":false,"site-sidebar-layout":"default","site-content-layout":"","ast-site-content-layout":"default","site-content-style":"default","site-sidebar-style":"default","ast-global-header-display":"","ast-banner-title-visibility":"","ast-main-header-display":"","ast-hfb-above-header-display":"","ast-hfb-below-header-display":"","ast-hfb-mobile-header-display":"","site-post-title":"","ast-breadcrumbs-content":"","ast-featured-img":"","footer-sml-layout":"","ast-disable-related-posts":"","theme-transparent-header-meta":"default","adv-header-id-meta":"","stick-header-meta":"","header-above-stick-meta":"","header-main-stick-meta":"","header-below-stick-meta":"","astra-migrate-meta-layouts":"set","ast-page-background-enabled":"default","ast-page-background-meta":{"desktop":{"background-color":"var(--ast-global-color-5)","background-image":"","background-repeat":"repeat","background-position":"center center","background-size":"auto","background-attachment":"scroll","background-type":"","background-media":"","overlay-type":"","overlay-color":"","overlay-opacity":"","overlay-gradient":""},"tablet":{"background-color":"","background-image":"","background-repeat":"repeat","background-position":"center center","background-size":"auto","background-attachment":"scroll","background-type":"","background-media":"","overlay-type":"","overlay-color":"","overlay-opacity":"","overlay-gradient":""},"mobile":{"background-color":"","background-image":"","background-repeat":"repeat","background-position":"center center","background-size":"auto","background-attachment":"scroll","background-type":"","background-media":"","overlay-type":"","overlay-color":"","overlay-opacity":"","overlay-gradient":""}},"ast-content-background-meta":{"desktop":{"background-color":"var(--ast-global-color-4)","background-image":"","background-repeat":"repeat","background-position":"center center","background-size":"auto","background-attachment":"scroll","background-type":"","background-media":"","overlay-type":"","overlay-color":"","overlay-opacity":"","overlay-gradient":""},"tablet":{"background-color":"var(--ast-global-color-4)","background-image":"","background-repeat":"repeat","background-position":"center center","background-size":"auto","background-attachment":"scroll","background-type":"","background-media":"","overlay-type":"","overlay-color":"","overlay-opacity":"","overlay-gradient":""},"mobile":{"background-color":"var(--ast-global-color-4)","background-image":"","background-repeat":"repeat","background-position":"center center","background-size":"auto","background-attachment":"scroll","background-type":"","background-media":"","overlay-type":"","overlay-color":"","overlay-opacity":"","overlay-gradient":""}}},"product_brand":[],"product_cat":[37],"product_tag":[],"class_list":{"0":"post-4390","1":"product","2":"type-product","3":"status-publish","4":"has-post-thumbnail","6":"product_cat-fiber-optic-outlet-box","7":"desktop-align-left","8":"tablet-align-left","9":"mobile-align-left","11":"first","12":"instock","13":"shipping-taxable","14":"product-type-simple"},"acf":[],"_links":{"self":[{"href":"https:\/\/yfconnectivity.com\/tr\/wp-json\/wp\/v2\/product\/4390","targetHints":{"allow":["GET"]}}],"collection":[{"href":"https:\/\/yfconnectivity.com\/tr\/wp-json\/wp\/v2\/product"}],"about":[{"href":"https:\/\/yfconnectivity.com\/tr\/wp-json\/wp\/v2\/types\/product"}],"wp:featuredmedia":[{"embeddable":true,"href":"https:\/\/yfconnectivity.com\/tr\/wp-json\/wp\/v2\/media\/4396"}],"wp:attachment":[{"href":"https:\/\/yfconnectivity.com\/tr\/wp-json\/wp\/v2\/media?parent=4390"}],"wp:term":[{"taxonomy":"product_brand","embeddable":true,"href":"https:\/\/yfconnectivity.com\/tr\/wp-json\/wp\/v2\/product_brand?post=4390"},{"taxonomy":"product_cat","embeddable":true,"href":"https:\/\/yfconnectivity.com\/tr\/wp-json\/wp\/v2\/product_cat?post=4390"},{"taxonomy":"product_tag","embeddable":true,"href":"https:\/\/yfconnectivity.com\/tr\/wp-json\/wp\/v2\/product_tag?post=4390"}],"curies":[{"name":"wp","href":"https:\/\/api.w.org\/{rel}","templated":true}]}}