{"id":4369,"date":"2025-08-04T09:29:08","date_gmt":"2025-08-04T08:29:08","guid":{"rendered":"https:\/\/yfconnectivity.com\/?post_type=product&#038;p=4369"},"modified":"2025-08-04T09:29:08","modified_gmt":"2025-08-04T08:29:08","slug":"4-portlu-a-tipi-fiber-optik-dagitim-cikis-kutusu","status":"publish","type":"product","link":"https:\/\/yfconnectivity.com\/tr\/product\/4-port-type-a-fiber-optic-distribution-outlet-box\/","title":{"rendered":"4 Portlu A Tipi Fiber Optik Da\u011f\u0131t\u0131m \u00c7\u0131k\u0131\u015f Kutusu"},"content":{"rendered":"<p>Bu 4 Portlu A Tipi fiber optik \u00e7\u0131k\u0131\u015f kutusu, y\u00fcksek yo\u011funluklu i\u00e7 mekan kullan\u0131m\u0131 \/ FTTH da\u011f\u0131t\u0131m\u0131 \/ duvara montaj senaryolar\u0131 i\u00e7in tasarlanm\u0131\u015ft\u0131r. Di\u011fer modellerle kar\u015f\u0131la\u015ft\u0131r\u0131ld\u0131\u011f\u0131nda, entegre kablo y\u00f6netimi \/ kompakt kabuk \/ \u00e7ift katmanl\u0131 yap\u0131 gibi benzersiz \u00f6zelliklere sahiptir. Y\u00fcksek kaliteli PC\/ABS'den yap\u0131lm\u0131\u015ft\u0131r, hem tek modlu hem de \u00e7ok modlu fiberler i\u00e7in g\u00fcvenilir performans sa\u011flar.<\/p>\n<ul>\n<li>Ultra Kompakt Tasar\u0131m: Masa\u00fcst\u00fc\/duvara montajda kullan\u0131m i\u00e7in optimize edilmi\u015f boyut (yaln\u0131zca 30 mm kal\u0131nl\u0131k).<\/li>\n<li>G\u00fc\u00e7l\u00fc Mekanik Performans: Uygun fiber b\u00fckme yar\u0131\u00e7ap\u0131n\u0131 destekler ve gelen\/giden fiberler i\u00e7in etkili koruma sa\u011flar.<\/li>\n<li>Adapt\u00f6r Uyumlulu\u011fu: 4 SC Simplex APC\/UPC veya 4 LC Duplex APC\/UPC adapt\u00f6rlerini destekler.<\/li>\n<li>So\u011fuk Konnekt\u00f6r Uyumlulu\u011fu: So\u011fuk konekt\u00f6rlerin, kuyruk fiberlerinin veya damla kablolar\u0131n ek birle\u015ftirme olmadan do\u011frudan ba\u011flanmas\u0131n\u0131 destekler.<\/li>\n<li>Toz Korumas\u0131: Daha iyi temizlik i\u00e7in istiridye kabu\u011fu tarz\u0131 toz ge\u00e7irmez kapakla donat\u0131lm\u0131\u015ft\u0131r.<\/li>\n<li>Kolay Ge\u00e7meli Tasar\u0131m: Hem g\u00fcvenli kapatma hem de alet kullanmadan rahat\u00e7a s\u00f6kme imkan\u0131 sunan ge\u00e7meli mandal sistemi ile donat\u0131lm\u0131\u015ft\u0131r.<\/li>\n<li>Esnek Adapt\u00f6r Montaj\u0131: Daha iyi koruma i\u00e7in dahili konum veya kolay eri\u015fim i\u00e7in harici konum.<\/li>\n<\/ul>","protected":false},"excerpt":{"rendered":"<p>This 4 Port Type-A fiber optic outlet box is designed for high-density indoor use \/ FTTH deployment \/ wall-mount scenarios. [&hellip;]<\/p>\n","protected":false},"featured_media":4370,"template":"","meta":{"_acf_changed":false,"site-sidebar-layout":"default","site-content-layout":"","ast-site-content-layout":"default","site-content-style":"default","site-sidebar-style":"default","ast-global-header-display":"","ast-banner-title-visibility":"","ast-main-header-display":"","ast-hfb-above-header-display":"","ast-hfb-below-header-display":"","ast-hfb-mobile-header-display":"","site-post-title":"","ast-breadcrumbs-content":"","ast-featured-img":"","footer-sml-layout":"","ast-disable-related-posts":"","theme-transparent-header-meta":"default","adv-header-id-meta":"","stick-header-meta":"","header-above-stick-meta":"","header-main-stick-meta":"","header-below-stick-meta":"","astra-migrate-meta-layouts":"set","ast-page-background-enabled":"default","ast-page-background-meta":{"desktop":{"background-color":"var(--ast-global-color-5)","background-image":"","background-repeat":"repeat","background-position":"center center","background-size":"auto","background-attachment":"scroll","background-type":"","background-media":"","overlay-type":"","overlay-color":"","overlay-opacity":"","overlay-gradient":""},"tablet":{"background-color":"","background-image":"","background-repeat":"repeat","background-position":"center center","background-size":"auto","background-attachment":"scroll","background-type":"","background-media":"","overlay-type":"","overlay-color":"","overlay-opacity":"","overlay-gradient":""},"mobile":{"background-color":"","background-image":"","background-repeat":"repeat","background-position":"center center","background-size":"auto","background-attachment":"scroll","background-type":"","background-media":"","overlay-type":"","overlay-color":"","overlay-opacity":"","overlay-gradient":""}},"ast-content-background-meta":{"desktop":{"background-color":"var(--ast-global-color-4)","background-image":"","background-repeat":"repeat","background-position":"center center","background-size":"auto","background-attachment":"scroll","background-type":"","background-media":"","overlay-type":"","overlay-color":"","overlay-opacity":"","overlay-gradient":""},"tablet":{"background-color":"var(--ast-global-color-4)","background-image":"","background-repeat":"repeat","background-position":"center center","background-size":"auto","background-attachment":"scroll","background-type":"","background-media":"","overlay-type":"","overlay-color":"","overlay-opacity":"","overlay-gradient":""},"mobile":{"background-color":"var(--ast-global-color-4)","background-image":"","background-repeat":"repeat","background-position":"center center","background-size":"auto","background-attachment":"scroll","background-type":"","background-media":"","overlay-type":"","overlay-color":"","overlay-opacity":"","overlay-gradient":""}}},"product_brand":[],"product_cat":[37],"product_tag":[],"class_list":{"0":"post-4369","1":"product","2":"type-product","3":"status-publish","4":"has-post-thumbnail","6":"product_cat-fiber-optic-outlet-box","7":"desktop-align-left","8":"tablet-align-left","9":"mobile-align-left","11":"first","12":"instock","13":"shipping-taxable","14":"product-type-simple"},"acf":[],"_links":{"self":[{"href":"https:\/\/yfconnectivity.com\/tr\/wp-json\/wp\/v2\/product\/4369","targetHints":{"allow":["GET"]}}],"collection":[{"href":"https:\/\/yfconnectivity.com\/tr\/wp-json\/wp\/v2\/product"}],"about":[{"href":"https:\/\/yfconnectivity.com\/tr\/wp-json\/wp\/v2\/types\/product"}],"wp:featuredmedia":[{"embeddable":true,"href":"https:\/\/yfconnectivity.com\/tr\/wp-json\/wp\/v2\/media\/4370"}],"wp:attachment":[{"href":"https:\/\/yfconnectivity.com\/tr\/wp-json\/wp\/v2\/media?parent=4369"}],"wp:term":[{"taxonomy":"product_brand","embeddable":true,"href":"https:\/\/yfconnectivity.com\/tr\/wp-json\/wp\/v2\/product_brand?post=4369"},{"taxonomy":"product_cat","embeddable":true,"href":"https:\/\/yfconnectivity.com\/tr\/wp-json\/wp\/v2\/product_cat?post=4369"},{"taxonomy":"product_tag","embeddable":true,"href":"https:\/\/yfconnectivity.com\/tr\/wp-json\/wp\/v2\/product_tag?post=4369"}],"curies":[{"name":"wp","href":"https:\/\/api.w.org\/{rel}","templated":true}]}}