{"id":4182,"date":"2025-07-27T09:42:58","date_gmt":"2025-07-27T08:42:58","guid":{"rendered":"https:\/\/yfconnectivity.com\/?post_type=product&#038;p=4182"},"modified":"2025-07-27T10:22:22","modified_gmt":"2025-07-27T09:22:22","slug":"sc-lc-hibrit-fiber-adaptor","status":"publish","type":"product","link":"https:\/\/yfconnectivity.com\/tr\/product\/sc-to-lc-hybrid-fiber-adapter\/","title":{"rendered":"SC - LC Hibrit Fiber Adapt\u00f6r"},"content":{"rendered":"<p>Flan\u015fl\u0131 SC - LC Hibrit Fiber Adapt\u00f6r\u00fc, fiber optik a\u011flarda SC ve LC konekt\u00f6rleri aras\u0131nda g\u00fcvenilir ve d\u00fc\u015f\u00fck kay\u0131pl\u0131 ba\u011flant\u0131lar sa\u011flamak i\u00e7in tasarlanm\u0131\u015ft\u0131r. Bu simpleks adapt\u00f6r hem PC hem de APC cila tiplerini destekler ve tek modlu ve \u00e7ok modlu fiberlerle uyumludur. Y\u00fcksek hassasiyetli seramik hizalama man\u015fonu, \u22640,2 dB'lik bir ekleme kayb\u0131yla tutarl\u0131 performans sa\u011flar. Dayan\u0131kl\u0131 metal g\u00f6vdeye ve flan\u015f montaj tasar\u0131m\u0131na sahip olan bu adapt\u00f6r, yap\u0131sal kablolama sistemleri, patch paneller ve test ekipmanlar\u0131 i\u00e7in idealdir. RoHS standartlar\u0131yla uyumludur ve 1000'den fazla e\u015fle\u015fme d\u00f6ng\u00fcs\u00fc i\u00e7in \u00fcretilmi\u015ftir, zorlu ortamlarda g\u00fcvenilir performans sunar.<\/p>","protected":false},"excerpt":{"rendered":"<p>The SC to LC Hybrid Fiber Adapter with flange is designed to enable reliable and low-loss connections between SC and [&hellip;]<\/p>\n","protected":false},"featured_media":4183,"template":"","meta":{"_acf_changed":false,"site-sidebar-layout":"default","site-content-layout":"","ast-site-content-layout":"default","site-content-style":"default","site-sidebar-style":"default","ast-global-header-display":"","ast-banner-title-visibility":"","ast-main-header-display":"","ast-hfb-above-header-display":"","ast-hfb-below-header-display":"","ast-hfb-mobile-header-display":"","site-post-title":"","ast-breadcrumbs-content":"","ast-featured-img":"","footer-sml-layout":"","ast-disable-related-posts":"","theme-transparent-header-meta":"default","adv-header-id-meta":"","stick-header-meta":"","header-above-stick-meta":"","header-main-stick-meta":"","header-below-stick-meta":"","astra-migrate-meta-layouts":"set","ast-page-background-enabled":"default","ast-page-background-meta":{"desktop":{"background-color":"var(--ast-global-color-5)","background-image":"","background-repeat":"repeat","background-position":"center center","background-size":"auto","background-attachment":"scroll","background-type":"","background-media":"","overlay-type":"","overlay-color":"","overlay-opacity":"","overlay-gradient":""},"tablet":{"background-color":"","background-image":"","background-repeat":"repeat","background-position":"center center","background-size":"auto","background-attachment":"scroll","background-type":"","background-media":"","overlay-type":"","overlay-color":"","overlay-opacity":"","overlay-gradient":""},"mobile":{"background-color":"","background-image":"","background-repeat":"repeat","background-position":"center center","background-size":"auto","background-attachment":"scroll","background-type":"","background-media":"","overlay-type":"","overlay-color":"","overlay-opacity":"","overlay-gradient":""}},"ast-content-background-meta":{"desktop":{"background-color":"var(--ast-global-color-4)","background-image":"","background-repeat":"repeat","background-position":"center center","background-size":"auto","background-attachment":"scroll","background-type":"","background-media":"","overlay-type":"","overlay-color":"","overlay-opacity":"","overlay-gradient":""},"tablet":{"background-color":"var(--ast-global-color-4)","background-image":"","background-repeat":"repeat","background-position":"center center","background-size":"auto","background-attachment":"scroll","background-type":"","background-media":"","overlay-type":"","overlay-color":"","overlay-opacity":"","overlay-gradient":""},"mobile":{"background-color":"var(--ast-global-color-4)","background-image":"","background-repeat":"repeat","background-position":"center center","background-size":"auto","background-attachment":"scroll","background-type":"","background-media":"","overlay-type":"","overlay-color":"","overlay-opacity":"","overlay-gradient":""}}},"product_brand":[],"product_cat":[65],"product_tag":[],"class_list":{"0":"post-4182","1":"product","2":"type-product","3":"status-publish","4":"has-post-thumbnail","6":"product_cat-hybrid-fiber-optic-adapter","7":"desktop-align-left","8":"tablet-align-left","9":"mobile-align-left","11":"first","12":"instock","13":"shipping-taxable","14":"product-type-simple"},"acf":[],"_links":{"self":[{"href":"https:\/\/yfconnectivity.com\/tr\/wp-json\/wp\/v2\/product\/4182","targetHints":{"allow":["GET"]}}],"collection":[{"href":"https:\/\/yfconnectivity.com\/tr\/wp-json\/wp\/v2\/product"}],"about":[{"href":"https:\/\/yfconnectivity.com\/tr\/wp-json\/wp\/v2\/types\/product"}],"wp:featuredmedia":[{"embeddable":true,"href":"https:\/\/yfconnectivity.com\/tr\/wp-json\/wp\/v2\/media\/4183"}],"wp:attachment":[{"href":"https:\/\/yfconnectivity.com\/tr\/wp-json\/wp\/v2\/media?parent=4182"}],"wp:term":[{"taxonomy":"product_brand","embeddable":true,"href":"https:\/\/yfconnectivity.com\/tr\/wp-json\/wp\/v2\/product_brand?post=4182"},{"taxonomy":"product_cat","embeddable":true,"href":"https:\/\/yfconnectivity.com\/tr\/wp-json\/wp\/v2\/product_cat?post=4182"},{"taxonomy":"product_tag","embeddable":true,"href":"https:\/\/yfconnectivity.com\/tr\/wp-json\/wp\/v2\/product_tag?post=4182"}],"curies":[{"name":"wp","href":"https:\/\/api.w.org\/{rel}","templated":true}]}}