{"id":4036,"date":"2025-07-18T13:18:34","date_gmt":"2025-07-18T12:18:34","guid":{"rendered":"https:\/\/yfconnectivity.com\/?post_type=product&#038;p=4036"},"modified":"2025-07-27T09:12:11","modified_gmt":"2025-07-27T08:12:11","slug":"sc-fc-hibrit-adaptorler","status":"publish","type":"product","link":"https:\/\/yfconnectivity.com\/tr\/product\/sc-to-fc-hybrid-adapters\/","title":{"rendered":"SC - FC Simpleks Hibrit Fiber Adapt\u00f6r"},"content":{"rendered":"<p data-start=\"113\" data-end=\"194\"><strong data-start=\"113\" data-end=\"194\">SC - FC Hibrit Fiber Optik Adapt\u00f6r - Simpleks, PC\/APC, Tekli Mod ve \u00c7oklu Mod<\/strong><\/p>\n<p data-start=\"196\" data-end=\"812\">Yingfeng'in SC - FC hibrit fiber optik adapt\u00f6r\u00fc, iki farkl\u0131 konekt\u00f6r t\u00fcr\u00fcn\u00fc \u00fcst\u00fcn hassasiyetle k\u00f6pr\u00fclemek i\u00e7in tasarlanm\u0131\u015ft\u0131r. Bu simpleks adapt\u00f6r hem tek modlu hem de \u00e7ok modlu uygulamalar\u0131 destekler ve PC ve APC cilas\u0131nda mevcuttur. M\u00fckemmel performans ve kararl\u0131l\u0131k i\u00e7in dayan\u0131kl\u0131 bir metal g\u00f6vdeye ve y\u00fcksek hassasiyetli seramik hizalama man\u015fonuna sahiptir. D\u00fc\u015f\u00fck ekleme kayb\u0131 (\u22640,2dB) ve y\u00fcksek dayan\u0131kl\u0131l\u0131k (&gt;1000 e\u015fle\u015fme) ile FTTH a\u011flar\u0131nda, telekom sistemlerinde, test ekipmanlar\u0131nda ve fiber optik da\u011f\u0131t\u0131m \u00e7er\u00e7evelerinde kullan\u0131m i\u00e7in idealdir. Flan\u015f montajl\u0131 tasar\u0131m, g\u00fcvenli kurulum ve uzun vadeli g\u00fcvenilirlik sa\u011flar.<\/p>","protected":false},"excerpt":{"rendered":"<p>SC to FC Hybrid Fiber Optic Adapter \u2013 Simplex, PC\/APC, Singlemode &amp; Multimode Yingfeng\u2019s SC to FC hybrid fiber optic [&hellip;]<\/p>\n","protected":false},"featured_media":4038,"template":"","meta":{"_acf_changed":false,"site-sidebar-layout":"default","site-content-layout":"","ast-site-content-layout":"default","site-content-style":"default","site-sidebar-style":"default","ast-global-header-display":"","ast-banner-title-visibility":"","ast-main-header-display":"","ast-hfb-above-header-display":"","ast-hfb-below-header-display":"","ast-hfb-mobile-header-display":"","site-post-title":"","ast-breadcrumbs-content":"","ast-featured-img":"","footer-sml-layout":"","ast-disable-related-posts":"","theme-transparent-header-meta":"default","adv-header-id-meta":"","stick-header-meta":"","header-above-stick-meta":"","header-main-stick-meta":"","header-below-stick-meta":"","astra-migrate-meta-layouts":"set","ast-page-background-enabled":"default","ast-page-background-meta":{"desktop":{"background-color":"var(--ast-global-color-5)","background-image":"","background-repeat":"repeat","background-position":"center center","background-size":"auto","background-attachment":"scroll","background-type":"","background-media":"","overlay-type":"","overlay-color":"","overlay-opacity":"","overlay-gradient":""},"tablet":{"background-color":"","background-image":"","background-repeat":"repeat","background-position":"center center","background-size":"auto","background-attachment":"scroll","background-type":"","background-media":"","overlay-type":"","overlay-color":"","overlay-opacity":"","overlay-gradient":""},"mobile":{"background-color":"","background-image":"","background-repeat":"repeat","background-position":"center center","background-size":"auto","background-attachment":"scroll","background-type":"","background-media":"","overlay-type":"","overlay-color":"","overlay-opacity":"","overlay-gradient":""}},"ast-content-background-meta":{"desktop":{"background-color":"var(--ast-global-color-4)","background-image":"","background-repeat":"repeat","background-position":"center center","background-size":"auto","background-attachment":"scroll","background-type":"","background-media":"","overlay-type":"","overlay-color":"","overlay-opacity":"","overlay-gradient":""},"tablet":{"background-color":"var(--ast-global-color-4)","background-image":"","background-repeat":"repeat","background-position":"center center","background-size":"auto","background-attachment":"scroll","background-type":"","background-media":"","overlay-type":"","overlay-color":"","overlay-opacity":"","overlay-gradient":""},"mobile":{"background-color":"var(--ast-global-color-4)","background-image":"","background-repeat":"repeat","background-position":"center center","background-size":"auto","background-attachment":"scroll","background-type":"","background-media":"","overlay-type":"","overlay-color":"","overlay-opacity":"","overlay-gradient":""}}},"product_brand":[],"product_cat":[65],"product_tag":[],"class_list":{"0":"post-4036","1":"product","2":"type-product","3":"status-publish","4":"has-post-thumbnail","6":"product_cat-hybrid-fiber-optic-adapter","7":"desktop-align-left","8":"tablet-align-left","9":"mobile-align-left","11":"first","12":"instock","13":"shipping-taxable","14":"product-type-simple"},"acf":[],"_links":{"self":[{"href":"https:\/\/yfconnectivity.com\/tr\/wp-json\/wp\/v2\/product\/4036","targetHints":{"allow":["GET"]}}],"collection":[{"href":"https:\/\/yfconnectivity.com\/tr\/wp-json\/wp\/v2\/product"}],"about":[{"href":"https:\/\/yfconnectivity.com\/tr\/wp-json\/wp\/v2\/types\/product"}],"wp:featuredmedia":[{"embeddable":true,"href":"https:\/\/yfconnectivity.com\/tr\/wp-json\/wp\/v2\/media\/4038"}],"wp:attachment":[{"href":"https:\/\/yfconnectivity.com\/tr\/wp-json\/wp\/v2\/media?parent=4036"}],"wp:term":[{"taxonomy":"product_brand","embeddable":true,"href":"https:\/\/yfconnectivity.com\/tr\/wp-json\/wp\/v2\/product_brand?post=4036"},{"taxonomy":"product_cat","embeddable":true,"href":"https:\/\/yfconnectivity.com\/tr\/wp-json\/wp\/v2\/product_cat?post=4036"},{"taxonomy":"product_tag","embeddable":true,"href":"https:\/\/yfconnectivity.com\/tr\/wp-json\/wp\/v2\/product_tag?post=4036"}],"curies":[{"name":"wp","href":"https:\/\/api.w.org\/{rel}","templated":true}]}}