{"id":4029,"date":"2025-07-18T12:58:16","date_gmt":"2025-07-18T11:58:16","guid":{"rendered":"https:\/\/yfconnectivity.com\/?post_type=product&#038;p=4029"},"modified":"2025-07-27T09:13:48","modified_gmt":"2025-07-27T08:13:48","slug":"mtrj-mtrj-adaptorleri","status":"publish","type":"product","link":"https:\/\/yfconnectivity.com\/tr\/product\/mtrj-to-mtrj-adapters\/","title":{"rendered":"MTRJ Simplex PC Fiber Adapt\u00f6r\u00fc"},"content":{"rendered":"<p data-start=\"193\" data-end=\"680\">Yingfeng'in MTRJ - MTRJ fiber optik adapt\u00f6r\u00fc, y\u00fcksek yo\u011funluklu a\u011f uygulamalar\u0131 i\u00e7in tasarlanm\u0131\u015ft\u0131r. Kompakt simpleks tasar\u0131m\u0131 ve seramik hizalama man\u015fonu ile tek modlu ve \u00e7ok modlu fiberler i\u00e7in g\u00fcvenilir ve hassas ba\u011flant\u0131lar sa\u011flar. PC cilal\u0131 aray\u00fcz d\u00fc\u015f\u00fck ekleme kayb\u0131 (\u22640,2dB) sa\u011flarken, &gt;1000 e\u015fle\u015fme dayan\u0131kl\u0131l\u0131\u011f\u0131 uzun vadeli stabilite sunar. Adapt\u00f6r, g\u00fcvenli panel entegrasyonu i\u00e7in siyah plastik bir muhafaza ve flan\u015f montaj\u0131 ile birlikte gelir ve tamamen RoHS uyumludur.<\/p>\n<p data-start=\"682\" data-end=\"763\">Ethernet, telekom, veri merkezleri ve yap\u0131sal kablolama sistemlerinde kullan\u0131m i\u00e7in idealdir.<\/p>","protected":false},"excerpt":{"rendered":"<p>Yingfeng\u2019s MTRJ to MTRJ fiber optic adapter is designed for high-density network applications. With a compact simplex design and ceramic [&hellip;]<\/p>\n","protected":false},"featured_media":4031,"template":"","meta":{"_acf_changed":false,"site-sidebar-layout":"default","site-content-layout":"","ast-site-content-layout":"default","site-content-style":"default","site-sidebar-style":"default","ast-global-header-display":"","ast-banner-title-visibility":"","ast-main-header-display":"","ast-hfb-above-header-display":"","ast-hfb-below-header-display":"","ast-hfb-mobile-header-display":"","site-post-title":"","ast-breadcrumbs-content":"","ast-featured-img":"","footer-sml-layout":"","ast-disable-related-posts":"","theme-transparent-header-meta":"default","adv-header-id-meta":"","stick-header-meta":"","header-above-stick-meta":"","header-main-stick-meta":"","header-below-stick-meta":"","astra-migrate-meta-layouts":"set","ast-page-background-enabled":"default","ast-page-background-meta":{"desktop":{"background-color":"var(--ast-global-color-5)","background-image":"","background-repeat":"repeat","background-position":"center center","background-size":"auto","background-attachment":"scroll","background-type":"","background-media":"","overlay-type":"","overlay-color":"","overlay-opacity":"","overlay-gradient":""},"tablet":{"background-color":"","background-image":"","background-repeat":"repeat","background-position":"center center","background-size":"auto","background-attachment":"scroll","background-type":"","background-media":"","overlay-type":"","overlay-color":"","overlay-opacity":"","overlay-gradient":""},"mobile":{"background-color":"","background-image":"","background-repeat":"repeat","background-position":"center center","background-size":"auto","background-attachment":"scroll","background-type":"","background-media":"","overlay-type":"","overlay-color":"","overlay-opacity":"","overlay-gradient":""}},"ast-content-background-meta":{"desktop":{"background-color":"var(--ast-global-color-4)","background-image":"","background-repeat":"repeat","background-position":"center center","background-size":"auto","background-attachment":"scroll","background-type":"","background-media":"","overlay-type":"","overlay-color":"","overlay-opacity":"","overlay-gradient":""},"tablet":{"background-color":"var(--ast-global-color-4)","background-image":"","background-repeat":"repeat","background-position":"center center","background-size":"auto","background-attachment":"scroll","background-type":"","background-media":"","overlay-type":"","overlay-color":"","overlay-opacity":"","overlay-gradient":""},"mobile":{"background-color":"var(--ast-global-color-4)","background-image":"","background-repeat":"repeat","background-position":"center center","background-size":"auto","background-attachment":"scroll","background-type":"","background-media":"","overlay-type":"","overlay-color":"","overlay-opacity":"","overlay-gradient":""}}},"product_brand":[],"product_cat":[64],"product_tag":[],"class_list":{"0":"post-4029","1":"product","2":"type-product","3":"status-publish","4":"has-post-thumbnail","6":"product_cat-mtrj-to-mtrj-fiber-optic-adapter","7":"desktop-align-left","8":"tablet-align-left","9":"mobile-align-left","11":"first","12":"instock","13":"shipping-taxable","14":"product-type-simple"},"acf":[],"_links":{"self":[{"href":"https:\/\/yfconnectivity.com\/tr\/wp-json\/wp\/v2\/product\/4029","targetHints":{"allow":["GET"]}}],"collection":[{"href":"https:\/\/yfconnectivity.com\/tr\/wp-json\/wp\/v2\/product"}],"about":[{"href":"https:\/\/yfconnectivity.com\/tr\/wp-json\/wp\/v2\/types\/product"}],"wp:featuredmedia":[{"embeddable":true,"href":"https:\/\/yfconnectivity.com\/tr\/wp-json\/wp\/v2\/media\/4031"}],"wp:attachment":[{"href":"https:\/\/yfconnectivity.com\/tr\/wp-json\/wp\/v2\/media?parent=4029"}],"wp:term":[{"taxonomy":"product_brand","embeddable":true,"href":"https:\/\/yfconnectivity.com\/tr\/wp-json\/wp\/v2\/product_brand?post=4029"},{"taxonomy":"product_cat","embeddable":true,"href":"https:\/\/yfconnectivity.com\/tr\/wp-json\/wp\/v2\/product_cat?post=4029"},{"taxonomy":"product_tag","embeddable":true,"href":"https:\/\/yfconnectivity.com\/tr\/wp-json\/wp\/v2\/product_tag?post=4029"}],"curies":[{"name":"wp","href":"https:\/\/api.w.org\/{rel}","templated":true}]}}