{"id":4022,"date":"2025-07-18T12:39:43","date_gmt":"2025-07-18T11:39:43","guid":{"rendered":"https:\/\/yfconnectivity.com\/?post_type=product&#038;p=4022"},"modified":"2025-07-27T09:14:47","modified_gmt":"2025-07-27T08:14:47","slug":"mu-mu-sx-adaptorleri","status":"publish","type":"product","link":"https:\/\/yfconnectivity.com\/tr\/product\/mu-to-mu-sx-adapters\/","title":{"rendered":"MU - MU Simpleks Fiber Adapt\u00f6r"},"content":{"rendered":"<p><strong data-start=\"130\" data-end=\"197\">MU SX Fiber Optik Adapt\u00f6rler - Metal Muhafaza, Kompakt Performans<\/strong><br data-start=\"197\" data-end=\"200\" \/>Yingfeng'in MU SX fiber optik adapt\u00f6rleri, yerden tasarrufun kritik oldu\u011fu y\u00fcksek yo\u011funluklu ba\u011flant\u0131lar i\u00e7in tasarlanm\u0131\u015ft\u0131r. Bu simpleks adapt\u00f6rler, geli\u015fmi\u015f dayan\u0131kl\u0131l\u0131k ve ekranlama i\u00e7in kompakt bir form fakt\u00f6r\u00fcne ve metal g\u00f6vdeye sahiptir. Hem tek modlu hem de \u00e7ok modlu fiberlerle uyumlu olan bu adapt\u00f6rler, d\u00fc\u015f\u00fck ekleme kayb\u0131 (\u22640,2dB) ile g\u00fcvenilir ba\u011flant\u0131lar sa\u011flar. Seramik hizalama man\u015fonu, hassas fiber \u00e7ekirdek hizalamas\u0131n\u0131 garanti ederek telekom\u00fcnikasyon, FTTx, CATV ve y\u00fcksek performansl\u0131 optik a\u011flar i\u00e7in idealdir. Sorunsuz panel entegrasyonu i\u00e7in flan\u015fs\u0131z olarak mevcuttur.<\/p>","protected":false},"excerpt":{"rendered":"<p>MU SX Fiber Optic Adapters \u2013 Metal Housing, Compact PerformanceYingfeng&#8217;s MU SX fiber optic adapters are designed for high-density connections [&hellip;]<\/p>\n","protected":false},"featured_media":4023,"template":"","meta":{"_acf_changed":false,"site-sidebar-layout":"default","site-content-layout":"","ast-site-content-layout":"default","site-content-style":"default","site-sidebar-style":"default","ast-global-header-display":"","ast-banner-title-visibility":"","ast-main-header-display":"","ast-hfb-above-header-display":"","ast-hfb-below-header-display":"","ast-hfb-mobile-header-display":"","site-post-title":"","ast-breadcrumbs-content":"","ast-featured-img":"","footer-sml-layout":"","ast-disable-related-posts":"","theme-transparent-header-meta":"default","adv-header-id-meta":"","stick-header-meta":"","header-above-stick-meta":"","header-main-stick-meta":"","header-below-stick-meta":"","astra-migrate-meta-layouts":"set","ast-page-background-enabled":"default","ast-page-background-meta":{"desktop":{"background-color":"var(--ast-global-color-5)","background-image":"","background-repeat":"repeat","background-position":"center center","background-size":"auto","background-attachment":"scroll","background-type":"","background-media":"","overlay-type":"","overlay-color":"","overlay-opacity":"","overlay-gradient":""},"tablet":{"background-color":"","background-image":"","background-repeat":"repeat","background-position":"center center","background-size":"auto","background-attachment":"scroll","background-type":"","background-media":"","overlay-type":"","overlay-color":"","overlay-opacity":"","overlay-gradient":""},"mobile":{"background-color":"","background-image":"","background-repeat":"repeat","background-position":"center center","background-size":"auto","background-attachment":"scroll","background-type":"","background-media":"","overlay-type":"","overlay-color":"","overlay-opacity":"","overlay-gradient":""}},"ast-content-background-meta":{"desktop":{"background-color":"var(--ast-global-color-4)","background-image":"","background-repeat":"repeat","background-position":"center center","background-size":"auto","background-attachment":"scroll","background-type":"","background-media":"","overlay-type":"","overlay-color":"","overlay-opacity":"","overlay-gradient":""},"tablet":{"background-color":"var(--ast-global-color-4)","background-image":"","background-repeat":"repeat","background-position":"center center","background-size":"auto","background-attachment":"scroll","background-type":"","background-media":"","overlay-type":"","overlay-color":"","overlay-opacity":"","overlay-gradient":""},"mobile":{"background-color":"var(--ast-global-color-4)","background-image":"","background-repeat":"repeat","background-position":"center center","background-size":"auto","background-attachment":"scroll","background-type":"","background-media":"","overlay-type":"","overlay-color":"","overlay-opacity":"","overlay-gradient":""}}},"product_brand":[],"product_cat":[63],"product_tag":[],"class_list":{"0":"post-4022","1":"product","2":"type-product","3":"status-publish","4":"has-post-thumbnail","6":"product_cat-mu-to-mu-fiber-optic-adapter","7":"desktop-align-left","8":"tablet-align-left","9":"mobile-align-left","11":"first","12":"instock","13":"shipping-taxable","14":"product-type-simple"},"acf":[],"_links":{"self":[{"href":"https:\/\/yfconnectivity.com\/tr\/wp-json\/wp\/v2\/product\/4022","targetHints":{"allow":["GET"]}}],"collection":[{"href":"https:\/\/yfconnectivity.com\/tr\/wp-json\/wp\/v2\/product"}],"about":[{"href":"https:\/\/yfconnectivity.com\/tr\/wp-json\/wp\/v2\/types\/product"}],"wp:featuredmedia":[{"embeddable":true,"href":"https:\/\/yfconnectivity.com\/tr\/wp-json\/wp\/v2\/media\/4023"}],"wp:attachment":[{"href":"https:\/\/yfconnectivity.com\/tr\/wp-json\/wp\/v2\/media?parent=4022"}],"wp:term":[{"taxonomy":"product_brand","embeddable":true,"href":"https:\/\/yfconnectivity.com\/tr\/wp-json\/wp\/v2\/product_brand?post=4022"},{"taxonomy":"product_cat","embeddable":true,"href":"https:\/\/yfconnectivity.com\/tr\/wp-json\/wp\/v2\/product_cat?post=4022"},{"taxonomy":"product_tag","embeddable":true,"href":"https:\/\/yfconnectivity.com\/tr\/wp-json\/wp\/v2\/product_tag?post=4022"}],"curies":[{"name":"wp","href":"https:\/\/api.w.org\/{rel}","templated":true}]}}