{"id":4005,"date":"2025-07-18T11:30:19","date_gmt":"2025-07-18T10:30:19","guid":{"rendered":"https:\/\/yfconnectivity.com\/?post_type=product&#038;p=4005"},"modified":"2025-07-27T09:16:58","modified_gmt":"2025-07-27T08:16:58","slug":"mpo-mpo-fiber-optik-adaptor","status":"publish","type":"product","link":"https:\/\/yfconnectivity.com\/tr\/product\/mpo-to-mpo-fiber-optic-adapter\/","title":{"rendered":"Flan\u015fl\u0131 MPO Fiber Adapt\u00f6r"},"content":{"rendered":"<p data-start=\"109\" data-end=\"578\"><strong data-start=\"109\" data-end=\"143\">MPO - MPO Fiber Optik Adapt\u00f6r<\/strong> MPO konnekt\u00f6rleri aras\u0131nda hassas ve d\u00fc\u015f\u00fck kay\u0131pl\u0131 ba\u011flant\u0131lar sa\u011flayan y\u00fcksek yo\u011funluklu fiber a\u011flar i\u00e7in \u00f6zel olarak tasarlanm\u0131\u015ft\u0131r. Seramik hizalama man\u015fonu ve flan\u015f montaj tipi ile bu adapt\u00f6r, hem tek modlu hem de \u00e7ok modlu uygulamalarda \u00fcst\u00fcn dayan\u0131kl\u0131l\u0131k ve istikrarl\u0131 performans sa\u011flar. Veri merkezleri, y\u00fcksek h\u0131zl\u0131 a\u011flar ve paralel optik ara ba\u011flant\u0131lar i\u00e7in ideal olan bu adapt\u00f6r, kolay panel kurulumunu ve uzun vadeli g\u00fcvenilirli\u011fi destekler.<\/p>","protected":false},"excerpt":{"rendered":"<p>MPO to MPO Fiber Optic Adapter is specially designed for high-density fiber networks, providing precise and low-loss connections between MPO [&hellip;]<\/p>\n","protected":false},"featured_media":4007,"template":"","meta":{"_acf_changed":false,"site-sidebar-layout":"default","site-content-layout":"","ast-site-content-layout":"default","site-content-style":"default","site-sidebar-style":"default","ast-global-header-display":"","ast-banner-title-visibility":"","ast-main-header-display":"","ast-hfb-above-header-display":"","ast-hfb-below-header-display":"","ast-hfb-mobile-header-display":"","site-post-title":"","ast-breadcrumbs-content":"","ast-featured-img":"","footer-sml-layout":"","ast-disable-related-posts":"","theme-transparent-header-meta":"default","adv-header-id-meta":"","stick-header-meta":"","header-above-stick-meta":"","header-main-stick-meta":"","header-below-stick-meta":"","astra-migrate-meta-layouts":"set","ast-page-background-enabled":"default","ast-page-background-meta":{"desktop":{"background-color":"var(--ast-global-color-5)","background-image":"","background-repeat":"repeat","background-position":"center center","background-size":"auto","background-attachment":"scroll","background-type":"","background-media":"","overlay-type":"","overlay-color":"","overlay-opacity":"","overlay-gradient":""},"tablet":{"background-color":"","background-image":"","background-repeat":"repeat","background-position":"center center","background-size":"auto","background-attachment":"scroll","background-type":"","background-media":"","overlay-type":"","overlay-color":"","overlay-opacity":"","overlay-gradient":""},"mobile":{"background-color":"","background-image":"","background-repeat":"repeat","background-position":"center center","background-size":"auto","background-attachment":"scroll","background-type":"","background-media":"","overlay-type":"","overlay-color":"","overlay-opacity":"","overlay-gradient":""}},"ast-content-background-meta":{"desktop":{"background-color":"var(--ast-global-color-4)","background-image":"","background-repeat":"repeat","background-position":"center center","background-size":"auto","background-attachment":"scroll","background-type":"","background-media":"","overlay-type":"","overlay-color":"","overlay-opacity":"","overlay-gradient":""},"tablet":{"background-color":"var(--ast-global-color-4)","background-image":"","background-repeat":"repeat","background-position":"center center","background-size":"auto","background-attachment":"scroll","background-type":"","background-media":"","overlay-type":"","overlay-color":"","overlay-opacity":"","overlay-gradient":""},"mobile":{"background-color":"var(--ast-global-color-4)","background-image":"","background-repeat":"repeat","background-position":"center center","background-size":"auto","background-attachment":"scroll","background-type":"","background-media":"","overlay-type":"","overlay-color":"","overlay-opacity":"","overlay-gradient":""}}},"product_brand":[],"product_cat":[61],"product_tag":[],"class_list":{"0":"post-4005","1":"product","2":"type-product","3":"status-publish","4":"has-post-thumbnail","6":"product_cat-mpo-to-mpo-fiber-optic-adapters","7":"desktop-align-left","8":"tablet-align-left","9":"mobile-align-left","11":"first","12":"instock","13":"shipping-taxable","14":"product-type-simple"},"acf":[],"_links":{"self":[{"href":"https:\/\/yfconnectivity.com\/tr\/wp-json\/wp\/v2\/product\/4005","targetHints":{"allow":["GET"]}}],"collection":[{"href":"https:\/\/yfconnectivity.com\/tr\/wp-json\/wp\/v2\/product"}],"about":[{"href":"https:\/\/yfconnectivity.com\/tr\/wp-json\/wp\/v2\/types\/product"}],"wp:featuredmedia":[{"embeddable":true,"href":"https:\/\/yfconnectivity.com\/tr\/wp-json\/wp\/v2\/media\/4007"}],"wp:attachment":[{"href":"https:\/\/yfconnectivity.com\/tr\/wp-json\/wp\/v2\/media?parent=4005"}],"wp:term":[{"taxonomy":"product_brand","embeddable":true,"href":"https:\/\/yfconnectivity.com\/tr\/wp-json\/wp\/v2\/product_brand?post=4005"},{"taxonomy":"product_cat","embeddable":true,"href":"https:\/\/yfconnectivity.com\/tr\/wp-json\/wp\/v2\/product_cat?post=4005"},{"taxonomy":"product_tag","embeddable":true,"href":"https:\/\/yfconnectivity.com\/tr\/wp-json\/wp\/v2\/product_tag?post=4005"}],"curies":[{"name":"wp","href":"https:\/\/api.w.org\/{rel}","templated":true}]}}