{"id":3993,"date":"2025-07-18T11:15:16","date_gmt":"2025-07-18T10:15:16","guid":{"rendered":"https:\/\/yfconnectivity.com\/?post_type=product&#038;p=3993"},"modified":"2025-07-27T09:18:50","modified_gmt":"2025-07-27T08:18:50","slug":"st-sx-fiber-optik-adaptor","status":"publish","type":"product","link":"https:\/\/yfconnectivity.com\/tr\/product\/st-sx-fiber-optic-adapter\/","title":{"rendered":"Flan\u015fs\u0131z ST Simplex Fiber Adapt\u00f6r"},"content":{"rendered":"<p>ST SX Fiber Optik Adapt\u00f6r - Metal Muhafaza, Seramik Kovan, Flan\u015fs\u0131z<\/p>\n<p>YingFeng'in ST SX Fiber Optik Adapt\u00f6r\u00fc, simpleks konfig\u00fcrasyonlarda y\u00fcksek hassasiyetli fiber optik ba\u011flant\u0131 i\u00e7in tasarlanm\u0131\u015ft\u0131r. Dayan\u0131kl\u0131 metal g\u00f6vde ve y\u00fcksek hassasiyetli seramik hizalama man\u015fonu ile \u00fcretilen bu adapt\u00f6r, d\u00fc\u015f\u00fck ekleme kayb\u0131 (\u22640,2dB) ve 1000 e\u015fle\u015fme d\u00f6ng\u00fcs\u00fc boyunca y\u00fcksek dayan\u0131kl\u0131l\u0131k ile m\u00fckemmel optik performans sa\u011flar. Flan\u015fs\u0131z tasar\u0131m, kurulum esnekli\u011fi sunarak panel alan\u0131n\u0131n s\u0131n\u0131rl\u0131 oldu\u011fu uygulamalar i\u00e7in idealdir.<\/p>\n<p>Bu adapt\u00f6r RoHS standartlar\u0131na uygundur ve FTTH, CATV, veri merkezi kablolamas\u0131 ve telekom a\u011flar\u0131nda g\u00fcvenilir ba\u011flant\u0131y\u0131 destekler.<\/p>","protected":false},"excerpt":{"rendered":"<p>ST SX Fiber Optic Adapter \u2013 Metal Housing, Ceramic Sleeve, Without Flange YingFeng&#8217;s ST SX Fiber Optic Adapter is designed [&hellip;]<\/p>\n","protected":false},"featured_media":3995,"template":"","meta":{"_acf_changed":false,"site-sidebar-layout":"default","site-content-layout":"","ast-site-content-layout":"default","site-content-style":"default","site-sidebar-style":"default","ast-global-header-display":"","ast-banner-title-visibility":"","ast-main-header-display":"","ast-hfb-above-header-display":"","ast-hfb-below-header-display":"","ast-hfb-mobile-header-display":"","site-post-title":"","ast-breadcrumbs-content":"","ast-featured-img":"","footer-sml-layout":"","ast-disable-related-posts":"","theme-transparent-header-meta":"default","adv-header-id-meta":"","stick-header-meta":"","header-above-stick-meta":"","header-main-stick-meta":"","header-below-stick-meta":"","astra-migrate-meta-layouts":"set","ast-page-background-enabled":"default","ast-page-background-meta":{"desktop":{"background-color":"var(--ast-global-color-5)","background-image":"","background-repeat":"repeat","background-position":"center center","background-size":"auto","background-attachment":"scroll","background-type":"","background-media":"","overlay-type":"","overlay-color":"","overlay-opacity":"","overlay-gradient":""},"tablet":{"background-color":"","background-image":"","background-repeat":"repeat","background-position":"center center","background-size":"auto","background-attachment":"scroll","background-type":"","background-media":"","overlay-type":"","overlay-color":"","overlay-opacity":"","overlay-gradient":""},"mobile":{"background-color":"","background-image":"","background-repeat":"repeat","background-position":"center center","background-size":"auto","background-attachment":"scroll","background-type":"","background-media":"","overlay-type":"","overlay-color":"","overlay-opacity":"","overlay-gradient":""}},"ast-content-background-meta":{"desktop":{"background-color":"var(--ast-global-color-4)","background-image":"","background-repeat":"repeat","background-position":"center center","background-size":"auto","background-attachment":"scroll","background-type":"","background-media":"","overlay-type":"","overlay-color":"","overlay-opacity":"","overlay-gradient":""},"tablet":{"background-color":"var(--ast-global-color-4)","background-image":"","background-repeat":"repeat","background-position":"center center","background-size":"auto","background-attachment":"scroll","background-type":"","background-media":"","overlay-type":"","overlay-color":"","overlay-opacity":"","overlay-gradient":""},"mobile":{"background-color":"var(--ast-global-color-4)","background-image":"","background-repeat":"repeat","background-position":"center center","background-size":"auto","background-attachment":"scroll","background-type":"","background-media":"","overlay-type":"","overlay-color":"","overlay-opacity":"","overlay-gradient":""}}},"product_brand":[],"product_cat":[60],"product_tag":[],"class_list":{"0":"post-3993","1":"product","2":"type-product","3":"status-publish","4":"has-post-thumbnail","6":"product_cat-st-to-st-fiber-optic-adapters","7":"desktop-align-left","8":"tablet-align-left","9":"mobile-align-left","11":"first","12":"instock","13":"shipping-taxable","14":"product-type-simple"},"acf":[],"_links":{"self":[{"href":"https:\/\/yfconnectivity.com\/tr\/wp-json\/wp\/v2\/product\/3993","targetHints":{"allow":["GET"]}}],"collection":[{"href":"https:\/\/yfconnectivity.com\/tr\/wp-json\/wp\/v2\/product"}],"about":[{"href":"https:\/\/yfconnectivity.com\/tr\/wp-json\/wp\/v2\/types\/product"}],"wp:featuredmedia":[{"embeddable":true,"href":"https:\/\/yfconnectivity.com\/tr\/wp-json\/wp\/v2\/media\/3995"}],"wp:attachment":[{"href":"https:\/\/yfconnectivity.com\/tr\/wp-json\/wp\/v2\/media?parent=3993"}],"wp:term":[{"taxonomy":"product_brand","embeddable":true,"href":"https:\/\/yfconnectivity.com\/tr\/wp-json\/wp\/v2\/product_brand?post=3993"},{"taxonomy":"product_cat","embeddable":true,"href":"https:\/\/yfconnectivity.com\/tr\/wp-json\/wp\/v2\/product_cat?post=3993"},{"taxonomy":"product_tag","embeddable":true,"href":"https:\/\/yfconnectivity.com\/tr\/wp-json\/wp\/v2\/product_tag?post=3993"}],"curies":[{"name":"wp","href":"https:\/\/api.w.org\/{rel}","templated":true}]}}