{"id":3987,"date":"2025-07-18T11:07:13","date_gmt":"2025-07-18T10:07:13","guid":{"rendered":"https:\/\/yfconnectivity.com\/?post_type=product&#038;p=3987"},"modified":"2025-07-27T09:19:36","modified_gmt":"2025-07-27T08:19:36","slug":"fc-sx-big-d-fiber-optik-adaptorler","status":"publish","type":"product","link":"https:\/\/yfconnectivity.com\/tr\/product\/fc-sx-big-d-fiber-optic-adapters\/","title":{"rendered":"FC Simplex B\u00fcy\u00fck D-Tipi Fiber Adapt\u00f6r"},"content":{"rendered":"<p>FC SX B\u00fcy\u00fck D-Tipi Adapt\u00f6r, daha g\u00fc\u00e7l\u00fc mekanik tutu\u015f ve daha kolay alet kullan\u0131m\u0131 gerektiren paneller veya muhafazalar i\u00e7in ideal olan daha b\u00fcy\u00fck bir D \u015fekilli montaj somununa sahip metal g\u00f6vdeli bir simpleks fiber adapt\u00f6rd\u00fcr.<\/p>\n<p>Tek modlu FC konnekt\u00f6rler i\u00e7in tasarlanan bu \u00fcr\u00fcn, seramik bir k\u0131l\u0131f ile istikrarl\u0131 ve hassas hizalama sa\u011flar ve d\u00fc\u015f\u00fck ekleme kayb\u0131n\u0131 (\u22640,2dB) destekler. Metal muhafaza, dayan\u0131kl\u0131l\u0131\u011f\u0131 ve topraklama performans\u0131n\u0131 art\u0131rarak zorlu ortamlar i\u00e7in uygun hale getirir.<\/p>\n<p>B\u00fcy\u00fck D tipi flan\u015fs\u0131z tasar\u0131m\u0131, fiber da\u011f\u0131t\u0131m \u00e7er\u00e7evelerinde, test ekipmanlar\u0131nda ve \u00f6nceden ayarlanm\u0131\u015f b\u00fcy\u00fck D kesikli patch panellerde yayg\u0131n olarak kullan\u0131l\u0131r.<\/p>","protected":false},"excerpt":{"rendered":"<p>The FC SX Big D-Type Adapter is a metal-bodied simplex fiber adapter featuring a larger D-shaped mounting nut, ideal for [&hellip;]<\/p>\n","protected":false},"featured_media":3992,"template":"","meta":{"_acf_changed":false,"site-sidebar-layout":"default","site-content-layout":"","ast-site-content-layout":"default","site-content-style":"default","site-sidebar-style":"default","ast-global-header-display":"","ast-banner-title-visibility":"","ast-main-header-display":"","ast-hfb-above-header-display":"","ast-hfb-below-header-display":"","ast-hfb-mobile-header-display":"","site-post-title":"","ast-breadcrumbs-content":"","ast-featured-img":"","footer-sml-layout":"","ast-disable-related-posts":"","theme-transparent-header-meta":"default","adv-header-id-meta":"","stick-header-meta":"","header-above-stick-meta":"","header-main-stick-meta":"","header-below-stick-meta":"","astra-migrate-meta-layouts":"set","ast-page-background-enabled":"default","ast-page-background-meta":{"desktop":{"background-color":"var(--ast-global-color-5)","background-image":"","background-repeat":"repeat","background-position":"center center","background-size":"auto","background-attachment":"scroll","background-type":"","background-media":"","overlay-type":"","overlay-color":"","overlay-opacity":"","overlay-gradient":""},"tablet":{"background-color":"","background-image":"","background-repeat":"repeat","background-position":"center center","background-size":"auto","background-attachment":"scroll","background-type":"","background-media":"","overlay-type":"","overlay-color":"","overlay-opacity":"","overlay-gradient":""},"mobile":{"background-color":"","background-image":"","background-repeat":"repeat","background-position":"center center","background-size":"auto","background-attachment":"scroll","background-type":"","background-media":"","overlay-type":"","overlay-color":"","overlay-opacity":"","overlay-gradient":""}},"ast-content-background-meta":{"desktop":{"background-color":"var(--ast-global-color-4)","background-image":"","background-repeat":"repeat","background-position":"center center","background-size":"auto","background-attachment":"scroll","background-type":"","background-media":"","overlay-type":"","overlay-color":"","overlay-opacity":"","overlay-gradient":""},"tablet":{"background-color":"var(--ast-global-color-4)","background-image":"","background-repeat":"repeat","background-position":"center center","background-size":"auto","background-attachment":"scroll","background-type":"","background-media":"","overlay-type":"","overlay-color":"","overlay-opacity":"","overlay-gradient":""},"mobile":{"background-color":"var(--ast-global-color-4)","background-image":"","background-repeat":"repeat","background-position":"center center","background-size":"auto","background-attachment":"scroll","background-type":"","background-media":"","overlay-type":"","overlay-color":"","overlay-opacity":"","overlay-gradient":""}}},"product_brand":[],"product_cat":[59],"product_tag":[],"class_list":{"0":"post-3987","1":"product","2":"type-product","3":"status-publish","4":"has-post-thumbnail","6":"product_cat-fc-to-fc-fiber-optic-adapters","7":"desktop-align-left","8":"tablet-align-left","9":"mobile-align-left","11":"first","12":"instock","13":"shipping-taxable","14":"product-type-simple"},"acf":[],"_links":{"self":[{"href":"https:\/\/yfconnectivity.com\/tr\/wp-json\/wp\/v2\/product\/3987","targetHints":{"allow":["GET"]}}],"collection":[{"href":"https:\/\/yfconnectivity.com\/tr\/wp-json\/wp\/v2\/product"}],"about":[{"href":"https:\/\/yfconnectivity.com\/tr\/wp-json\/wp\/v2\/types\/product"}],"wp:featuredmedia":[{"embeddable":true,"href":"https:\/\/yfconnectivity.com\/tr\/wp-json\/wp\/v2\/media\/3992"}],"wp:attachment":[{"href":"https:\/\/yfconnectivity.com\/tr\/wp-json\/wp\/v2\/media?parent=3987"}],"wp:term":[{"taxonomy":"product_brand","embeddable":true,"href":"https:\/\/yfconnectivity.com\/tr\/wp-json\/wp\/v2\/product_brand?post=3987"},{"taxonomy":"product_cat","embeddable":true,"href":"https:\/\/yfconnectivity.com\/tr\/wp-json\/wp\/v2\/product_cat?post=3987"},{"taxonomy":"product_tag","embeddable":true,"href":"https:\/\/yfconnectivity.com\/tr\/wp-json\/wp\/v2\/product_tag?post=3987"}],"curies":[{"name":"wp","href":"https:\/\/api.w.org\/{rel}","templated":true}]}}