{"id":3980,"date":"2025-07-18T09:25:09","date_gmt":"2025-07-18T08:25:09","guid":{"rendered":"https:\/\/yfconnectivity.com\/?post_type=product&#038;p=3980"},"modified":"2025-07-27T10:26:20","modified_gmt":"2025-07-27T09:26:20","slug":"lc-apc-sx-flanssiz-fi%cc%87ber-adaptor","status":"publish","type":"product","link":"https:\/\/yfconnectivity.com\/tr\/product\/lc-apc-sx-fiber-adapter-without-flange\/","title":{"rendered":"Flan\u015fs\u0131z LC APC Simplex Fiber Adapt\u00f6r"},"content":{"rendered":"<p data-start=\"126\" data-end=\"395\">Flan\u015fs\u0131z LC APC Simplex Adapt\u00f6r, kompakt form fakt\u00f6r\u00fc ve esnek entegrasyon gerektiren uygulamalar i\u00e7in tasarlanm\u0131\u015ft\u0131r. Flan\u015fs\u0131z g\u00f6vdesi, alan\u0131n s\u0131n\u0131rl\u0131 oldu\u011fu \u00f6zelle\u015ftirilmi\u015f panellere, kasetlere veya y\u00fcksek yo\u011funluklu fiber ortamlar\u0131na sorunsuz kurulum sa\u011flar.<\/p>\n<p data-start=\"397\" data-end=\"681\">Bu adapt\u00f6r, tek modlu LC APC konnekt\u00f6rlerini destekler ve y\u00fcksek kaliteli seramik hizalama man\u015fonu sayesinde istikrarl\u0131 d\u00fc\u015f\u00fck ekleme kayb\u0131 (\u22640,2dB) ve hassas hizalama sunar. 1000'den fazla e\u015fle\u015fme d\u00f6ng\u00fcs\u00fc ile dayan\u0131kl\u0131l\u0131k i\u00e7in tasarlanm\u0131\u015ft\u0131r ve \u00e7evre g\u00fcvenli\u011fi i\u00e7in RoHS uyumlulu\u011funu kar\u015f\u0131lar.<\/p>\n<p data-start=\"683\" data-end=\"814\">OEM sistem entegrasyonu, MTP\/MPO mod\u00fcl tasar\u0131m\u0131 veya vidal\u0131 sabitleme olmadan do\u011frudan ge\u00e7meli \u00e7\u00f6z\u00fcmler gerektiren adapt\u00f6r \u00e7er\u00e7eveleri i\u00e7in idealdir.<\/p>","protected":false},"excerpt":{"rendered":"<p>The LC APC Simplex Adapter Without Flange is designed for applications requiring compact form factor and flexible integration. Its flangeless [&hellip;]<\/p>\n","protected":false},"featured_media":3982,"template":"","meta":{"_acf_changed":false,"site-sidebar-layout":"default","site-content-layout":"","ast-site-content-layout":"default","site-content-style":"default","site-sidebar-style":"default","ast-global-header-display":"","ast-banner-title-visibility":"","ast-main-header-display":"","ast-hfb-above-header-display":"","ast-hfb-below-header-display":"","ast-hfb-mobile-header-display":"","site-post-title":"","ast-breadcrumbs-content":"","ast-featured-img":"","footer-sml-layout":"","ast-disable-related-posts":"","theme-transparent-header-meta":"default","adv-header-id-meta":"","stick-header-meta":"","header-above-stick-meta":"","header-main-stick-meta":"","header-below-stick-meta":"","astra-migrate-meta-layouts":"set","ast-page-background-enabled":"default","ast-page-background-meta":{"desktop":{"background-color":"var(--ast-global-color-5)","background-image":"","background-repeat":"repeat","background-position":"center center","background-size":"auto","background-attachment":"scroll","background-type":"","background-media":"","overlay-type":"","overlay-color":"","overlay-opacity":"","overlay-gradient":""},"tablet":{"background-color":"","background-image":"","background-repeat":"repeat","background-position":"center center","background-size":"auto","background-attachment":"scroll","background-type":"","background-media":"","overlay-type":"","overlay-color":"","overlay-opacity":"","overlay-gradient":""},"mobile":{"background-color":"","background-image":"","background-repeat":"repeat","background-position":"center center","background-size":"auto","background-attachment":"scroll","background-type":"","background-media":"","overlay-type":"","overlay-color":"","overlay-opacity":"","overlay-gradient":""}},"ast-content-background-meta":{"desktop":{"background-color":"var(--ast-global-color-4)","background-image":"","background-repeat":"repeat","background-position":"center center","background-size":"auto","background-attachment":"scroll","background-type":"","background-media":"","overlay-type":"","overlay-color":"","overlay-opacity":"","overlay-gradient":""},"tablet":{"background-color":"var(--ast-global-color-4)","background-image":"","background-repeat":"repeat","background-position":"center center","background-size":"auto","background-attachment":"scroll","background-type":"","background-media":"","overlay-type":"","overlay-color":"","overlay-opacity":"","overlay-gradient":""},"mobile":{"background-color":"var(--ast-global-color-4)","background-image":"","background-repeat":"repeat","background-position":"center center","background-size":"auto","background-attachment":"scroll","background-type":"","background-media":"","overlay-type":"","overlay-color":"","overlay-opacity":"","overlay-gradient":""}}},"product_brand":[],"product_cat":[49],"product_tag":[],"class_list":{"0":"post-3980","1":"product","2":"type-product","3":"status-publish","4":"has-post-thumbnail","6":"product_cat-lc-to-lc-fiber-optic-adapters","7":"desktop-align-left","8":"tablet-align-left","9":"mobile-align-left","11":"first","12":"instock","13":"shipping-taxable","14":"product-type-simple"},"acf":[],"_links":{"self":[{"href":"https:\/\/yfconnectivity.com\/tr\/wp-json\/wp\/v2\/product\/3980","targetHints":{"allow":["GET"]}}],"collection":[{"href":"https:\/\/yfconnectivity.com\/tr\/wp-json\/wp\/v2\/product"}],"about":[{"href":"https:\/\/yfconnectivity.com\/tr\/wp-json\/wp\/v2\/types\/product"}],"wp:featuredmedia":[{"embeddable":true,"href":"https:\/\/yfconnectivity.com\/tr\/wp-json\/wp\/v2\/media\/3982"}],"wp:attachment":[{"href":"https:\/\/yfconnectivity.com\/tr\/wp-json\/wp\/v2\/media?parent=3980"}],"wp:term":[{"taxonomy":"product_brand","embeddable":true,"href":"https:\/\/yfconnectivity.com\/tr\/wp-json\/wp\/v2\/product_brand?post=3980"},{"taxonomy":"product_cat","embeddable":true,"href":"https:\/\/yfconnectivity.com\/tr\/wp-json\/wp\/v2\/product_cat?post=3980"},{"taxonomy":"product_tag","embeddable":true,"href":"https:\/\/yfconnectivity.com\/tr\/wp-json\/wp\/v2\/product_tag?post=3980"}],"curies":[{"name":"wp","href":"https:\/\/api.w.org\/{rel}","templated":true}]}}