{"id":3975,"date":"2025-07-18T08:55:56","date_gmt":"2025-07-18T07:55:56","guid":{"rendered":"https:\/\/yfconnectivity.com\/?post_type=product&#038;p=3975"},"modified":"2025-07-27T09:23:02","modified_gmt":"2025-07-27T08:23:02","slug":"lc-duplex-yuksek-alcak-ti%cc%87p-adaptor","status":"publish","type":"product","link":"https:\/\/yfconnectivity.com\/tr\/product\/lc-duplex-high-low-type-adapter\/","title":{"rendered":"LC Duplex Y\u00fcksek-D\u00fc\u015f\u00fck Tip Fiber Adapt\u00f6r"},"content":{"rendered":"<p data-start=\"306\" data-end=\"626\">Bu <strong data-start=\"310\" data-end=\"344\">LC APC \u00c7ift Y\u00f6nl\u00fc Y\u00fcksek-D\u00fc\u015f\u00fck Adapt\u00f6r<\/strong> asimetrik bir g\u00f6vde tasar\u0131m\u0131na sahiptir ve \u00f6n ve arka ba\u011flant\u0131 noktalar\u0131n\u0131 kayd\u0131rarak <strong data-start=\"432\" data-end=\"466\">\u00f6zel patch panel yapilari<\/strong> veya y\u00fcksek yo\u011funluklu fiber ortamlar. Bu destekler <strong data-start=\"515\" data-end=\"554\">tek modlu APC cilal\u0131 konekt\u00f6rler<\/strong>sa\u011flamak <strong data-start=\"565\" data-end=\"596\">d\u00fc\u015f\u00fck ekleme kayb\u0131 (\u22640,2dB)<\/strong> ve y\u00fcksek hizalama hassasiyeti.<\/p>\n<p data-start=\"628\" data-end=\"904\">ile donat\u0131lm\u0131\u015ft\u0131r. <strong data-start=\"644\" data-end=\"672\">seramik hizalama man\u015fonu<\/strong> ve bir <strong data-start=\"679\" data-end=\"698\">flan\u015fs\u0131z g\u00f6vde<\/strong>'de \u00f6zelle\u015ftirilmi\u015f entegrasyon i\u00e7in idealdir. <strong data-start=\"742\" data-end=\"762\">s\u0131k\u0131 muhafazalar<\/strong>, <strong data-start=\"764\" data-end=\"781\">a\u00e7\u0131l\u0131 paneller<\/strong>veya <strong data-start=\"786\" data-end=\"804\">mod\u00fcl si\u0307stemleri\u0307<\/strong> dikey y\u00fckseklik ayarlamalar\u0131 gerektirir. Tamamen RoHS uyumludur ve a\u015fa\u011f\u0131dakiler i\u00e7in test edilmi\u015ftir <strong data-start=\"880\" data-end=\"903\">&gt;1000'den fazla \u00e7iftle\u015fme d\u00f6ng\u00fcs\u00fc<\/strong>.<\/p>","protected":false},"excerpt":{"rendered":"<p>The LC APC Duplex High-Low Adapter features an asymmetric housing design, with offset front and rear ports to accommodate special [&hellip;]<\/p>\n","protected":false},"featured_media":3986,"template":"","meta":{"_acf_changed":false,"site-sidebar-layout":"default","site-content-layout":"","ast-site-content-layout":"default","site-content-style":"default","site-sidebar-style":"default","ast-global-header-display":"","ast-banner-title-visibility":"","ast-main-header-display":"","ast-hfb-above-header-display":"","ast-hfb-below-header-display":"","ast-hfb-mobile-header-display":"","site-post-title":"","ast-breadcrumbs-content":"","ast-featured-img":"","footer-sml-layout":"","ast-disable-related-posts":"","theme-transparent-header-meta":"default","adv-header-id-meta":"","stick-header-meta":"","header-above-stick-meta":"","header-main-stick-meta":"","header-below-stick-meta":"","astra-migrate-meta-layouts":"set","ast-page-background-enabled":"default","ast-page-background-meta":{"desktop":{"background-color":"var(--ast-global-color-5)","background-image":"","background-repeat":"repeat","background-position":"center center","background-size":"auto","background-attachment":"scroll","background-type":"","background-media":"","overlay-type":"","overlay-color":"","overlay-opacity":"","overlay-gradient":""},"tablet":{"background-color":"","background-image":"","background-repeat":"repeat","background-position":"center center","background-size":"auto","background-attachment":"scroll","background-type":"","background-media":"","overlay-type":"","overlay-color":"","overlay-opacity":"","overlay-gradient":""},"mobile":{"background-color":"","background-image":"","background-repeat":"repeat","background-position":"center center","background-size":"auto","background-attachment":"scroll","background-type":"","background-media":"","overlay-type":"","overlay-color":"","overlay-opacity":"","overlay-gradient":""}},"ast-content-background-meta":{"desktop":{"background-color":"var(--ast-global-color-4)","background-image":"","background-repeat":"repeat","background-position":"center center","background-size":"auto","background-attachment":"scroll","background-type":"","background-media":"","overlay-type":"","overlay-color":"","overlay-opacity":"","overlay-gradient":""},"tablet":{"background-color":"var(--ast-global-color-4)","background-image":"","background-repeat":"repeat","background-position":"center center","background-size":"auto","background-attachment":"scroll","background-type":"","background-media":"","overlay-type":"","overlay-color":"","overlay-opacity":"","overlay-gradient":""},"mobile":{"background-color":"var(--ast-global-color-4)","background-image":"","background-repeat":"repeat","background-position":"center center","background-size":"auto","background-attachment":"scroll","background-type":"","background-media":"","overlay-type":"","overlay-color":"","overlay-opacity":"","overlay-gradient":""}}},"product_brand":[],"product_cat":[49],"product_tag":[],"class_list":{"0":"post-3975","1":"product","2":"type-product","3":"status-publish","4":"has-post-thumbnail","6":"product_cat-lc-to-lc-fiber-optic-adapters","7":"desktop-align-left","8":"tablet-align-left","9":"mobile-align-left","11":"first","12":"instock","13":"shipping-taxable","14":"product-type-simple"},"acf":[],"_links":{"self":[{"href":"https:\/\/yfconnectivity.com\/tr\/wp-json\/wp\/v2\/product\/3975","targetHints":{"allow":["GET"]}}],"collection":[{"href":"https:\/\/yfconnectivity.com\/tr\/wp-json\/wp\/v2\/product"}],"about":[{"href":"https:\/\/yfconnectivity.com\/tr\/wp-json\/wp\/v2\/types\/product"}],"wp:featuredmedia":[{"embeddable":true,"href":"https:\/\/yfconnectivity.com\/tr\/wp-json\/wp\/v2\/media\/3986"}],"wp:attachment":[{"href":"https:\/\/yfconnectivity.com\/tr\/wp-json\/wp\/v2\/media?parent=3975"}],"wp:term":[{"taxonomy":"product_brand","embeddable":true,"href":"https:\/\/yfconnectivity.com\/tr\/wp-json\/wp\/v2\/product_brand?post=3975"},{"taxonomy":"product_cat","embeddable":true,"href":"https:\/\/yfconnectivity.com\/tr\/wp-json\/wp\/v2\/product_cat?post=3975"},{"taxonomy":"product_tag","embeddable":true,"href":"https:\/\/yfconnectivity.com\/tr\/wp-json\/wp\/v2\/product_tag?post=3975"}],"curies":[{"name":"wp","href":"https:\/\/api.w.org\/{rel}","templated":true}]}}