{"id":3870,"date":"2025-07-16T04:44:37","date_gmt":"2025-07-16T03:44:37","guid":{"rendered":"https:\/\/yfconnectivity.com\/?post_type=product&#038;p=3870"},"modified":"2025-07-16T04:44:37","modified_gmt":"2025-07-16T03:44:37","slug":"yatay-48-cekirdekli-fiber-ek-yeri-kapatma","status":"publish","type":"product","link":"https:\/\/yfconnectivity.com\/tr\/product\/horizontal-48-cores-fiber-splice-closure\/","title":{"rendered":"Yatay 48 \u00c7ekirdek Fiber Ek Kapatma"},"content":{"rendered":"<p>GJS-H048-04a Yatay Fiber Ek Kapatma, d\u0131\u015f mekan kablo ekleme ve koruma i\u00e7in tasarlanm\u0131\u015ft\u0131r ve 2 ekleme tepsisi (her biri 24 \u00e7ekirdek) arac\u0131l\u0131\u011f\u0131yla 48 adede kadar fiber \u00e7ekirde\u011fi destekler. Anten, duvara monte veya yeralt\u0131 kurulumlar\u0131nda da\u011f\u0131t\u0131m ve d\u00fc\u015fme kablolar\u0131 aras\u0131nda g\u00fcvenli ve hava ko\u015fullar\u0131na dayan\u0131kl\u0131 ba\u011flant\u0131lar sa\u011flar.<\/p>\n<p>Y\u00fcksek mukavemetli m\u00fchendislik plasti\u011finden \u00fcretilen kapak, minimum b\u00fck\u00fclme kayb\u0131 ve yeterli depolama sa\u011flamak i\u00e7in m\u00fckemmel s\u0131zd\u0131rmazl\u0131k, darbe direnci ve fiber dostu y\u00f6nlendirme tasar\u0131m\u0131 sunar. FTTx a\u011flar\u0131, optik kablo sistemleri ve CATV altyap\u0131s\u0131 i\u00e7in idealdir.<\/p>","protected":false},"excerpt":{"rendered":"<p>The GJS-H048-04a Horizontal Fiber Splice Closure is designed for outdoor cable splicing and protection, supporting up to 48 fiber cores [&hellip;]<\/p>\n","protected":false},"featured_media":3874,"template":"","meta":{"_acf_changed":false,"site-sidebar-layout":"default","site-content-layout":"","ast-site-content-layout":"default","site-content-style":"default","site-sidebar-style":"default","ast-global-header-display":"","ast-banner-title-visibility":"","ast-main-header-display":"","ast-hfb-above-header-display":"","ast-hfb-below-header-display":"","ast-hfb-mobile-header-display":"","site-post-title":"","ast-breadcrumbs-content":"","ast-featured-img":"","footer-sml-layout":"","ast-disable-related-posts":"","theme-transparent-header-meta":"default","adv-header-id-meta":"","stick-header-meta":"","header-above-stick-meta":"","header-main-stick-meta":"","header-below-stick-meta":"","astra-migrate-meta-layouts":"set","ast-page-background-enabled":"default","ast-page-background-meta":{"desktop":{"background-color":"var(--ast-global-color-5)","background-image":"","background-repeat":"repeat","background-position":"center center","background-size":"auto","background-attachment":"scroll","background-type":"","background-media":"","overlay-type":"","overlay-color":"","overlay-opacity":"","overlay-gradient":""},"tablet":{"background-color":"","background-image":"","background-repeat":"repeat","background-position":"center center","background-size":"auto","background-attachment":"scroll","background-type":"","background-media":"","overlay-type":"","overlay-color":"","overlay-opacity":"","overlay-gradient":""},"mobile":{"background-color":"","background-image":"","background-repeat":"repeat","background-position":"center center","background-size":"auto","background-attachment":"scroll","background-type":"","background-media":"","overlay-type":"","overlay-color":"","overlay-opacity":"","overlay-gradient":""}},"ast-content-background-meta":{"desktop":{"background-color":"var(--ast-global-color-4)","background-image":"","background-repeat":"repeat","background-position":"center center","background-size":"auto","background-attachment":"scroll","background-type":"","background-media":"","overlay-type":"","overlay-color":"","overlay-opacity":"","overlay-gradient":""},"tablet":{"background-color":"var(--ast-global-color-4)","background-image":"","background-repeat":"repeat","background-position":"center center","background-size":"auto","background-attachment":"scroll","background-type":"","background-media":"","overlay-type":"","overlay-color":"","overlay-opacity":"","overlay-gradient":""},"mobile":{"background-color":"var(--ast-global-color-4)","background-image":"","background-repeat":"repeat","background-position":"center center","background-size":"auto","background-attachment":"scroll","background-type":"","background-media":"","overlay-type":"","overlay-color":"","overlay-opacity":"","overlay-gradient":""}}},"product_brand":[],"product_cat":[38],"product_tag":[],"class_list":{"0":"post-3870","1":"product","2":"type-product","3":"status-publish","4":"has-post-thumbnail","6":"product_cat-fiber-optic-splice-box","7":"desktop-align-left","8":"tablet-align-left","9":"mobile-align-left","11":"first","12":"instock","13":"shipping-taxable","14":"product-type-simple"},"acf":[],"_links":{"self":[{"href":"https:\/\/yfconnectivity.com\/tr\/wp-json\/wp\/v2\/product\/3870","targetHints":{"allow":["GET"]}}],"collection":[{"href":"https:\/\/yfconnectivity.com\/tr\/wp-json\/wp\/v2\/product"}],"about":[{"href":"https:\/\/yfconnectivity.com\/tr\/wp-json\/wp\/v2\/types\/product"}],"wp:featuredmedia":[{"embeddable":true,"href":"https:\/\/yfconnectivity.com\/tr\/wp-json\/wp\/v2\/media\/3874"}],"wp:attachment":[{"href":"https:\/\/yfconnectivity.com\/tr\/wp-json\/wp\/v2\/media?parent=3870"}],"wp:term":[{"taxonomy":"product_brand","embeddable":true,"href":"https:\/\/yfconnectivity.com\/tr\/wp-json\/wp\/v2\/product_brand?post=3870"},{"taxonomy":"product_cat","embeddable":true,"href":"https:\/\/yfconnectivity.com\/tr\/wp-json\/wp\/v2\/product_cat?post=3870"},{"taxonomy":"product_tag","embeddable":true,"href":"https:\/\/yfconnectivity.com\/tr\/wp-json\/wp\/v2\/product_tag?post=3870"}],"curies":[{"name":"wp","href":"https:\/\/api.w.org\/{rel}","templated":true}]}}