{"id":3704,"date":"2025-07-13T08:36:26","date_gmt":"2025-07-13T07:36:26","guid":{"rendered":"https:\/\/yfconnectivity.com\/?post_type=product&#038;p=3704"},"modified":"2025-07-13T08:36:26","modified_gmt":"2025-07-13T07:36:26","slug":"mtrj-mutimode-2-0mm-konnektorler","status":"publish","type":"product","link":"https:\/\/yfconnectivity.com\/tr\/product\/mtrj-mutimode-2-0mm-connectors\/","title":{"rendered":"MTRJ Mutimode 2.0mm Konnekt\u00f6rler"},"content":{"rendered":"<p data-start=\"144\" data-end=\"393\">Bu <strong data-start=\"148\" data-end=\"182\">MTRJ \u00c7ok Modlu 2.0mm Konnekt\u00f6r<\/strong> i\u00e7in tasarlanm\u0131\u015f kompakt bir dubleks \u00e7\u00f6z\u00fcmd\u00fcr. <strong data-start=\"225\" data-end=\"253\">\u00e7ok modlu fiber a\u011flar<\/strong>. ile <strong data-start=\"260\" data-end=\"283\">\u00e7ift fiber kanal<\/strong> tek, yerden tasarruf sa\u011flayan bir formda, kablolamay\u0131 basitle\u015ftirir <strong data-start=\"341\" data-end=\"349\">LAN'lar<\/strong>, <strong data-start=\"351\" data-end=\"367\">yama panelleri<\/strong>ve <strong data-start=\"373\" data-end=\"392\">telekom dolaplar\u0131<\/strong>.<\/p>\n<p data-start=\"395\" data-end=\"667\">ile in\u015fa edilmi\u015ftir. <strong data-start=\"408\" data-end=\"431\">PC cilal\u0131 y\u00fcks\u00fck<\/strong>, <strong data-start=\"433\" data-end=\"460\">dayan\u0131kl\u0131 yay tertibat\u0131<\/strong>ve bir <strong data-start=\"468\" data-end=\"494\">g\u00fcvenli mandal mekanizmas\u0131<\/strong>sa\u011flar <strong data-start=\"507\" data-end=\"533\">ekleme kayb\u0131 \u22640,25dB<\/strong> ve \u00fczerinde destekler <strong data-start=\"552\" data-end=\"574\">1000 \u00e7iftle\u015fme d\u00f6ng\u00fcs\u00fc<\/strong>. Bu <strong data-start=\"580\" data-end=\"600\">2.0mm siyah \u00e7izme<\/strong> yo\u011fun da\u011f\u0131t\u0131mlar s\u0131ras\u0131nda gerilim azaltma ve kolay kullan\u0131m sa\u011flar.<\/p>\n<p data-start=\"395\" data-end=\"667\">Konekt\u00f6r Par\u00e7alar\u0131: Toz Kapa\u011f\u0131, Siyah D\u0131\u015f G\u00f6vde, Y\u00fcks\u00fck Tertibat\u0131, Yay, T\u0131pa, Per\u00e7inleme Halkas\u0131, Siyah \u00e7izme<\/p>","protected":false},"excerpt":{"rendered":"<p>The MTRJ Multimode 2.0mm Connector is a compact duplex solution designed for multimode fiber networks. With dual fiber channels in [&hellip;]<\/p>\n","protected":false},"featured_media":3705,"template":"","meta":{"_acf_changed":false,"site-sidebar-layout":"default","site-content-layout":"","ast-site-content-layout":"default","site-content-style":"default","site-sidebar-style":"default","ast-global-header-display":"","ast-banner-title-visibility":"","ast-main-header-display":"","ast-hfb-above-header-display":"","ast-hfb-below-header-display":"","ast-hfb-mobile-header-display":"","site-post-title":"","ast-breadcrumbs-content":"","ast-featured-img":"","footer-sml-layout":"","ast-disable-related-posts":"","theme-transparent-header-meta":"default","adv-header-id-meta":"","stick-header-meta":"","header-above-stick-meta":"","header-main-stick-meta":"","header-below-stick-meta":"","astra-migrate-meta-layouts":"set","ast-page-background-enabled":"default","ast-page-background-meta":{"desktop":{"background-color":"var(--ast-global-color-5)","background-image":"","background-repeat":"repeat","background-position":"center center","background-size":"auto","background-attachment":"scroll","background-type":"","background-media":"","overlay-type":"","overlay-color":"","overlay-opacity":"","overlay-gradient":""},"tablet":{"background-color":"","background-image":"","background-repeat":"repeat","background-position":"center center","background-size":"auto","background-attachment":"scroll","background-type":"","background-media":"","overlay-type":"","overlay-color":"","overlay-opacity":"","overlay-gradient":""},"mobile":{"background-color":"","background-image":"","background-repeat":"repeat","background-position":"center center","background-size":"auto","background-attachment":"scroll","background-type":"","background-media":"","overlay-type":"","overlay-color":"","overlay-opacity":"","overlay-gradient":""}},"ast-content-background-meta":{"desktop":{"background-color":"var(--ast-global-color-4)","background-image":"","background-repeat":"repeat","background-position":"center center","background-size":"auto","background-attachment":"scroll","background-type":"","background-media":"","overlay-type":"","overlay-color":"","overlay-opacity":"","overlay-gradient":""},"tablet":{"background-color":"var(--ast-global-color-4)","background-image":"","background-repeat":"repeat","background-position":"center center","background-size":"auto","background-attachment":"scroll","background-type":"","background-media":"","overlay-type":"","overlay-color":"","overlay-opacity":"","overlay-gradient":""},"mobile":{"background-color":"var(--ast-global-color-4)","background-image":"","background-repeat":"repeat","background-position":"center center","background-size":"auto","background-attachment":"scroll","background-type":"","background-media":"","overlay-type":"","overlay-color":"","overlay-opacity":"","overlay-gradient":""}}},"product_brand":[],"product_cat":[56],"product_tag":[],"class_list":{"0":"post-3704","1":"product","2":"type-product","3":"status-publish","4":"has-post-thumbnail","6":"product_cat-mtrj-fiber-optic-connectors","7":"desktop-align-left","8":"tablet-align-left","9":"mobile-align-left","11":"first","12":"instock","13":"shipping-taxable","14":"product-type-simple"},"acf":[],"_links":{"self":[{"href":"https:\/\/yfconnectivity.com\/tr\/wp-json\/wp\/v2\/product\/3704","targetHints":{"allow":["GET"]}}],"collection":[{"href":"https:\/\/yfconnectivity.com\/tr\/wp-json\/wp\/v2\/product"}],"about":[{"href":"https:\/\/yfconnectivity.com\/tr\/wp-json\/wp\/v2\/types\/product"}],"wp:featuredmedia":[{"embeddable":true,"href":"https:\/\/yfconnectivity.com\/tr\/wp-json\/wp\/v2\/media\/3705"}],"wp:attachment":[{"href":"https:\/\/yfconnectivity.com\/tr\/wp-json\/wp\/v2\/media?parent=3704"}],"wp:term":[{"taxonomy":"product_brand","embeddable":true,"href":"https:\/\/yfconnectivity.com\/tr\/wp-json\/wp\/v2\/product_brand?post=3704"},{"taxonomy":"product_cat","embeddable":true,"href":"https:\/\/yfconnectivity.com\/tr\/wp-json\/wp\/v2\/product_cat?post=3704"},{"taxonomy":"product_tag","embeddable":true,"href":"https:\/\/yfconnectivity.com\/tr\/wp-json\/wp\/v2\/product_tag?post=3704"}],"curies":[{"name":"wp","href":"https:\/\/api.w.org\/{rel}","templated":true}]}}