{"id":3699,"date":"2025-07-13T08:29:15","date_gmt":"2025-07-13T07:29:15","guid":{"rendered":"https:\/\/yfconnectivity.com\/?post_type=product&#038;p=3699"},"modified":"2025-07-17T02:19:59","modified_gmt":"2025-07-17T01:19:59","slug":"e2000-upc-0-9mm-konnektorler","status":"publish","type":"product","link":"https:\/\/yfconnectivity.com\/tr\/product\/e2000-upc-0-9mm-connectors\/","title":{"rendered":"E2000 UPC 0.9mm Konnekt\u00f6rler"},"content":{"rendered":"<p data-start=\"158\" data-end=\"471\">Bu <strong data-start=\"162\" data-end=\"191\">E2000 UPC 0.9mm Konnekt\u00f6r<\/strong> i\u00e7in y\u00fcksek g\u00fcvenilirlikli bir \u00e7\u00f6z\u00fcmd\u00fcr. <strong data-start=\"227\" data-end=\"256\">tek modlu simpleks fiber<\/strong> uygulamalar, teklifler <strong data-start=\"280\" data-end=\"313\">m\u00fckemmel optik performans<\/strong> ve bir <strong data-start=\"320\" data-end=\"345\">yayl\u0131 panjur<\/strong> otomatik toz korumas\u0131 i\u00e7in. \u00d6zellikleri <strong data-start=\"389\" data-end=\"406\">UPC parlatma<\/strong>, ba\u015farmak <strong data-start=\"418\" data-end=\"444\">ekleme kayb\u0131 \u22640,25dB<\/strong> ve <strong data-start=\"449\" data-end=\"470\">geri d\u00f6n\u00fc\u015f kayb\u0131 \u226555dB<\/strong>.<\/p>\n<p data-start=\"473\" data-end=\"753\">ile <strong data-start=\"480\" data-end=\"507\">kompakt 0,9 mm mavi \u00e7izme<\/strong>, dayan\u0131kl\u0131 y\u00fcks\u00fck tertibat\u0131 ve g\u00fcvenli kilitleme mekanizmas\u0131 ile a\u015fa\u011f\u0131dakiler i\u00e7in idealdir <strong data-start=\"580\" data-end=\"599\">telekom si\u0307stemleri\u0307<\/strong>, <strong data-start=\"601\" data-end=\"620\">enstr\u00fcmantasyon<\/strong>ve <strong data-start=\"626\" data-end=\"649\">FTTx terminal kutular\u0131<\/strong>. A\u015fa\u011f\u0131dakiler i\u00e7in derecelendirilmi\u015ftir <strong data-start=\"666\" data-end=\"688\">1000 \u00e7iftle\u015fme d\u00f6ng\u00fcs\u00fc<\/strong>zorlu ortamlarda tutarl\u0131 sinyal kalitesi sa\u011flar.<\/p>\n<p data-start=\"473\" data-end=\"753\">Konekt\u00f6r Par\u00e7alar\u0131: Toz Kapa\u011f\u0131, Mavi D\u0131\u015f Muhafaza, Y\u00fcks\u00fck Tertibat\u0131, Yay, T\u0131pa, Mavi \u00e7izme<\/p>","protected":false},"excerpt":{"rendered":"<p>The E2000 UPC 0.9mm Connector is a high-reliability solution for single-mode simplex fiber applications, offering excellent optical performance and a [&hellip;]<\/p>\n","protected":false},"featured_media":3702,"template":"","meta":{"_acf_changed":false,"site-sidebar-layout":"default","site-content-layout":"","ast-site-content-layout":"default","site-content-style":"default","site-sidebar-style":"default","ast-global-header-display":"","ast-banner-title-visibility":"","ast-main-header-display":"","ast-hfb-above-header-display":"","ast-hfb-below-header-display":"","ast-hfb-mobile-header-display":"","site-post-title":"","ast-breadcrumbs-content":"","ast-featured-img":"","footer-sml-layout":"","ast-disable-related-posts":"","theme-transparent-header-meta":"default","adv-header-id-meta":"","stick-header-meta":"","header-above-stick-meta":"","header-main-stick-meta":"","header-below-stick-meta":"","astra-migrate-meta-layouts":"set","ast-page-background-enabled":"default","ast-page-background-meta":{"desktop":{"background-color":"var(--ast-global-color-5)","background-image":"","background-repeat":"repeat","background-position":"center center","background-size":"auto","background-attachment":"scroll","background-type":"","background-media":"","overlay-type":"","overlay-color":"","overlay-opacity":"","overlay-gradient":""},"tablet":{"background-color":"","background-image":"","background-repeat":"repeat","background-position":"center center","background-size":"auto","background-attachment":"scroll","background-type":"","background-media":"","overlay-type":"","overlay-color":"","overlay-opacity":"","overlay-gradient":""},"mobile":{"background-color":"","background-image":"","background-repeat":"repeat","background-position":"center center","background-size":"auto","background-attachment":"scroll","background-type":"","background-media":"","overlay-type":"","overlay-color":"","overlay-opacity":"","overlay-gradient":""}},"ast-content-background-meta":{"desktop":{"background-color":"var(--ast-global-color-4)","background-image":"","background-repeat":"repeat","background-position":"center center","background-size":"auto","background-attachment":"scroll","background-type":"","background-media":"","overlay-type":"","overlay-color":"","overlay-opacity":"","overlay-gradient":""},"tablet":{"background-color":"var(--ast-global-color-4)","background-image":"","background-repeat":"repeat","background-position":"center center","background-size":"auto","background-attachment":"scroll","background-type":"","background-media":"","overlay-type":"","overlay-color":"","overlay-opacity":"","overlay-gradient":""},"mobile":{"background-color":"var(--ast-global-color-4)","background-image":"","background-repeat":"repeat","background-position":"center center","background-size":"auto","background-attachment":"scroll","background-type":"","background-media":"","overlay-type":"","overlay-color":"","overlay-opacity":"","overlay-gradient":""}}},"product_brand":[],"product_cat":[55],"product_tag":[],"class_list":{"0":"post-3699","1":"product","2":"type-product","3":"status-publish","4":"has-post-thumbnail","6":"product_cat-e2000-fiber-optic-connectors","7":"desktop-align-left","8":"tablet-align-left","9":"mobile-align-left","11":"first","12":"instock","13":"shipping-taxable","14":"product-type-simple"},"acf":[],"_links":{"self":[{"href":"https:\/\/yfconnectivity.com\/tr\/wp-json\/wp\/v2\/product\/3699","targetHints":{"allow":["GET"]}}],"collection":[{"href":"https:\/\/yfconnectivity.com\/tr\/wp-json\/wp\/v2\/product"}],"about":[{"href":"https:\/\/yfconnectivity.com\/tr\/wp-json\/wp\/v2\/types\/product"}],"wp:featuredmedia":[{"embeddable":true,"href":"https:\/\/yfconnectivity.com\/tr\/wp-json\/wp\/v2\/media\/3702"}],"wp:attachment":[{"href":"https:\/\/yfconnectivity.com\/tr\/wp-json\/wp\/v2\/media?parent=3699"}],"wp:term":[{"taxonomy":"product_brand","embeddable":true,"href":"https:\/\/yfconnectivity.com\/tr\/wp-json\/wp\/v2\/product_brand?post=3699"},{"taxonomy":"product_cat","embeddable":true,"href":"https:\/\/yfconnectivity.com\/tr\/wp-json\/wp\/v2\/product_cat?post=3699"},{"taxonomy":"product_tag","embeddable":true,"href":"https:\/\/yfconnectivity.com\/tr\/wp-json\/wp\/v2\/product_tag?post=3699"}],"curies":[{"name":"wp","href":"https:\/\/api.w.org\/{rel}","templated":true}]}}