{"id":3677,"date":"2025-07-13T07:19:45","date_gmt":"2025-07-13T06:19:45","guid":{"rendered":"https:\/\/yfconnectivity.com\/?post_type=product&#038;p=3677"},"modified":"2025-07-13T07:19:45","modified_gmt":"2025-07-13T06:19:45","slug":"mu-pc-0-9mm-konnektorler","status":"publish","type":"product","link":"https:\/\/yfconnectivity.com\/tr\/product\/mu-pc-0-9mm-connectors\/","title":{"rendered":"MU PC 0.9mm Konnekt\u00f6rler"},"content":{"rendered":"<p data-start=\"138\" data-end=\"443\">Bu <strong data-start=\"142\" data-end=\"167\">MU PC 0,9 mm Konekt\u00f6r<\/strong> bir <strong data-start=\"173\" data-end=\"208\">minyat\u00fcr tek modlu konekt\u00f6r<\/strong> y\u00fcksek yo\u011funluklu optik ba\u011flant\u0131lar i\u00e7in idealdir. Bir ile <strong data-start=\"260\" data-end=\"282\">kompakt 0,9 mm \u00e7izme<\/strong> ve <strong data-start=\"287\" data-end=\"310\">PC cilal\u0131 y\u00fcks\u00fck<\/strong>sa\u011flar <strong data-start=\"323\" data-end=\"349\">ekleme kayb\u0131 \u22640,25dB<\/strong> ve <strong data-start=\"354\" data-end=\"375\">geri d\u00f6n\u00fc\u015f kayb\u0131 \u226550dB<\/strong>alan k\u0131s\u0131tl\u0131 ortamlarda g\u00fcvenilir performans sunar.<\/p>\n<p data-start=\"445\" data-end=\"737\">Onun <strong data-start=\"449\" data-end=\"470\">eklenti yap\u0131s\u0131<\/strong>, yayl\u0131 y\u00fcks\u00fck ve dayan\u0131kl\u0131 mavi \u00e7izme sayesinde a\u015fa\u011f\u0131dakiler i\u00e7in uygundur <strong data-start=\"538\" data-end=\"558\">telekom a\u011flar\u0131<\/strong>, <strong data-start=\"560\" data-end=\"586\">fiber eri\u015fim terminalleri<\/strong>ve <strong data-start=\"592\" data-end=\"619\">kompakt optik mod\u00fcller<\/strong>. A\u015fa\u011f\u0131dakiler i\u00e7in derecelendirilmi\u015ftir <strong data-start=\"636\" data-end=\"658\">1000 \u00e7iftle\u015fme d\u00f6ng\u00fcs\u00fc<\/strong>Bu konnekt\u00f6r, dar kurulum alanlar\u0131nda istikrarl\u0131 sinyal iletimi sunar.<\/p>\n<p data-start=\"445\" data-end=\"737\">Konekt\u00f6r Par\u00e7alar\u0131: Toz Kapa\u011f\u0131, D\u0131\u015f G\u00f6vde, \u0130\u00e7 \u00c7er\u00e7eve, Y\u00fcks\u00fck Tertibat\u0131, Yay, T\u0131pa, Mavi \u00e7izme<\/p>","protected":false},"excerpt":{"rendered":"<p>The MU PC 0.9mm Connector is a miniature single-mode connector ideal for high-density optical connections. With a compact 0.9mm boot [&hellip;]<\/p>\n","protected":false},"featured_media":3678,"template":"","meta":{"_acf_changed":false,"site-sidebar-layout":"default","site-content-layout":"","ast-site-content-layout":"default","site-content-style":"default","site-sidebar-style":"default","ast-global-header-display":"","ast-banner-title-visibility":"","ast-main-header-display":"","ast-hfb-above-header-display":"","ast-hfb-below-header-display":"","ast-hfb-mobile-header-display":"","site-post-title":"","ast-breadcrumbs-content":"","ast-featured-img":"","footer-sml-layout":"","ast-disable-related-posts":"","theme-transparent-header-meta":"default","adv-header-id-meta":"","stick-header-meta":"","header-above-stick-meta":"","header-main-stick-meta":"","header-below-stick-meta":"","astra-migrate-meta-layouts":"set","ast-page-background-enabled":"default","ast-page-background-meta":{"desktop":{"background-color":"var(--ast-global-color-5)","background-image":"","background-repeat":"repeat","background-position":"center center","background-size":"auto","background-attachment":"scroll","background-type":"","background-media":"","overlay-type":"","overlay-color":"","overlay-opacity":"","overlay-gradient":""},"tablet":{"background-color":"","background-image":"","background-repeat":"repeat","background-position":"center center","background-size":"auto","background-attachment":"scroll","background-type":"","background-media":"","overlay-type":"","overlay-color":"","overlay-opacity":"","overlay-gradient":""},"mobile":{"background-color":"","background-image":"","background-repeat":"repeat","background-position":"center center","background-size":"auto","background-attachment":"scroll","background-type":"","background-media":"","overlay-type":"","overlay-color":"","overlay-opacity":"","overlay-gradient":""}},"ast-content-background-meta":{"desktop":{"background-color":"var(--ast-global-color-4)","background-image":"","background-repeat":"repeat","background-position":"center center","background-size":"auto","background-attachment":"scroll","background-type":"","background-media":"","overlay-type":"","overlay-color":"","overlay-opacity":"","overlay-gradient":""},"tablet":{"background-color":"var(--ast-global-color-4)","background-image":"","background-repeat":"repeat","background-position":"center center","background-size":"auto","background-attachment":"scroll","background-type":"","background-media":"","overlay-type":"","overlay-color":"","overlay-opacity":"","overlay-gradient":""},"mobile":{"background-color":"var(--ast-global-color-4)","background-image":"","background-repeat":"repeat","background-position":"center center","background-size":"auto","background-attachment":"scroll","background-type":"","background-media":"","overlay-type":"","overlay-color":"","overlay-opacity":"","overlay-gradient":""}}},"product_brand":[],"product_cat":[57],"product_tag":[],"class_list":{"0":"post-3677","1":"product","2":"type-product","3":"status-publish","4":"has-post-thumbnail","6":"product_cat-mu-fiber-optic-connectors","7":"desktop-align-left","8":"tablet-align-left","9":"mobile-align-left","11":"first","12":"instock","13":"shipping-taxable","14":"product-type-simple"},"acf":[],"_links":{"self":[{"href":"https:\/\/yfconnectivity.com\/tr\/wp-json\/wp\/v2\/product\/3677","targetHints":{"allow":["GET"]}}],"collection":[{"href":"https:\/\/yfconnectivity.com\/tr\/wp-json\/wp\/v2\/product"}],"about":[{"href":"https:\/\/yfconnectivity.com\/tr\/wp-json\/wp\/v2\/types\/product"}],"wp:featuredmedia":[{"embeddable":true,"href":"https:\/\/yfconnectivity.com\/tr\/wp-json\/wp\/v2\/media\/3678"}],"wp:attachment":[{"href":"https:\/\/yfconnectivity.com\/tr\/wp-json\/wp\/v2\/media?parent=3677"}],"wp:term":[{"taxonomy":"product_brand","embeddable":true,"href":"https:\/\/yfconnectivity.com\/tr\/wp-json\/wp\/v2\/product_brand?post=3677"},{"taxonomy":"product_cat","embeddable":true,"href":"https:\/\/yfconnectivity.com\/tr\/wp-json\/wp\/v2\/product_cat?post=3677"},{"taxonomy":"product_tag","embeddable":true,"href":"https:\/\/yfconnectivity.com\/tr\/wp-json\/wp\/v2\/product_tag?post=3677"}],"curies":[{"name":"wp","href":"https:\/\/api.w.org\/{rel}","templated":true}]}}