{"id":3672,"date":"2025-07-12T13:03:11","date_gmt":"2025-07-12T12:03:11","guid":{"rendered":"https:\/\/yfconnectivity.com\/?post_type=product&#038;p=3672"},"modified":"2025-07-12T13:03:12","modified_gmt":"2025-07-12T12:03:12","slug":"mpo-apc-konnektoru","status":"publish","type":"product","link":"https:\/\/yfconnectivity.com\/tr\/product\/mpo-apc-connector\/","title":{"rendered":"MPO APC Konekt\u00f6r\u00fc"},"content":{"rendered":"<p data-start=\"113\" data-end=\"424\">Bu <strong data-start=\"117\" data-end=\"138\">MPO APC Konekt\u00f6r\u00fc<\/strong> i\u00e7in tasarlanm\u0131\u015ft\u0131r <strong data-start=\"155\" data-end=\"189\">y\u00fcksek yo\u011funluklu tek modlu fiber<\/strong> uygulamalar\u0131, destekleyici <strong data-start=\"215\" data-end=\"237\">8, 12 veya 24 \u00e7ekirdek<\/strong> kompakt, \u00e7ok fiberli bir aray\u00fczde. Bu \u00f6zellik bir <strong data-start=\"290\" data-end=\"314\">APC cilal\u0131 y\u00fcks\u00fck<\/strong> ile \u00fcst\u00fcn optik performans i\u00e7in <strong data-start=\"353\" data-end=\"396\">0,15dB kadar d\u00fc\u015f\u00fck tipik ekleme kayb\u0131<\/strong>ve <strong data-start=\"402\" data-end=\"423\">geri d\u00f6n\u00fc\u015f kayb\u0131 \u226560dB<\/strong>.<\/p>\n<p data-start=\"426\" data-end=\"761\">A\u015fa\u011f\u0131dakileri i\u00e7eren dayan\u0131kl\u0131 bir yap\u0131 ile <strong data-start=\"457\" data-end=\"481\">y\u00fcks\u00fck A\/B tertibat\u0131<\/strong>, <strong data-start=\"483\" data-end=\"500\">per\u00e7inleme halkas\u0131<\/strong>ve <strong data-start=\"506\" data-end=\"533\">yayl\u0131 hizalama<\/strong>konnekt\u00f6r a\u015fa\u011f\u0131dakileri sa\u011flar <strong data-start=\"563\" data-end=\"585\">1000 \u00e7iftle\u015fme d\u00f6ng\u00fcs\u00fc<\/strong>. Onun <strong data-start=\"591\" data-end=\"622\">3.0mm yuvarlak kablo yap\u0131s\u0131<\/strong> ve <strong data-start=\"627\" data-end=\"641\">siyah \u00e7izme<\/strong> kolay kullan\u0131m ve istikrarl\u0131 kurulum sa\u011flar. <strong data-start=\"690\" data-end=\"706\">veri\u0307 merkezleri\u0307<\/strong>, <strong data-start=\"708\" data-end=\"726\">FTTx omurgalar\u0131<\/strong>ve <strong data-start=\"732\" data-end=\"760\">y\u00fcksek h\u0131zl\u0131 ara ba\u011flant\u0131lar<\/strong>.<\/p>\n<p data-start=\"426\" data-end=\"761\">Konekt\u00f6r Par\u00e7alar\u0131: Toz Kapa\u011f\u0131, D\u0131\u015f Muhafaza, Y\u00fcks\u00fck Tertibat\u0131 (A\/B), Yay, T\u0131pa, Per\u00e7inleme Halkas\u0131, Siyah \u00c7izme<\/p>","protected":false},"excerpt":{"rendered":"<p>The MPO APC Connector is designed for high-density single-mode fiber applications, supporting 8, 12, or 24 cores in a compact, [&hellip;]<\/p>\n","protected":false},"featured_media":3673,"template":"","meta":{"_acf_changed":false,"site-sidebar-layout":"default","site-content-layout":"","ast-site-content-layout":"default","site-content-style":"default","site-sidebar-style":"default","ast-global-header-display":"","ast-banner-title-visibility":"","ast-main-header-display":"","ast-hfb-above-header-display":"","ast-hfb-below-header-display":"","ast-hfb-mobile-header-display":"","site-post-title":"","ast-breadcrumbs-content":"","ast-featured-img":"","footer-sml-layout":"","ast-disable-related-posts":"","theme-transparent-header-meta":"default","adv-header-id-meta":"","stick-header-meta":"","header-above-stick-meta":"","header-main-stick-meta":"","header-below-stick-meta":"","astra-migrate-meta-layouts":"set","ast-page-background-enabled":"default","ast-page-background-meta":{"desktop":{"background-color":"var(--ast-global-color-5)","background-image":"","background-repeat":"repeat","background-position":"center center","background-size":"auto","background-attachment":"scroll","background-type":"","background-media":"","overlay-type":"","overlay-color":"","overlay-opacity":"","overlay-gradient":""},"tablet":{"background-color":"","background-image":"","background-repeat":"repeat","background-position":"center center","background-size":"auto","background-attachment":"scroll","background-type":"","background-media":"","overlay-type":"","overlay-color":"","overlay-opacity":"","overlay-gradient":""},"mobile":{"background-color":"","background-image":"","background-repeat":"repeat","background-position":"center center","background-size":"auto","background-attachment":"scroll","background-type":"","background-media":"","overlay-type":"","overlay-color":"","overlay-opacity":"","overlay-gradient":""}},"ast-content-background-meta":{"desktop":{"background-color":"var(--ast-global-color-4)","background-image":"","background-repeat":"repeat","background-position":"center center","background-size":"auto","background-attachment":"scroll","background-type":"","background-media":"","overlay-type":"","overlay-color":"","overlay-opacity":"","overlay-gradient":""},"tablet":{"background-color":"var(--ast-global-color-4)","background-image":"","background-repeat":"repeat","background-position":"center center","background-size":"auto","background-attachment":"scroll","background-type":"","background-media":"","overlay-type":"","overlay-color":"","overlay-opacity":"","overlay-gradient":""},"mobile":{"background-color":"var(--ast-global-color-4)","background-image":"","background-repeat":"repeat","background-position":"center center","background-size":"auto","background-attachment":"scroll","background-type":"","background-media":"","overlay-type":"","overlay-color":"","overlay-opacity":"","overlay-gradient":""}}},"product_brand":[],"product_cat":[54],"product_tag":[],"class_list":{"0":"post-3672","1":"product","2":"type-product","3":"status-publish","4":"has-post-thumbnail","6":"product_cat-mpo-fiber-optic-connectors","7":"desktop-align-left","8":"tablet-align-left","9":"mobile-align-left","11":"first","12":"instock","13":"shipping-taxable","14":"product-type-simple"},"acf":[],"_links":{"self":[{"href":"https:\/\/yfconnectivity.com\/tr\/wp-json\/wp\/v2\/product\/3672","targetHints":{"allow":["GET"]}}],"collection":[{"href":"https:\/\/yfconnectivity.com\/tr\/wp-json\/wp\/v2\/product"}],"about":[{"href":"https:\/\/yfconnectivity.com\/tr\/wp-json\/wp\/v2\/types\/product"}],"wp:featuredmedia":[{"embeddable":true,"href":"https:\/\/yfconnectivity.com\/tr\/wp-json\/wp\/v2\/media\/3673"}],"wp:attachment":[{"href":"https:\/\/yfconnectivity.com\/tr\/wp-json\/wp\/v2\/media?parent=3672"}],"wp:term":[{"taxonomy":"product_brand","embeddable":true,"href":"https:\/\/yfconnectivity.com\/tr\/wp-json\/wp\/v2\/product_brand?post=3672"},{"taxonomy":"product_cat","embeddable":true,"href":"https:\/\/yfconnectivity.com\/tr\/wp-json\/wp\/v2\/product_cat?post=3672"},{"taxonomy":"product_tag","embeddable":true,"href":"https:\/\/yfconnectivity.com\/tr\/wp-json\/wp\/v2\/product_tag?post=3672"}],"curies":[{"name":"wp","href":"https:\/\/api.w.org\/{rel}","templated":true}]}}