{"id":3662,"date":"2025-07-12T09:49:27","date_gmt":"2025-07-12T08:49:27","guid":{"rendered":"https:\/\/yfconnectivity.com\/?post_type=product&#038;p=3662"},"modified":"2025-07-12T09:49:28","modified_gmt":"2025-07-12T08:49:28","slug":"fc-apc-0-9mm-konnektor","status":"publish","type":"product","link":"https:\/\/yfconnectivity.com\/tr\/product\/fc-apc-0-9mm-connector\/","title":{"rendered":"FC APC 0,9 mm Konekt\u00f6r"},"content":{"rendered":"<p data-start=\"110\" data-end=\"424\">Bu <strong data-start=\"114\" data-end=\"140\">FC APC 0,9 mm Konekt\u00f6r<\/strong> hassas tek modlu fiber ba\u011flant\u0131lar i\u00e7in tasarlanm\u0131\u015ft\u0131r. <strong data-start=\"200\" data-end=\"227\">dar tamponlu (0,9 mm)<\/strong> ortamlar. \u00d6zellikli bir <strong data-start=\"254\" data-end=\"282\">g\u00fcvenli di\u015fli kaplin<\/strong> ve APC cilal\u0131 y\u00fcks\u00fck, \u015funlar\u0131 sa\u011flar <strong data-start=\"321\" data-end=\"353\">d\u00fc\u015f\u00fck ekleme kayb\u0131 (\u22640,25dB)<\/strong> ve <strong data-start=\"358\" data-end=\"386\">y\u00fcksek geri d\u00f6n\u00fc\u015f kayb\u0131 (\u226560dB)<\/strong>-Y\u00fcksek hassasiyetli uygulamalar i\u00e7in idealdir.<\/p>\n<p data-start=\"426\" data-end=\"712\">Kompakt ye\u015fil bot, <strong data-start=\"450\" data-end=\"476\">ayarlanabilir arka man\u015fon<\/strong>ve dayan\u0131kl\u0131 y\u00fcks\u00fck tertibat\u0131 ile g\u00fcvenilir ba\u011flant\u0131lar sa\u011flar. <strong data-start=\"538\" data-end=\"551\">test laboratuvarlar\u0131<\/strong>, <strong data-start=\"553\" data-end=\"572\">telekom si\u0307stemleri\u0307<\/strong>ve <strong data-start=\"578\" data-end=\"609\">fiber optik enstr\u00fcmantasyon<\/strong>. A\u015fa\u011f\u0131dakiler i\u00e7in derecelendirilmi\u015ftir <strong data-start=\"626\" data-end=\"648\">1000 \u00e7iftle\u015fme d\u00f6ng\u00fcs\u00fc<\/strong>zorlu ko\u015fullarda bile uzun s\u00fcreli stabilite sunar.<\/p>\n<p data-start=\"426\" data-end=\"712\">Konekt\u00f6r Par\u00e7alar\u0131: Toz Kapa\u011f\u0131, \u00d6n Kovan, D\u0131\u015f \u00c7er\u00e7eve, Y\u00fcks\u00fck Tertibat\u0131, Yay, Ayarlanm\u0131\u015f Arka Kovan, Ye\u015fil \u00e7izme<\/p>","protected":false},"excerpt":{"rendered":"<p>The FC APC 0.9mm Connector is designed for precision single-mode fiber connections in narrow-buffered (0.9mm) environments. Featuring a secure threaded [&hellip;]<\/p>\n","protected":false},"featured_media":3663,"template":"","meta":{"_acf_changed":false,"site-sidebar-layout":"default","site-content-layout":"","ast-site-content-layout":"default","site-content-style":"default","site-sidebar-style":"default","ast-global-header-display":"","ast-banner-title-visibility":"","ast-main-header-display":"","ast-hfb-above-header-display":"","ast-hfb-below-header-display":"","ast-hfb-mobile-header-display":"","site-post-title":"","ast-breadcrumbs-content":"","ast-featured-img":"","footer-sml-layout":"","ast-disable-related-posts":"","theme-transparent-header-meta":"default","adv-header-id-meta":"","stick-header-meta":"","header-above-stick-meta":"","header-main-stick-meta":"","header-below-stick-meta":"","astra-migrate-meta-layouts":"set","ast-page-background-enabled":"default","ast-page-background-meta":{"desktop":{"background-color":"var(--ast-global-color-5)","background-image":"","background-repeat":"repeat","background-position":"center center","background-size":"auto","background-attachment":"scroll","background-type":"","background-media":"","overlay-type":"","overlay-color":"","overlay-opacity":"","overlay-gradient":""},"tablet":{"background-color":"","background-image":"","background-repeat":"repeat","background-position":"center center","background-size":"auto","background-attachment":"scroll","background-type":"","background-media":"","overlay-type":"","overlay-color":"","overlay-opacity":"","overlay-gradient":""},"mobile":{"background-color":"","background-image":"","background-repeat":"repeat","background-position":"center center","background-size":"auto","background-attachment":"scroll","background-type":"","background-media":"","overlay-type":"","overlay-color":"","overlay-opacity":"","overlay-gradient":""}},"ast-content-background-meta":{"desktop":{"background-color":"var(--ast-global-color-4)","background-image":"","background-repeat":"repeat","background-position":"center center","background-size":"auto","background-attachment":"scroll","background-type":"","background-media":"","overlay-type":"","overlay-color":"","overlay-opacity":"","overlay-gradient":""},"tablet":{"background-color":"var(--ast-global-color-4)","background-image":"","background-repeat":"repeat","background-position":"center center","background-size":"auto","background-attachment":"scroll","background-type":"","background-media":"","overlay-type":"","overlay-color":"","overlay-opacity":"","overlay-gradient":""},"mobile":{"background-color":"var(--ast-global-color-4)","background-image":"","background-repeat":"repeat","background-position":"center center","background-size":"auto","background-attachment":"scroll","background-type":"","background-media":"","overlay-type":"","overlay-color":"","overlay-opacity":"","overlay-gradient":""}}},"product_brand":[],"product_cat":[52],"product_tag":[],"class_list":{"0":"post-3662","1":"product","2":"type-product","3":"status-publish","4":"has-post-thumbnail","6":"product_cat-fc-fiber-optic-connectors","7":"desktop-align-left","8":"tablet-align-left","9":"mobile-align-left","11":"first","12":"instock","13":"shipping-taxable","14":"product-type-simple"},"acf":[],"_links":{"self":[{"href":"https:\/\/yfconnectivity.com\/tr\/wp-json\/wp\/v2\/product\/3662","targetHints":{"allow":["GET"]}}],"collection":[{"href":"https:\/\/yfconnectivity.com\/tr\/wp-json\/wp\/v2\/product"}],"about":[{"href":"https:\/\/yfconnectivity.com\/tr\/wp-json\/wp\/v2\/types\/product"}],"wp:featuredmedia":[{"embeddable":true,"href":"https:\/\/yfconnectivity.com\/tr\/wp-json\/wp\/v2\/media\/3663"}],"wp:attachment":[{"href":"https:\/\/yfconnectivity.com\/tr\/wp-json\/wp\/v2\/media?parent=3662"}],"wp:term":[{"taxonomy":"product_brand","embeddable":true,"href":"https:\/\/yfconnectivity.com\/tr\/wp-json\/wp\/v2\/product_brand?post=3662"},{"taxonomy":"product_cat","embeddable":true,"href":"https:\/\/yfconnectivity.com\/tr\/wp-json\/wp\/v2\/product_cat?post=3662"},{"taxonomy":"product_tag","embeddable":true,"href":"https:\/\/yfconnectivity.com\/tr\/wp-json\/wp\/v2\/product_tag?post=3662"}],"curies":[{"name":"wp","href":"https:\/\/api.w.org\/{rel}","templated":true}]}}