{"id":3652,"date":"2025-07-12T08:27:48","date_gmt":"2025-07-12T07:27:48","guid":{"rendered":"https:\/\/yfconnectivity.com\/?post_type=product&#038;p=3652"},"modified":"2025-08-01T12:01:03","modified_gmt":"2025-08-01T11:01:03","slug":"anahtar-kutuplu-lc-uniboot-konektoru-1","status":"publish","type":"product","link":"https:\/\/yfconnectivity.com\/tr\/product\/lc-uniboot-connector-with-switch-polarity-1\/","title":{"rendered":"Anahtar Polaritesi ile LC Uniboot Konekt\u00f6r\u00fc-1"},"content":{"rendered":"<p>De\u011fi\u015ftirilebilir Polariteye sahip LC APC Uniboot Konnekt\u00f6r, y\u00fcksek yo\u011funluklu tek modlu fiber sistemler i\u00e7in optimize edilmi\u015ftir. Alet kullanmadan polaritenin kolayca tersine \u00e7evrilmesini destekleyerek fiber y\u00f6netimini kolayla\u015ft\u0131rmaya ve kurulum s\u00fcresini azaltmaya yard\u0131mc\u0131 olur.<\/p>\n<p>Sa\u011flam APC cilal\u0131 y\u00fcks\u00fck ile \u00fcretilen bu \u00fcr\u00fcn, istikrarl\u0131 optik performans i\u00e7in d\u00fc\u015f\u00fck ekleme kayb\u0131 (\u22640,25dB) ve y\u00fcksek geri d\u00f6n\u00fc\u015f kayb\u0131 (\u226560dB) sunar. 3,0 mm dubleks kablosu, entegre durdurucusu ve dayan\u0131kl\u0131 \u00e7ift g\u00f6vdeli tasar\u0131m\u0131 FTTx, veri merkezi ve telekom ortamlar\u0131nda g\u00fcvenilir \u00e7al\u0131\u015fma sa\u011flar. 1000'den fazla e\u015fle\u015fme d\u00f6ng\u00fcs\u00fc i\u00e7in derecelendirilen bu konekt\u00f6r, esnekli\u011fi ve uzun s\u00fcreli dayan\u0131kl\u0131l\u0131\u011f\u0131 bir araya getirir.<\/p>","protected":false},"excerpt":{"rendered":"<p>The LC APC Uniboot Connector with Switchable Polarity is optimized for high-density single-mode fiber systems. It supports easy polarity reversal [&hellip;]<\/p>\n","protected":false},"featured_media":3653,"template":"","meta":{"_acf_changed":false,"site-sidebar-layout":"default","site-content-layout":"","ast-site-content-layout":"default","site-content-style":"default","site-sidebar-style":"default","ast-global-header-display":"","ast-banner-title-visibility":"","ast-main-header-display":"","ast-hfb-above-header-display":"","ast-hfb-below-header-display":"","ast-hfb-mobile-header-display":"","site-post-title":"","ast-breadcrumbs-content":"","ast-featured-img":"","footer-sml-layout":"","ast-disable-related-posts":"","theme-transparent-header-meta":"default","adv-header-id-meta":"","stick-header-meta":"","header-above-stick-meta":"","header-main-stick-meta":"","header-below-stick-meta":"","astra-migrate-meta-layouts":"set","ast-page-background-enabled":"default","ast-page-background-meta":{"desktop":{"background-color":"var(--ast-global-color-5)","background-image":"","background-repeat":"repeat","background-position":"center center","background-size":"auto","background-attachment":"scroll","background-type":"","background-media":"","overlay-type":"","overlay-color":"","overlay-opacity":"","overlay-gradient":""},"tablet":{"background-color":"","background-image":"","background-repeat":"repeat","background-position":"center center","background-size":"auto","background-attachment":"scroll","background-type":"","background-media":"","overlay-type":"","overlay-color":"","overlay-opacity":"","overlay-gradient":""},"mobile":{"background-color":"","background-image":"","background-repeat":"repeat","background-position":"center center","background-size":"auto","background-attachment":"scroll","background-type":"","background-media":"","overlay-type":"","overlay-color":"","overlay-opacity":"","overlay-gradient":""}},"ast-content-background-meta":{"desktop":{"background-color":"var(--ast-global-color-4)","background-image":"","background-repeat":"repeat","background-position":"center center","background-size":"auto","background-attachment":"scroll","background-type":"","background-media":"","overlay-type":"","overlay-color":"","overlay-opacity":"","overlay-gradient":""},"tablet":{"background-color":"var(--ast-global-color-4)","background-image":"","background-repeat":"repeat","background-position":"center center","background-size":"auto","background-attachment":"scroll","background-type":"","background-media":"","overlay-type":"","overlay-color":"","overlay-opacity":"","overlay-gradient":""},"mobile":{"background-color":"var(--ast-global-color-4)","background-image":"","background-repeat":"repeat","background-position":"center center","background-size":"auto","background-attachment":"scroll","background-type":"","background-media":"","overlay-type":"","overlay-color":"","overlay-opacity":"","overlay-gradient":""}}},"product_brand":[],"product_cat":[47],"product_tag":[],"class_list":{"0":"post-3652","1":"product","2":"type-product","3":"status-publish","4":"has-post-thumbnail","6":"product_cat-lc-fiber-optic-connectors","7":"desktop-align-left","8":"tablet-align-left","9":"mobile-align-left","11":"first","12":"instock","13":"sale","14":"shipping-taxable","15":"purchasable","16":"product-type-simple"},"acf":[],"_links":{"self":[{"href":"https:\/\/yfconnectivity.com\/tr\/wp-json\/wp\/v2\/product\/3652","targetHints":{"allow":["GET"]}}],"collection":[{"href":"https:\/\/yfconnectivity.com\/tr\/wp-json\/wp\/v2\/product"}],"about":[{"href":"https:\/\/yfconnectivity.com\/tr\/wp-json\/wp\/v2\/types\/product"}],"wp:featuredmedia":[{"embeddable":true,"href":"https:\/\/yfconnectivity.com\/tr\/wp-json\/wp\/v2\/media\/3653"}],"wp:attachment":[{"href":"https:\/\/yfconnectivity.com\/tr\/wp-json\/wp\/v2\/media?parent=3652"}],"wp:term":[{"taxonomy":"product_brand","embeddable":true,"href":"https:\/\/yfconnectivity.com\/tr\/wp-json\/wp\/v2\/product_brand?post=3652"},{"taxonomy":"product_cat","embeddable":true,"href":"https:\/\/yfconnectivity.com\/tr\/wp-json\/wp\/v2\/product_cat?post=3652"},{"taxonomy":"product_tag","embeddable":true,"href":"https:\/\/yfconnectivity.com\/tr\/wp-json\/wp\/v2\/product_tag?post=3652"}],"curies":[{"name":"wp","href":"https:\/\/api.w.org\/{rel}","templated":true}]}}