{"id":3646,"date":"2025-07-12T08:14:35","date_gmt":"2025-07-12T07:14:35","guid":{"rendered":"https:\/\/yfconnectivity.com\/?post_type=product&#038;p=3646"},"modified":"2025-07-12T09:20:45","modified_gmt":"2025-07-12T08:20:45","slug":"lc-apc-uniboot-konektoru","status":"publish","type":"product","link":"https:\/\/yfconnectivity.com\/tr\/product\/lc-apc-uniboot-connector\/","title":{"rendered":"LC APC Uniboot Konekt\u00f6r\u00fc"},"content":{"rendered":"<p data-start=\"74\" data-end=\"437\">Bu <strong data-start=\"78\" data-end=\"106\">LC APC Uniboot Konekt\u00f6r\u00fc<\/strong> y\u00fcksek yo\u011funluklu tek modlu uygulamalar i\u00e7in tasarlanm\u0131\u015ft\u0131r, da\u011f\u0131n\u0131kl\u0131\u011f\u0131 azaltmak ve hava ak\u0131\u015f\u0131n\u0131 iyile\u015ftirmek i\u00e7in iki fiberi tek bir 3,0 mm kabloda birle\u015ftirir. \u0130le <strong data-start=\"253\" data-end=\"285\">d\u00fc\u015f\u00fck ekleme kayb\u0131 (\u22640,25dB)<\/strong> ve <strong data-start=\"290\" data-end=\"318\">y\u00fcksek geri d\u00f6n\u00fc\u015f kayb\u0131 (\u226560dB)<\/strong>i\u00e7in ideal olan kararl\u0131, d\u00fc\u015f\u00fck yans\u0131mal\u0131 sinyal iletimi sa\u011flar. <strong data-start=\"384\" data-end=\"392\">FTTx<\/strong>, <strong data-start=\"394\" data-end=\"410\">veri\u0307 merkezleri\u0307<\/strong>ve <strong data-start=\"416\" data-end=\"436\">telekom a\u011flar\u0131<\/strong>.<\/p>\n<p data-start=\"439\" data-end=\"686\">Onun <strong data-start=\"443\" data-end=\"467\">APC cilal\u0131 y\u00fcks\u00fck<\/strong>, dayan\u0131kl\u0131 yap\u0131 ve <strong data-start=\"492\" data-end=\"519\">1000'den fazla \u00e7iftle\u015fme d\u00f6ng\u00fcs\u00fc<\/strong> uzun s\u00fcreli performans sa\u011flarken, ye\u015fil g\u00f6vde APC'nin kolay tan\u0131mlanmas\u0131n\u0131 sa\u011flar. G\u00fcvenli bir klips ve \u0131s\u0131yla daralan t\u00fcp tasar\u0131m\u0131, kurulumu h\u0131zl\u0131 ve g\u00fcvenilir hale getirir.<\/p>\n<p data-start=\"439\" data-end=\"686\">Konekt\u00f6r Par\u00e7alar\u0131: Toz Kapa\u011f\u0131, Ye\u015fil D\u0131\u015f G\u00f6vde, Y\u00fcks\u00fck Tertibat\u0131, Yay, K\u00fc\u00e7\u00fck \u015eeffaf T\u00fcp, \u0130\u00e7 \u00c7er\u00e7eve, Klips, Per\u00e7inleme Halkas\u0131, Is\u0131yla Daralan T\u00fcp, Beyaz \u00c7izme<\/p>","protected":false},"excerpt":{"rendered":"<p>The LC APC Uniboot Connector is designed for high-density single-mode applications, combining two fibers into a single 3.0mm cable to [&hellip;]<\/p>\n","protected":false},"featured_media":3648,"template":"","meta":{"_acf_changed":false,"site-sidebar-layout":"default","site-content-layout":"","ast-site-content-layout":"default","site-content-style":"default","site-sidebar-style":"default","ast-global-header-display":"","ast-banner-title-visibility":"","ast-main-header-display":"","ast-hfb-above-header-display":"","ast-hfb-below-header-display":"","ast-hfb-mobile-header-display":"","site-post-title":"","ast-breadcrumbs-content":"","ast-featured-img":"","footer-sml-layout":"","ast-disable-related-posts":"","theme-transparent-header-meta":"default","adv-header-id-meta":"","stick-header-meta":"","header-above-stick-meta":"","header-main-stick-meta":"","header-below-stick-meta":"","astra-migrate-meta-layouts":"set","ast-page-background-enabled":"default","ast-page-background-meta":{"desktop":{"background-color":"var(--ast-global-color-5)","background-image":"","background-repeat":"repeat","background-position":"center center","background-size":"auto","background-attachment":"scroll","background-type":"","background-media":"","overlay-type":"","overlay-color":"","overlay-opacity":"","overlay-gradient":""},"tablet":{"background-color":"","background-image":"","background-repeat":"repeat","background-position":"center center","background-size":"auto","background-attachment":"scroll","background-type":"","background-media":"","overlay-type":"","overlay-color":"","overlay-opacity":"","overlay-gradient":""},"mobile":{"background-color":"","background-image":"","background-repeat":"repeat","background-position":"center center","background-size":"auto","background-attachment":"scroll","background-type":"","background-media":"","overlay-type":"","overlay-color":"","overlay-opacity":"","overlay-gradient":""}},"ast-content-background-meta":{"desktop":{"background-color":"var(--ast-global-color-4)","background-image":"","background-repeat":"repeat","background-position":"center center","background-size":"auto","background-attachment":"scroll","background-type":"","background-media":"","overlay-type":"","overlay-color":"","overlay-opacity":"","overlay-gradient":""},"tablet":{"background-color":"var(--ast-global-color-4)","background-image":"","background-repeat":"repeat","background-position":"center center","background-size":"auto","background-attachment":"scroll","background-type":"","background-media":"","overlay-type":"","overlay-color":"","overlay-opacity":"","overlay-gradient":""},"mobile":{"background-color":"var(--ast-global-color-4)","background-image":"","background-repeat":"repeat","background-position":"center center","background-size":"auto","background-attachment":"scroll","background-type":"","background-media":"","overlay-type":"","overlay-color":"","overlay-opacity":"","overlay-gradient":""}}},"product_brand":[],"product_cat":[47],"product_tag":[],"class_list":{"0":"post-3646","1":"product","2":"type-product","3":"status-publish","4":"has-post-thumbnail","6":"product_cat-lc-fiber-optic-connectors","7":"desktop-align-left","8":"tablet-align-left","9":"mobile-align-left","11":"first","12":"instock","13":"shipping-taxable","14":"product-type-simple"},"acf":[],"_links":{"self":[{"href":"https:\/\/yfconnectivity.com\/tr\/wp-json\/wp\/v2\/product\/3646","targetHints":{"allow":["GET"]}}],"collection":[{"href":"https:\/\/yfconnectivity.com\/tr\/wp-json\/wp\/v2\/product"}],"about":[{"href":"https:\/\/yfconnectivity.com\/tr\/wp-json\/wp\/v2\/types\/product"}],"wp:featuredmedia":[{"embeddable":true,"href":"https:\/\/yfconnectivity.com\/tr\/wp-json\/wp\/v2\/media\/3648"}],"wp:attachment":[{"href":"https:\/\/yfconnectivity.com\/tr\/wp-json\/wp\/v2\/media?parent=3646"}],"wp:term":[{"taxonomy":"product_brand","embeddable":true,"href":"https:\/\/yfconnectivity.com\/tr\/wp-json\/wp\/v2\/product_brand?post=3646"},{"taxonomy":"product_cat","embeddable":true,"href":"https:\/\/yfconnectivity.com\/tr\/wp-json\/wp\/v2\/product_cat?post=3646"},{"taxonomy":"product_tag","embeddable":true,"href":"https:\/\/yfconnectivity.com\/tr\/wp-json\/wp\/v2\/product_tag?post=3646"}],"curies":[{"name":"wp","href":"https:\/\/api.w.org\/{rel}","templated":true}]}}