{"id":3224,"date":"2025-07-01T08:35:39","date_gmt":"2025-07-01T07:35:39","guid":{"rendered":"https:\/\/yfconnectivity.com\/?post_type=product&#038;p=3224"},"modified":"2025-07-27T09:23:55","modified_gmt":"2025-07-27T08:23:55","slug":"lc-upc-flanssiz-simpleks-adaptor","status":"publish","type":"product","link":"https:\/\/yfconnectivity.com\/tr\/product\/lc-upc-simplex-adapter-without-flange\/","title":{"rendered":"LC UPC Flan\u015fs\u0131z Simpleks Fiber Adapt\u00f6r"},"content":{"rendered":"<p>Bu flan\u015fs\u0131z LC\/UPC simpleks fiber optik adapt\u00f6r, y\u00fcksek hassasiyetli tek modlu fiber ba\u011flant\u0131lar i\u00e7in tasarlanm\u0131\u015ft\u0131r. Minimum ekleme kayb\u0131 ve m\u00fckemmel geri d\u00f6n\u00fc\u015f kayb\u0131 performans\u0131 ile iki LC konekt\u00f6r\u00fcn\u00fc hizalamak ve e\u015fle\u015ftirmek i\u00e7in g\u00fcvenilir bir \u00e7\u00f6z\u00fcm sa\u011flar. UPC (Ultra Fiziksel Temas) cilas\u0131, daha s\u0131k\u0131 \u00e7ekirdek hizalamas\u0131 sa\u011flayarak tutarl\u0131 optik sinyal kalitesi gerektiren y\u00fcksek bant geni\u015fli\u011fine sahip uygulamalar i\u00e7in uygun hale getirir.<\/p>\n<p>Kompakt, flan\u015fs\u0131z tasar\u0131m\u0131, yo\u011fun patch paneller, mod\u00fcler kasetler, FTTH da\u011f\u0131t\u0131m kutular\u0131 ve rafa monte muhafazalar gibi alan k\u0131s\u0131tlamas\u0131 olan ortamlar i\u00e7in idealdir. Adapt\u00f6r muhafazas\u0131, y\u00fcksek boyutsal kararl\u0131l\u0131\u011fa sahip dayan\u0131kl\u0131 termoplastikten yap\u0131lm\u0131\u015ft\u0131r ve m\u00fckemmel tekrarlanabilirlik ve uzun vadeli g\u00fcvenilirlik sunar. \u0130ster telekom a\u011flar\u0131nda, ister veri merkezlerinde veya optik test ortamlar\u0131nda kullan\u0131ls\u0131n, bu LC-LC UPC adapt\u00f6r\u00fc zorlu fiber optik altyap\u0131lar i\u00e7in istikrarl\u0131, d\u00fc\u015f\u00fck kay\u0131pl\u0131 ba\u011flant\u0131lar sunar.<\/p>\n<p>&nbsp;<\/p>","protected":false},"excerpt":{"rendered":"<p>This LC\/UPC simplex fiber optic adapter without flange is engineered for high-precision single mode fiber connections. It provides a reliable [&hellip;]<\/p>\n","protected":false},"featured_media":3225,"template":"","meta":{"_acf_changed":false,"site-sidebar-layout":"default","site-content-layout":"","ast-site-content-layout":"default","site-content-style":"default","site-sidebar-style":"default","ast-global-header-display":"","ast-banner-title-visibility":"","ast-main-header-display":"","ast-hfb-above-header-display":"","ast-hfb-below-header-display":"","ast-hfb-mobile-header-display":"","site-post-title":"","ast-breadcrumbs-content":"","ast-featured-img":"","footer-sml-layout":"","ast-disable-related-posts":"","theme-transparent-header-meta":"default","adv-header-id-meta":"","stick-header-meta":"","header-above-stick-meta":"","header-main-stick-meta":"","header-below-stick-meta":"","astra-migrate-meta-layouts":"set","ast-page-background-enabled":"default","ast-page-background-meta":{"desktop":{"background-color":"var(--ast-global-color-5)","background-image":"","background-repeat":"repeat","background-position":"center center","background-size":"auto","background-attachment":"scroll","background-type":"","background-media":"","overlay-type":"","overlay-color":"","overlay-opacity":"","overlay-gradient":""},"tablet":{"background-color":"","background-image":"","background-repeat":"repeat","background-position":"center center","background-size":"auto","background-attachment":"scroll","background-type":"","background-media":"","overlay-type":"","overlay-color":"","overlay-opacity":"","overlay-gradient":""},"mobile":{"background-color":"","background-image":"","background-repeat":"repeat","background-position":"center center","background-size":"auto","background-attachment":"scroll","background-type":"","background-media":"","overlay-type":"","overlay-color":"","overlay-opacity":"","overlay-gradient":""}},"ast-content-background-meta":{"desktop":{"background-color":"var(--ast-global-color-4)","background-image":"","background-repeat":"repeat","background-position":"center center","background-size":"auto","background-attachment":"scroll","background-type":"","background-media":"","overlay-type":"","overlay-color":"","overlay-opacity":"","overlay-gradient":""},"tablet":{"background-color":"var(--ast-global-color-4)","background-image":"","background-repeat":"repeat","background-position":"center center","background-size":"auto","background-attachment":"scroll","background-type":"","background-media":"","overlay-type":"","overlay-color":"","overlay-opacity":"","overlay-gradient":""},"mobile":{"background-color":"var(--ast-global-color-4)","background-image":"","background-repeat":"repeat","background-position":"center center","background-size":"auto","background-attachment":"scroll","background-type":"","background-media":"","overlay-type":"","overlay-color":"","overlay-opacity":"","overlay-gradient":""}}},"product_brand":[],"product_cat":[49],"product_tag":[],"class_list":{"0":"post-3224","1":"product","2":"type-product","3":"status-publish","4":"has-post-thumbnail","6":"product_cat-lc-to-lc-fiber-optic-adapters","7":"desktop-align-left","8":"tablet-align-left","9":"mobile-align-left","11":"first","12":"instock","13":"shipping-taxable","14":"product-type-simple"},"acf":[],"_links":{"self":[{"href":"https:\/\/yfconnectivity.com\/tr\/wp-json\/wp\/v2\/product\/3224","targetHints":{"allow":["GET"]}}],"collection":[{"href":"https:\/\/yfconnectivity.com\/tr\/wp-json\/wp\/v2\/product"}],"about":[{"href":"https:\/\/yfconnectivity.com\/tr\/wp-json\/wp\/v2\/types\/product"}],"wp:featuredmedia":[{"embeddable":true,"href":"https:\/\/yfconnectivity.com\/tr\/wp-json\/wp\/v2\/media\/3225"}],"wp:attachment":[{"href":"https:\/\/yfconnectivity.com\/tr\/wp-json\/wp\/v2\/media?parent=3224"}],"wp:term":[{"taxonomy":"product_brand","embeddable":true,"href":"https:\/\/yfconnectivity.com\/tr\/wp-json\/wp\/v2\/product_brand?post=3224"},{"taxonomy":"product_cat","embeddable":true,"href":"https:\/\/yfconnectivity.com\/tr\/wp-json\/wp\/v2\/product_cat?post=3224"},{"taxonomy":"product_tag","embeddable":true,"href":"https:\/\/yfconnectivity.com\/tr\/wp-json\/wp\/v2\/product_tag?post=3224"}],"curies":[{"name":"wp","href":"https:\/\/api.w.org\/{rel}","templated":true}]}}