{"id":2978,"date":"2025-06-25T10:19:22","date_gmt":"2025-06-25T09:19:22","guid":{"rendered":"https:\/\/yfconnectivity.com\/?post_type=product&#038;p=2978"},"modified":"2025-07-11T13:34:57","modified_gmt":"2025-07-11T12:34:57","slug":"sc-apc-2-0mm-3-0mm-dx-konnektor","status":"publish","type":"product","link":"https:\/\/yfconnectivity.com\/tr\/product\/sc-apc-2-0mm-3-0mm-dx-connector\/","title":{"rendered":"SC\/APC 2.0mm\/3.0mm DX Konnekt\u00f6r"},"content":{"rendered":"<p>Bu SC\/APC dubleks konekt\u00f6r, y\u00fcksek performansl\u0131 tek modlu fiber optik ba\u011flant\u0131lar i\u00e7in tasarlanm\u0131\u015ft\u0131r ve d\u00fc\u015f\u00fck ekleme kayb\u0131 ve y\u00fcksek geri d\u00f6n\u00fc\u015f kayb\u0131 ile istikrarl\u0131 optik performans sunar. \u00c7ift kanall\u0131 dayan\u0131kl\u0131 bir yap\u0131ya sahiptir, bu da onu e\u015fzamanl\u0131 \u00e7ift y\u00f6nl\u00fc veri iletimi gerektiren uygulamalar i\u00e7in ideal hale getirir.<\/p>\n<p>Konekt\u00f6r Par\u00e7alar\u0131: Toz Kapa\u011f\u0131, Ye\u015fil D\u0131\u015f G\u00f6vde, \u0130\u00e7 \u00c7er\u00e7eve, Y\u00fcks\u00fck Tertibat\u0131, Yay, T\u0131pa, S\u0131kma Setleri, Halka, Siyah K\u0131rm\u0131z\u0131 \u00c7izme, Ye\u015fil Klips<\/p>","protected":false},"excerpt":{"rendered":"<p>This SC\/APC duplex connector is designed for high-performance single mode fiber optic connections, offering stable optical performance with low insertion [&hellip;]<\/p>\n","protected":false},"featured_media":2979,"template":"","meta":{"_acf_changed":false,"site-sidebar-layout":"default","site-content-layout":"","ast-site-content-layout":"default","site-content-style":"default","site-sidebar-style":"default","ast-global-header-display":"","ast-banner-title-visibility":"","ast-main-header-display":"","ast-hfb-above-header-display":"","ast-hfb-below-header-display":"","ast-hfb-mobile-header-display":"","site-post-title":"","ast-breadcrumbs-content":"","ast-featured-img":"","footer-sml-layout":"","ast-disable-related-posts":"","theme-transparent-header-meta":"default","adv-header-id-meta":"","stick-header-meta":"","header-above-stick-meta":"","header-main-stick-meta":"","header-below-stick-meta":"","astra-migrate-meta-layouts":"set","ast-page-background-enabled":"default","ast-page-background-meta":{"desktop":{"background-color":"var(--ast-global-color-5)","background-image":"","background-repeat":"repeat","background-position":"center center","background-size":"auto","background-attachment":"scroll","background-type":"","background-media":"","overlay-type":"","overlay-color":"","overlay-opacity":"","overlay-gradient":""},"tablet":{"background-color":"","background-image":"","background-repeat":"repeat","background-position":"center center","background-size":"auto","background-attachment":"scroll","background-type":"","background-media":"","overlay-type":"","overlay-color":"","overlay-opacity":"","overlay-gradient":""},"mobile":{"background-color":"","background-image":"","background-repeat":"repeat","background-position":"center center","background-size":"auto","background-attachment":"scroll","background-type":"","background-media":"","overlay-type":"","overlay-color":"","overlay-opacity":"","overlay-gradient":""}},"ast-content-background-meta":{"desktop":{"background-color":"var(--ast-global-color-4)","background-image":"","background-repeat":"repeat","background-position":"center center","background-size":"auto","background-attachment":"scroll","background-type":"","background-media":"","overlay-type":"","overlay-color":"","overlay-opacity":"","overlay-gradient":""},"tablet":{"background-color":"var(--ast-global-color-4)","background-image":"","background-repeat":"repeat","background-position":"center center","background-size":"auto","background-attachment":"scroll","background-type":"","background-media":"","overlay-type":"","overlay-color":"","overlay-opacity":"","overlay-gradient":""},"mobile":{"background-color":"var(--ast-global-color-4)","background-image":"","background-repeat":"repeat","background-position":"center center","background-size":"auto","background-attachment":"scroll","background-type":"","background-media":"","overlay-type":"","overlay-color":"","overlay-opacity":"","overlay-gradient":""}}},"product_brand":[],"product_cat":[48],"product_tag":[],"class_list":{"0":"post-2978","1":"product","2":"type-product","3":"status-publish","4":"has-post-thumbnail","6":"product_cat-sc-fiber-optic-coneectors","7":"desktop-align-left","8":"tablet-align-left","9":"mobile-align-left","11":"first","12":"instock","13":"shipping-taxable","14":"product-type-simple"},"acf":[],"_links":{"self":[{"href":"https:\/\/yfconnectivity.com\/tr\/wp-json\/wp\/v2\/product\/2978","targetHints":{"allow":["GET"]}}],"collection":[{"href":"https:\/\/yfconnectivity.com\/tr\/wp-json\/wp\/v2\/product"}],"about":[{"href":"https:\/\/yfconnectivity.com\/tr\/wp-json\/wp\/v2\/types\/product"}],"wp:featuredmedia":[{"embeddable":true,"href":"https:\/\/yfconnectivity.com\/tr\/wp-json\/wp\/v2\/media\/2979"}],"wp:attachment":[{"href":"https:\/\/yfconnectivity.com\/tr\/wp-json\/wp\/v2\/media?parent=2978"}],"wp:term":[{"taxonomy":"product_brand","embeddable":true,"href":"https:\/\/yfconnectivity.com\/tr\/wp-json\/wp\/v2\/product_brand?post=2978"},{"taxonomy":"product_cat","embeddable":true,"href":"https:\/\/yfconnectivity.com\/tr\/wp-json\/wp\/v2\/product_cat?post=2978"},{"taxonomy":"product_tag","embeddable":true,"href":"https:\/\/yfconnectivity.com\/tr\/wp-json\/wp\/v2\/product_tag?post=2978"}],"curies":[{"name":"wp","href":"https:\/\/api.w.org\/{rel}","templated":true}]}}