{"id":2969,"date":"2025-06-25T10:01:50","date_gmt":"2025-06-25T09:01:50","guid":{"rendered":"https:\/\/yfconnectivity.com\/?post_type=product&#038;p=2969"},"modified":"2025-07-11T13:35:13","modified_gmt":"2025-07-11T12:35:13","slug":"sc-upc-20mm-3mm-konnektor","status":"publish","type":"product","link":"https:\/\/yfconnectivity.com\/tr\/product\/sc-upc-20mm-3mm-connector\/","title":{"rendered":"SC\/UPC 2.0mm\/3.0mm Konekt\u00f6r"},"content":{"rendered":"<p>SC\/UPC 2.0mm\/3.0mm Konnekt\u00f6r h\u0131zl\u0131, g\u00fcvenilir ve d\u00fc\u015f\u00fck kay\u0131pl\u0131 tek modlu fiber sonland\u0131rmalar\u0131 i\u00e7in tasarlanm\u0131\u015ft\u0131r. \u0130stikrarl\u0131 performans\u0131 ve dayan\u0131kl\u0131 yap\u0131s\u0131yla FTTX a\u011flar\u0131nda, veri merkezlerinde, telekom odalar\u0131nda ve di\u011fer y\u00fcksek yo\u011funluklu fiber kablolama ortamlar\u0131nda kullan\u0131m i\u00e7in idealdir. Kompakt tasar\u0131m\u0131 kolay kurulum ve tutarl\u0131 optik performans sa\u011flar.<\/p>\n<p>Konekt\u00f6r Par\u00e7alar\u0131: Toz Kapa\u011f\u0131, Ye\u015fil D\u0131\u015f Muhafaza, \u0130\u00e7 \u00c7er\u00e7eve, Y\u00fcks\u00fck Tertibat\u0131, Yay, T\u0131pa, S\u0131kma Setleri, Halka, Ye\u015fil \u00c7izme<\/p>","protected":false},"excerpt":{"rendered":"<p>The SC\/UPC 2.0mm\/3.0mm Connector is designed for fast, reliable, and low-loss single-mode fiber terminations. With stable performance and durable construction, [&hellip;]<\/p>\n","protected":false},"featured_media":2970,"template":"","meta":{"_acf_changed":false,"site-sidebar-layout":"default","site-content-layout":"","ast-site-content-layout":"default","site-content-style":"default","site-sidebar-style":"default","ast-global-header-display":"","ast-banner-title-visibility":"","ast-main-header-display":"","ast-hfb-above-header-display":"","ast-hfb-below-header-display":"","ast-hfb-mobile-header-display":"","site-post-title":"","ast-breadcrumbs-content":"","ast-featured-img":"","footer-sml-layout":"","ast-disable-related-posts":"","theme-transparent-header-meta":"default","adv-header-id-meta":"","stick-header-meta":"","header-above-stick-meta":"","header-main-stick-meta":"","header-below-stick-meta":"","astra-migrate-meta-layouts":"set","ast-page-background-enabled":"default","ast-page-background-meta":{"desktop":{"background-color":"var(--ast-global-color-5)","background-image":"","background-repeat":"repeat","background-position":"center center","background-size":"auto","background-attachment":"scroll","background-type":"","background-media":"","overlay-type":"","overlay-color":"","overlay-opacity":"","overlay-gradient":""},"tablet":{"background-color":"","background-image":"","background-repeat":"repeat","background-position":"center center","background-size":"auto","background-attachment":"scroll","background-type":"","background-media":"","overlay-type":"","overlay-color":"","overlay-opacity":"","overlay-gradient":""},"mobile":{"background-color":"","background-image":"","background-repeat":"repeat","background-position":"center center","background-size":"auto","background-attachment":"scroll","background-type":"","background-media":"","overlay-type":"","overlay-color":"","overlay-opacity":"","overlay-gradient":""}},"ast-content-background-meta":{"desktop":{"background-color":"var(--ast-global-color-4)","background-image":"","background-repeat":"repeat","background-position":"center center","background-size":"auto","background-attachment":"scroll","background-type":"","background-media":"","overlay-type":"","overlay-color":"","overlay-opacity":"","overlay-gradient":""},"tablet":{"background-color":"var(--ast-global-color-4)","background-image":"","background-repeat":"repeat","background-position":"center center","background-size":"auto","background-attachment":"scroll","background-type":"","background-media":"","overlay-type":"","overlay-color":"","overlay-opacity":"","overlay-gradient":""},"mobile":{"background-color":"var(--ast-global-color-4)","background-image":"","background-repeat":"repeat","background-position":"center center","background-size":"auto","background-attachment":"scroll","background-type":"","background-media":"","overlay-type":"","overlay-color":"","overlay-opacity":"","overlay-gradient":""}}},"product_brand":[],"product_cat":[48],"product_tag":[],"class_list":{"0":"post-2969","1":"product","2":"type-product","3":"status-publish","4":"has-post-thumbnail","6":"product_cat-sc-fiber-optic-coneectors","7":"desktop-align-left","8":"tablet-align-left","9":"mobile-align-left","11":"first","12":"instock","13":"shipping-taxable","14":"product-type-simple"},"acf":[],"_links":{"self":[{"href":"https:\/\/yfconnectivity.com\/tr\/wp-json\/wp\/v2\/product\/2969","targetHints":{"allow":["GET"]}}],"collection":[{"href":"https:\/\/yfconnectivity.com\/tr\/wp-json\/wp\/v2\/product"}],"about":[{"href":"https:\/\/yfconnectivity.com\/tr\/wp-json\/wp\/v2\/types\/product"}],"wp:featuredmedia":[{"embeddable":true,"href":"https:\/\/yfconnectivity.com\/tr\/wp-json\/wp\/v2\/media\/2970"}],"wp:attachment":[{"href":"https:\/\/yfconnectivity.com\/tr\/wp-json\/wp\/v2\/media?parent=2969"}],"wp:term":[{"taxonomy":"product_brand","embeddable":true,"href":"https:\/\/yfconnectivity.com\/tr\/wp-json\/wp\/v2\/product_brand?post=2969"},{"taxonomy":"product_cat","embeddable":true,"href":"https:\/\/yfconnectivity.com\/tr\/wp-json\/wp\/v2\/product_cat?post=2969"},{"taxonomy":"product_tag","embeddable":true,"href":"https:\/\/yfconnectivity.com\/tr\/wp-json\/wp\/v2\/product_tag?post=2969"}],"curies":[{"name":"wp","href":"https:\/\/api.w.org\/{rel}","templated":true}]}}