{"id":2524,"date":"2025-05-21T11:02:01","date_gmt":"2025-05-21T10:02:01","guid":{"rendered":"https:\/\/yfconnectivity.com\/?post_type=product&#038;p=2524"},"modified":"2025-07-27T09:24:55","modified_gmt":"2025-07-27T08:24:55","slug":"flansli-sc-upc-simpleks-fiber-adaptor","status":"publish","type":"product","link":"https:\/\/yfconnectivity.com\/tr\/product\/sc-upc-simplex-fiber-adapter-with-flange\/","title":{"rendered":"Flan\u015fl\u0131 SC UPC Simplex Fiber Adapt\u00f6r"},"content":{"rendered":"<p class=\"\" data-start=\"228\" data-end=\"560\">Bu <strong data-start=\"232\" data-end=\"273\">SC UPC SX Flan\u015fl\u0131 Kaynak Adapt\u00f6r\u00fc<\/strong> iki SC fiber optik konekt\u00f6r\u00fc simpleks konfig\u00fcrasyonda hassas bir \u015fekilde hizalamak ve ba\u011flamak i\u00e7in tasarlanm\u0131\u015f bir fiber optik adapt\u00f6rd\u00fcr. Seramik hizalama man\u015fonu ve UPC cilal\u0131 aray\u00fcze sahip bu adapt\u00f6r, tek modlu fiber a\u011flarda d\u00fc\u015f\u00fck ekleme kayb\u0131 ve kararl\u0131 sinyal iletimi sa\u011flar.<\/p>\n<p class=\"\" data-start=\"562\" data-end=\"946\">Flan\u015f montajl\u0131 tasar\u0131m\u0131 g\u00fcvenli ve sa\u011flam bir kurulumu garanti ederken, adapt\u00f6r 1000'den fazla e\u015fle\u015fme d\u00f6ng\u00fcs\u00fcn\u00fc destekleyerek m\u00fckemmel tekrarlanabilirlik ve de\u011fi\u015ftirilebilirlik sunar. Tamamen RoHS uyumlu olan bu adapt\u00f6r FTTH a\u011flar\u0131nda, veri merkezlerinde, telekom odalar\u0131nda ve di\u011fer fiber optik da\u011f\u0131t\u0131m sistemlerinde yayg\u0131n olarak kullan\u0131lmaktad\u0131r.<\/p>","protected":false},"excerpt":{"rendered":"<p>The SC UPC SX Welding Adapter with Flange is a fiber optic adapter designed to precisely align and connect two [&hellip;]<\/p>\n","protected":false},"featured_media":2532,"template":"","meta":{"_acf_changed":false,"site-sidebar-layout":"default","site-content-layout":"","ast-site-content-layout":"default","site-content-style":"default","site-sidebar-style":"default","ast-global-header-display":"","ast-banner-title-visibility":"","ast-main-header-display":"","ast-hfb-above-header-display":"","ast-hfb-below-header-display":"","ast-hfb-mobile-header-display":"","site-post-title":"","ast-breadcrumbs-content":"","ast-featured-img":"","footer-sml-layout":"","ast-disable-related-posts":"","theme-transparent-header-meta":"default","adv-header-id-meta":"","stick-header-meta":"","header-above-stick-meta":"","header-main-stick-meta":"","header-below-stick-meta":"","astra-migrate-meta-layouts":"set","ast-page-background-enabled":"default","ast-page-background-meta":{"desktop":{"background-color":"var(--ast-global-color-5)","background-image":"","background-repeat":"repeat","background-position":"center center","background-size":"auto","background-attachment":"scroll","background-type":"","background-media":"","overlay-type":"","overlay-color":"","overlay-opacity":"","overlay-gradient":""},"tablet":{"background-color":"","background-image":"","background-repeat":"repeat","background-position":"center center","background-size":"auto","background-attachment":"scroll","background-type":"","background-media":"","overlay-type":"","overlay-color":"","overlay-opacity":"","overlay-gradient":""},"mobile":{"background-color":"","background-image":"","background-repeat":"repeat","background-position":"center center","background-size":"auto","background-attachment":"scroll","background-type":"","background-media":"","overlay-type":"","overlay-color":"","overlay-opacity":"","overlay-gradient":""}},"ast-content-background-meta":{"desktop":{"background-color":"var(--ast-global-color-4)","background-image":"","background-repeat":"repeat","background-position":"center center","background-size":"auto","background-attachment":"scroll","background-type":"","background-media":"","overlay-type":"","overlay-color":"","overlay-opacity":"","overlay-gradient":""},"tablet":{"background-color":"var(--ast-global-color-4)","background-image":"","background-repeat":"repeat","background-position":"center center","background-size":"auto","background-attachment":"scroll","background-type":"","background-media":"","overlay-type":"","overlay-color":"","overlay-opacity":"","overlay-gradient":""},"mobile":{"background-color":"var(--ast-global-color-4)","background-image":"","background-repeat":"repeat","background-position":"center center","background-size":"auto","background-attachment":"scroll","background-type":"","background-media":"","overlay-type":"","overlay-color":"","overlay-opacity":"","overlay-gradient":""}}},"product_brand":[],"product_cat":[50],"product_tag":[],"class_list":{"0":"post-2524","1":"product","2":"type-product","3":"status-publish","4":"has-post-thumbnail","6":"product_cat-sc-to-sc-fiber-optic-adapters","7":"desktop-align-left","8":"tablet-align-left","9":"mobile-align-left","11":"first","12":"instock","13":"shipping-taxable","14":"product-type-simple"},"acf":[],"_links":{"self":[{"href":"https:\/\/yfconnectivity.com\/tr\/wp-json\/wp\/v2\/product\/2524","targetHints":{"allow":["GET"]}}],"collection":[{"href":"https:\/\/yfconnectivity.com\/tr\/wp-json\/wp\/v2\/product"}],"about":[{"href":"https:\/\/yfconnectivity.com\/tr\/wp-json\/wp\/v2\/types\/product"}],"wp:featuredmedia":[{"embeddable":true,"href":"https:\/\/yfconnectivity.com\/tr\/wp-json\/wp\/v2\/media\/2532"}],"wp:attachment":[{"href":"https:\/\/yfconnectivity.com\/tr\/wp-json\/wp\/v2\/media?parent=2524"}],"wp:term":[{"taxonomy":"product_brand","embeddable":true,"href":"https:\/\/yfconnectivity.com\/tr\/wp-json\/wp\/v2\/product_brand?post=2524"},{"taxonomy":"product_cat","embeddable":true,"href":"https:\/\/yfconnectivity.com\/tr\/wp-json\/wp\/v2\/product_cat?post=2524"},{"taxonomy":"product_tag","embeddable":true,"href":"https:\/\/yfconnectivity.com\/tr\/wp-json\/wp\/v2\/product_tag?post=2524"}],"curies":[{"name":"wp","href":"https:\/\/api.w.org\/{rel}","templated":true}]}}