{"id":2515,"date":"2025-05-21T09:52:50","date_gmt":"2025-05-21T08:52:50","guid":{"rendered":"https:\/\/yfconnectivity.com\/?post_type=product&#038;p=2515"},"modified":"2025-07-11T13:35:41","modified_gmt":"2025-07-11T12:35:41","slug":"sc-upc-0-9mm-fi%cc%87ber-opti%cc%87k-konnektor","status":"publish","type":"product","link":"https:\/\/yfconnectivity.com\/tr\/product\/sc-upc-0-9mm-fiber-optic-connector\/","title":{"rendered":"SC\/UPC 0,9 mm Konekt\u00f6r"},"content":{"rendered":"<p class=\"\" data-start=\"117\" data-end=\"199\"><strong data-start=\"117\" data-end=\"199\">SC\/UPC 0.9mm Fiber Optik Konnekt\u00f6r - Y\u00fcksek Hassasiyetli, \u00c7ok Renkli, Tek Y\u00f6nl\u00fc Tip<\/strong><\/p>\n<p class=\"\" data-start=\"201\" data-end=\"506\">SC\/UPC 0,9 mm konekt\u00f6r, tek modlu fiber a\u011flarda h\u0131zl\u0131 ve g\u00fcvenilir sonland\u0131rmalar i\u00e7in tasarlanm\u0131\u015f y\u00fcksek performansl\u0131 bir simpleks fiber optik konekt\u00f6rd\u00fcr. Dayan\u0131kl\u0131l\u0131k ve d\u00fc\u015f\u00fck ekleme kayb\u0131 i\u00e7in tasarlanan bu konekt\u00f6r, istikrarl\u0131 sinyal performans\u0131 i\u00e7in UPC cila tipi ile y\u00fcksek geri d\u00f6n\u00fc\u015f kayb\u0131 (\u226555dB) sunar.<\/p>\n<p class=\"\" data-start=\"508\" data-end=\"858\">Bu konekt\u00f6r, farkl\u0131 a\u011f kodlama ve y\u00f6netim uygulamalar\u0131 i\u00e7in uygun olan standart 0,9 mm'lik bir k\u00f6r\u00fc\u011fe sahiptir. Dahili bile\u015fenleri aras\u0131nda tutarl\u0131 optik performans ve &gt;1000 e\u015fle\u015fme d\u00f6ng\u00fcs\u00fc sa\u011flayan hassas bir seramik halka, yay, durdurucu, k\u00f6r\u00fck ve koruyucu muhafaza bulunur.<\/p>\n<p class=\"\" data-start=\"860\" data-end=\"1086\">Fiber patch kablolarda, pigtaillerde ve saha sonland\u0131rma kitlerinde yayg\u0131n olarak kullan\u0131lan SC\/UPC konnekt\u00f6r, veri merkezlerinde, FTTx da\u011f\u0131t\u0131mlar\u0131nda ve telekom a\u011flar\u0131nda kolay kurulum, istikrarl\u0131 performans ve renk kodlu kolayl\u0131k sa\u011flar.<\/p>","protected":false},"excerpt":{"rendered":"<p>SC\/UPC 0.9mm Fiber Optic Connector \u2013 High-Precision, Multi-Color, Simplex Type The SC\/UPC 0.9mm connector is a high-performance simplex fiber optic [&hellip;]<\/p>\n","protected":false},"featured_media":2519,"template":"","meta":{"_acf_changed":false,"site-sidebar-layout":"default","site-content-layout":"","ast-site-content-layout":"default","site-content-style":"default","site-sidebar-style":"default","ast-global-header-display":"","ast-banner-title-visibility":"","ast-main-header-display":"","ast-hfb-above-header-display":"","ast-hfb-below-header-display":"","ast-hfb-mobile-header-display":"","site-post-title":"","ast-breadcrumbs-content":"","ast-featured-img":"","footer-sml-layout":"","ast-disable-related-posts":"","theme-transparent-header-meta":"default","adv-header-id-meta":"","stick-header-meta":"","header-above-stick-meta":"","header-main-stick-meta":"","header-below-stick-meta":"","astra-migrate-meta-layouts":"set","ast-page-background-enabled":"default","ast-page-background-meta":{"desktop":{"background-color":"var(--ast-global-color-5)","background-image":"","background-repeat":"repeat","background-position":"center center","background-size":"auto","background-attachment":"scroll","background-type":"","background-media":"","overlay-type":"","overlay-color":"","overlay-opacity":"","overlay-gradient":""},"tablet":{"background-color":"","background-image":"","background-repeat":"repeat","background-position":"center center","background-size":"auto","background-attachment":"scroll","background-type":"","background-media":"","overlay-type":"","overlay-color":"","overlay-opacity":"","overlay-gradient":""},"mobile":{"background-color":"","background-image":"","background-repeat":"repeat","background-position":"center center","background-size":"auto","background-attachment":"scroll","background-type":"","background-media":"","overlay-type":"","overlay-color":"","overlay-opacity":"","overlay-gradient":""}},"ast-content-background-meta":{"desktop":{"background-color":"var(--ast-global-color-4)","background-image":"","background-repeat":"repeat","background-position":"center center","background-size":"auto","background-attachment":"scroll","background-type":"","background-media":"","overlay-type":"","overlay-color":"","overlay-opacity":"","overlay-gradient":""},"tablet":{"background-color":"var(--ast-global-color-4)","background-image":"","background-repeat":"repeat","background-position":"center center","background-size":"auto","background-attachment":"scroll","background-type":"","background-media":"","overlay-type":"","overlay-color":"","overlay-opacity":"","overlay-gradient":""},"mobile":{"background-color":"var(--ast-global-color-4)","background-image":"","background-repeat":"repeat","background-position":"center center","background-size":"auto","background-attachment":"scroll","background-type":"","background-media":"","overlay-type":"","overlay-color":"","overlay-opacity":"","overlay-gradient":""}}},"product_brand":[],"product_cat":[48],"product_tag":[],"class_list":{"0":"post-2515","1":"product","2":"type-product","3":"status-publish","4":"has-post-thumbnail","6":"product_cat-sc-fiber-optic-coneectors","7":"desktop-align-left","8":"tablet-align-left","9":"mobile-align-left","11":"first","12":"instock","13":"shipping-taxable","14":"product-type-simple"},"acf":[],"_links":{"self":[{"href":"https:\/\/yfconnectivity.com\/tr\/wp-json\/wp\/v2\/product\/2515","targetHints":{"allow":["GET"]}}],"collection":[{"href":"https:\/\/yfconnectivity.com\/tr\/wp-json\/wp\/v2\/product"}],"about":[{"href":"https:\/\/yfconnectivity.com\/tr\/wp-json\/wp\/v2\/types\/product"}],"wp:featuredmedia":[{"embeddable":true,"href":"https:\/\/yfconnectivity.com\/tr\/wp-json\/wp\/v2\/media\/2519"}],"wp:attachment":[{"href":"https:\/\/yfconnectivity.com\/tr\/wp-json\/wp\/v2\/media?parent=2515"}],"wp:term":[{"taxonomy":"product_brand","embeddable":true,"href":"https:\/\/yfconnectivity.com\/tr\/wp-json\/wp\/v2\/product_brand?post=2515"},{"taxonomy":"product_cat","embeddable":true,"href":"https:\/\/yfconnectivity.com\/tr\/wp-json\/wp\/v2\/product_cat?post=2515"},{"taxonomy":"product_tag","embeddable":true,"href":"https:\/\/yfconnectivity.com\/tr\/wp-json\/wp\/v2\/product_tag?post=2515"}],"curies":[{"name":"wp","href":"https:\/\/api.w.org\/{rel}","templated":true}]}}