{"id":2480,"date":"2025-05-21T03:58:22","date_gmt":"2025-05-21T02:58:22","guid":{"rendered":"https:\/\/yfconnectivity.com\/?post_type=product&#038;p=2480"},"modified":"2025-05-21T03:58:22","modified_gmt":"2025-05-21T02:58:22","slug":"48-cekirdekli-yatay-tip-fiber-optik-ek-yeri-kapatma","status":"publish","type":"product","link":"https:\/\/yfconnectivity.com\/tr\/product\/48-cores-horizontal-type-fiber-optic-splice-closure\/","title":{"rendered":"48 \u00c7ekirdekli Yatay Tip Fiber Optik Ek Kapatma"},"content":{"rendered":"<p class=\"\" data-start=\"149\" data-end=\"228\"><strong data-start=\"149\" data-end=\"228\">48 \u00c7ekirdekli Yatay Fiber Ek Kapatma - Sa\u011flam Tasar\u0131m, Maksimum Koruma<\/strong><\/p>\n<p class=\"\" data-start=\"230\" data-end=\"541\">Zorlu ortamlara dayanacak \u015fekilde tasarlanan bu 48 \u00e7ekirdekli yatay fiber optik ek yeri kapat\u0131c\u0131s\u0131, havadan fiber a\u011flar i\u00e7in sa\u011flam koruma ve verimli kablo y\u00f6netimi sunar. Mekanik conta tasar\u0131m\u0131 ve PC+ABS g\u00f6vdesiyle, kompakt 385\u00d7190\u00d7100mm form fakt\u00f6r\u00fcnde uzun s\u00fcreli dayan\u0131kl\u0131l\u0131k ve hava ko\u015fullar\u0131na diren\u00e7 sa\u011flar.<\/p>\n<p class=\"\" data-start=\"543\" data-end=\"839\">4 kablo giri\u015f portuna (\u03a610-\u03a616mm) sahiptir ve toplam 48 fiber bar\u0131nd\u0131ran 2 adede kadar ekleme tepsisini destekler. S\u00f6k\u00fclemeyen vida tipi kapak, g\u00fcvenli bir s\u0131zd\u0131rmazl\u0131k sa\u011flarken bak\u0131m s\u0131ras\u0131nda kolay eri\u015fim sa\u011flar. FTTX, omurga veya da\u011f\u0131t\u0131m a\u011flar\u0131nda havadan kurulumlar i\u00e7in idealdir.<\/p>\n<p class=\"\" data-start=\"841\" data-end=\"969\">\u0130ster k\u0131rsal da\u011f\u0131t\u0131mlar ister kentsel hava kablosu g\u00fczergahlar\u0131 i\u00e7in olsun, bu kapak g\u00fcvenilir ve emniyetli bir fiber ekleme \u00e7\u00f6z\u00fcm\u00fc sunar.<\/p>","protected":false},"excerpt":{"rendered":"<p>48 Core Horizontal Fiber Splice Closure \u2013 Rugged Design, Maximum Protection Built to endure harsh environments, this 48-core horizontal fiber [&hellip;]<\/p>\n","protected":false},"featured_media":2482,"template":"","meta":{"_acf_changed":false,"site-sidebar-layout":"default","site-content-layout":"","ast-site-content-layout":"default","site-content-style":"default","site-sidebar-style":"default","ast-global-header-display":"","ast-banner-title-visibility":"","ast-main-header-display":"","ast-hfb-above-header-display":"","ast-hfb-below-header-display":"","ast-hfb-mobile-header-display":"","site-post-title":"","ast-breadcrumbs-content":"","ast-featured-img":"","footer-sml-layout":"","ast-disable-related-posts":"","theme-transparent-header-meta":"default","adv-header-id-meta":"","stick-header-meta":"","header-above-stick-meta":"","header-main-stick-meta":"","header-below-stick-meta":"","astra-migrate-meta-layouts":"set","ast-page-background-enabled":"default","ast-page-background-meta":{"desktop":{"background-color":"var(--ast-global-color-5)","background-image":"","background-repeat":"repeat","background-position":"center center","background-size":"auto","background-attachment":"scroll","background-type":"","background-media":"","overlay-type":"","overlay-color":"","overlay-opacity":"","overlay-gradient":""},"tablet":{"background-color":"","background-image":"","background-repeat":"repeat","background-position":"center center","background-size":"auto","background-attachment":"scroll","background-type":"","background-media":"","overlay-type":"","overlay-color":"","overlay-opacity":"","overlay-gradient":""},"mobile":{"background-color":"","background-image":"","background-repeat":"repeat","background-position":"center center","background-size":"auto","background-attachment":"scroll","background-type":"","background-media":"","overlay-type":"","overlay-color":"","overlay-opacity":"","overlay-gradient":""}},"ast-content-background-meta":{"desktop":{"background-color":"var(--ast-global-color-4)","background-image":"","background-repeat":"repeat","background-position":"center center","background-size":"auto","background-attachment":"scroll","background-type":"","background-media":"","overlay-type":"","overlay-color":"","overlay-opacity":"","overlay-gradient":""},"tablet":{"background-color":"var(--ast-global-color-4)","background-image":"","background-repeat":"repeat","background-position":"center center","background-size":"auto","background-attachment":"scroll","background-type":"","background-media":"","overlay-type":"","overlay-color":"","overlay-opacity":"","overlay-gradient":""},"mobile":{"background-color":"var(--ast-global-color-4)","background-image":"","background-repeat":"repeat","background-position":"center center","background-size":"auto","background-attachment":"scroll","background-type":"","background-media":"","overlay-type":"","overlay-color":"","overlay-opacity":"","overlay-gradient":""}}},"product_brand":[],"product_cat":[38],"product_tag":[],"class_list":{"0":"post-2480","1":"product","2":"type-product","3":"status-publish","4":"has-post-thumbnail","6":"product_cat-fiber-optic-splice-box","7":"desktop-align-left","8":"tablet-align-left","9":"mobile-align-left","11":"first","12":"instock","13":"shipping-taxable","14":"product-type-simple"},"acf":[],"_links":{"self":[{"href":"https:\/\/yfconnectivity.com\/tr\/wp-json\/wp\/v2\/product\/2480","targetHints":{"allow":["GET"]}}],"collection":[{"href":"https:\/\/yfconnectivity.com\/tr\/wp-json\/wp\/v2\/product"}],"about":[{"href":"https:\/\/yfconnectivity.com\/tr\/wp-json\/wp\/v2\/types\/product"}],"wp:featuredmedia":[{"embeddable":true,"href":"https:\/\/yfconnectivity.com\/tr\/wp-json\/wp\/v2\/media\/2482"}],"wp:attachment":[{"href":"https:\/\/yfconnectivity.com\/tr\/wp-json\/wp\/v2\/media?parent=2480"}],"wp:term":[{"taxonomy":"product_brand","embeddable":true,"href":"https:\/\/yfconnectivity.com\/tr\/wp-json\/wp\/v2\/product_brand?post=2480"},{"taxonomy":"product_cat","embeddable":true,"href":"https:\/\/yfconnectivity.com\/tr\/wp-json\/wp\/v2\/product_cat?post=2480"},{"taxonomy":"product_tag","embeddable":true,"href":"https:\/\/yfconnectivity.com\/tr\/wp-json\/wp\/v2\/product_tag?post=2480"}],"curies":[{"name":"wp","href":"https:\/\/api.w.org\/{rel}","templated":true}]}}