{"id":2445,"date":"2025-05-20T09:40:15","date_gmt":"2025-05-20T08:40:15","guid":{"rendered":"https:\/\/yfconnectivity.com\/?post_type=product&#038;p=2445"},"modified":"2025-08-07T10:43:31","modified_gmt":"2025-08-07T09:43:31","slug":"ozellestirilmis-lc-lc-0-9mm-fiber-optik-patch-cord","status":"publish","type":"product","link":"https:\/\/yfconnectivity.com\/tr\/product\/customized-lc-lc-0-9mm-fiber-optic-patch-cord\/","title":{"rendered":"LC - LC UPC 0.9mm Fiber Ba\u011flant\u0131 Kablosu"},"content":{"rendered":"<p><strong>\u00d6zelle\u015ftirilmi\u015f LC - LC 0.9mm Fiber Optik Yama Kablosu - A\u011f\u0131n\u0131z i\u00e7in Y\u00fcksek Hassasiyet ve Esneklik<\/strong><\/p>\n<p>Bu LC-LC simpleks yama kablosu, hassas, yerden tasarruf sa\u011flayan da\u011f\u0131t\u0131mlar i\u00e7in ideal olan y\u00fcksek performansl\u0131 tek modlu fiber uygulamalar\u0131 i\u00e7in tasarlanm\u0131\u015ft\u0131r. 0,9 mm ince k\u0131l\u0131f ve G.652D\/G.657A2 fiber s\u0131n\u0131f\u0131na sahip olan bu kablo, d\u00fc\u015f\u00fck ekleme kayb\u0131 ve y\u00fcksek geri d\u00f6n\u00fc\u015f kayb\u0131 sa\u011flayarak istikrarl\u0131 sinyal iletimi sa\u011flar. Kablo, \u00f6zel uzunluklar\u0131 ve k\u0131l\u0131f malzemelerini (PVC veya LSZH) destekleyerek fiber da\u011f\u0131t\u0131m \u00e7er\u00e7eveleri, FTTH ve kompakt y\u00f6nlendirme ortamlar\u0131 i\u00e7in m\u00fckemmel bir uyum sa\u011flar.<\/p>\n<p>\u0130ster \u00fcst\u00fcn esnekli\u011fe ister s\u0131k\u0131 b\u00fck\u00fclme performans\u0131na ihtiyac\u0131n\u0131z olsun, bu yama kablosu modern optik a\u011flar i\u00e7in g\u00fcvenilir bir \u00e7\u00f6z\u00fcmd\u00fcr.<\/p>","protected":false},"excerpt":{"rendered":"<p>Customized LC to LC 0.9mm Fiber Optic Patch Cord \u2013 High Precision &amp; Flexibility for Your Network This LC-LC simplex [&hellip;]<\/p>\n","protected":false},"featured_media":2448,"template":"","meta":{"_acf_changed":false,"site-sidebar-layout":"default","site-content-layout":"","ast-site-content-layout":"default","site-content-style":"default","site-sidebar-style":"default","ast-global-header-display":"","ast-banner-title-visibility":"","ast-main-header-display":"","ast-hfb-above-header-display":"","ast-hfb-below-header-display":"","ast-hfb-mobile-header-display":"","site-post-title":"","ast-breadcrumbs-content":"","ast-featured-img":"","footer-sml-layout":"","ast-disable-related-posts":"","theme-transparent-header-meta":"default","adv-header-id-meta":"","stick-header-meta":"","header-above-stick-meta":"","header-main-stick-meta":"","header-below-stick-meta":"","astra-migrate-meta-layouts":"set","ast-page-background-enabled":"default","ast-page-background-meta":{"desktop":{"background-color":"var(--ast-global-color-5)","background-image":"","background-repeat":"repeat","background-position":"center center","background-size":"auto","background-attachment":"scroll","background-type":"","background-media":"","overlay-type":"","overlay-color":"","overlay-opacity":"","overlay-gradient":""},"tablet":{"background-color":"","background-image":"","background-repeat":"repeat","background-position":"center center","background-size":"auto","background-attachment":"scroll","background-type":"","background-media":"","overlay-type":"","overlay-color":"","overlay-opacity":"","overlay-gradient":""},"mobile":{"background-color":"","background-image":"","background-repeat":"repeat","background-position":"center center","background-size":"auto","background-attachment":"scroll","background-type":"","background-media":"","overlay-type":"","overlay-color":"","overlay-opacity":"","overlay-gradient":""}},"ast-content-background-meta":{"desktop":{"background-color":"var(--ast-global-color-4)","background-image":"","background-repeat":"repeat","background-position":"center center","background-size":"auto","background-attachment":"scroll","background-type":"","background-media":"","overlay-type":"","overlay-color":"","overlay-opacity":"","overlay-gradient":""},"tablet":{"background-color":"var(--ast-global-color-4)","background-image":"","background-repeat":"repeat","background-position":"center center","background-size":"auto","background-attachment":"scroll","background-type":"","background-media":"","overlay-type":"","overlay-color":"","overlay-opacity":"","overlay-gradient":""},"mobile":{"background-color":"var(--ast-global-color-4)","background-image":"","background-repeat":"repeat","background-position":"center center","background-size":"auto","background-attachment":"scroll","background-type":"","background-media":"","overlay-type":"","overlay-color":"","overlay-opacity":"","overlay-gradient":""}}},"product_brand":[],"product_cat":[36],"product_tag":[],"class_list":{"0":"post-2445","1":"product","2":"type-product","3":"status-publish","4":"has-post-thumbnail","6":"product_cat-fiber-optical-patch-cord","7":"desktop-align-left","8":"tablet-align-left","9":"mobile-align-left","11":"first","12":"instock","13":"shipping-taxable","14":"product-type-simple"},"acf":[],"_links":{"self":[{"href":"https:\/\/yfconnectivity.com\/tr\/wp-json\/wp\/v2\/product\/2445","targetHints":{"allow":["GET"]}}],"collection":[{"href":"https:\/\/yfconnectivity.com\/tr\/wp-json\/wp\/v2\/product"}],"about":[{"href":"https:\/\/yfconnectivity.com\/tr\/wp-json\/wp\/v2\/types\/product"}],"wp:featuredmedia":[{"embeddable":true,"href":"https:\/\/yfconnectivity.com\/tr\/wp-json\/wp\/v2\/media\/2448"}],"wp:attachment":[{"href":"https:\/\/yfconnectivity.com\/tr\/wp-json\/wp\/v2\/media?parent=2445"}],"wp:term":[{"taxonomy":"product_brand","embeddable":true,"href":"https:\/\/yfconnectivity.com\/tr\/wp-json\/wp\/v2\/product_brand?post=2445"},{"taxonomy":"product_cat","embeddable":true,"href":"https:\/\/yfconnectivity.com\/tr\/wp-json\/wp\/v2\/product_cat?post=2445"},{"taxonomy":"product_tag","embeddable":true,"href":"https:\/\/yfconnectivity.com\/tr\/wp-json\/wp\/v2\/product_tag?post=2445"}],"curies":[{"name":"wp","href":"https:\/\/api.w.org\/{rel}","templated":true}]}}