{"id":2424,"date":"2025-05-20T08:26:19","date_gmt":"2025-05-20T07:26:19","guid":{"rendered":"https:\/\/yfconnectivity.com\/?post_type=product&#038;p=2424"},"modified":"2025-05-20T09:40:34","modified_gmt":"2025-05-20T08:40:34","slug":"mpo-mpo-patch-kablolar","status":"publish","type":"product","link":"https:\/\/yfconnectivity.com\/tr\/product\/mpo-to-mpo-patch-cords\/","title":{"rendered":"MPO - MPO Yama Kablolar\u0131"},"content":{"rendered":"<p><strong>H\u0131zl\u0131, G\u00fcvenilir Omurga Ba\u011flant\u0131lar\u0131 i\u00e7in Y\u00fcksek Yo\u011funluklu MPO-MPO Fiber Yama Kablosu<\/strong><\/p>\n<p>Yingfeng'in MPO - MPO fiber optik patch kablolar\u0131, veri merkezleri, kurumsal LAN'lar ve telekom\u00fcnikasyon odalar\u0131 gibi y\u00fcksek yo\u011funluklu fiber a\u011f ortamlar\u0131 i\u00e7in tasarlanm\u0131\u015ft\u0131r. H\u0131zl\u0131 ve verimli tak ve \u00e7al\u0131\u015ft\u0131r kurulum i\u00e7in tasarlanan bu patch kablolar, sinyal iletiminde \u00fcst\u00fcn performans sunarak onlar\u0131 omurga kablolamas\u0131 ve y\u00fcksek h\u0131zl\u0131 optik anahtarlama i\u00e7in ideal hale getirir.<\/p>\n<p>Hassas hizalanm\u0131\u015f y\u00fcks\u00fckler ve d\u00fc\u015f\u00fck ekleme kayb\u0131 ile \u00fcretilen MPO patch kablolar\u0131m\u0131z, geli\u015fmi\u015f esneklik ve b\u00fck\u00fclme direnci i\u00e7in hem G.652D hem de G.657A2 fiber s\u0131n\u0131flar\u0131n\u0131 destekler. \u0130ster altyap\u0131n\u0131z\u0131 y\u00fckseltin ister yeni bir altyap\u0131 kurun, bu y\u00fcksek performansl\u0131 MPO patch kablolar tutarl\u0131 optik performans, dayan\u0131kl\u0131l\u0131k ve \u00e7e\u015fitli MPO tabanl\u0131 sistemlerle m\u00fckemmel uyumluluk sa\u011flar.<\/p>","protected":false},"excerpt":{"rendered":"<p>High-Density MPO-MPO Fiber Patch Cord for Fast, Reliable Backbone Connections Yingfeng\u2019s MPO to MPO fiber optic patch cords are engineered [&hellip;]<\/p>\n","protected":false},"featured_media":2443,"template":"","meta":{"_acf_changed":false,"site-sidebar-layout":"default","site-content-layout":"","ast-site-content-layout":"default","site-content-style":"default","site-sidebar-style":"default","ast-global-header-display":"","ast-banner-title-visibility":"","ast-main-header-display":"","ast-hfb-above-header-display":"","ast-hfb-below-header-display":"","ast-hfb-mobile-header-display":"","site-post-title":"","ast-breadcrumbs-content":"","ast-featured-img":"","footer-sml-layout":"","ast-disable-related-posts":"","theme-transparent-header-meta":"default","adv-header-id-meta":"","stick-header-meta":"","header-above-stick-meta":"","header-main-stick-meta":"","header-below-stick-meta":"","astra-migrate-meta-layouts":"set","ast-page-background-enabled":"default","ast-page-background-meta":{"desktop":{"background-color":"var(--ast-global-color-5)","background-image":"","background-repeat":"repeat","background-position":"center center","background-size":"auto","background-attachment":"scroll","background-type":"","background-media":"","overlay-type":"","overlay-color":"","overlay-opacity":"","overlay-gradient":""},"tablet":{"background-color":"","background-image":"","background-repeat":"repeat","background-position":"center center","background-size":"auto","background-attachment":"scroll","background-type":"","background-media":"","overlay-type":"","overlay-color":"","overlay-opacity":"","overlay-gradient":""},"mobile":{"background-color":"","background-image":"","background-repeat":"repeat","background-position":"center center","background-size":"auto","background-attachment":"scroll","background-type":"","background-media":"","overlay-type":"","overlay-color":"","overlay-opacity":"","overlay-gradient":""}},"ast-content-background-meta":{"desktop":{"background-color":"var(--ast-global-color-4)","background-image":"","background-repeat":"repeat","background-position":"center center","background-size":"auto","background-attachment":"scroll","background-type":"","background-media":"","overlay-type":"","overlay-color":"","overlay-opacity":"","overlay-gradient":""},"tablet":{"background-color":"var(--ast-global-color-4)","background-image":"","background-repeat":"repeat","background-position":"center center","background-size":"auto","background-attachment":"scroll","background-type":"","background-media":"","overlay-type":"","overlay-color":"","overlay-opacity":"","overlay-gradient":""},"mobile":{"background-color":"var(--ast-global-color-4)","background-image":"","background-repeat":"repeat","background-position":"center center","background-size":"auto","background-attachment":"scroll","background-type":"","background-media":"","overlay-type":"","overlay-color":"","overlay-opacity":"","overlay-gradient":""}}},"product_brand":[],"product_cat":[40],"product_tag":[],"class_list":{"0":"post-2424","1":"product","2":"type-product","3":"status-publish","4":"has-post-thumbnail","6":"product_cat-mpo-mpt-patch-cables","7":"desktop-align-left","8":"tablet-align-left","9":"mobile-align-left","11":"first","12":"instock","13":"shipping-taxable","14":"product-type-simple"},"acf":[],"_links":{"self":[{"href":"https:\/\/yfconnectivity.com\/tr\/wp-json\/wp\/v2\/product\/2424","targetHints":{"allow":["GET"]}}],"collection":[{"href":"https:\/\/yfconnectivity.com\/tr\/wp-json\/wp\/v2\/product"}],"about":[{"href":"https:\/\/yfconnectivity.com\/tr\/wp-json\/wp\/v2\/types\/product"}],"wp:featuredmedia":[{"embeddable":true,"href":"https:\/\/yfconnectivity.com\/tr\/wp-json\/wp\/v2\/media\/2443"}],"wp:attachment":[{"href":"https:\/\/yfconnectivity.com\/tr\/wp-json\/wp\/v2\/media?parent=2424"}],"wp:term":[{"taxonomy":"product_brand","embeddable":true,"href":"https:\/\/yfconnectivity.com\/tr\/wp-json\/wp\/v2\/product_brand?post=2424"},{"taxonomy":"product_cat","embeddable":true,"href":"https:\/\/yfconnectivity.com\/tr\/wp-json\/wp\/v2\/product_cat?post=2424"},{"taxonomy":"product_tag","embeddable":true,"href":"https:\/\/yfconnectivity.com\/tr\/wp-json\/wp\/v2\/product_tag?post=2424"}],"curies":[{"name":"wp","href":"https:\/\/api.w.org\/{rel}","templated":true}]}}