{"id":7148,"date":"2026-01-28T06:21:42","date_gmt":"2026-01-28T05:21:42","guid":{"rendered":"https:\/\/yfconnectivity.com\/?post_type=product&#038;p=7148"},"modified":"2026-01-28T08:40:17","modified_gmt":"2026-01-28T07:40:17","slug":"conector-de-campo-rapido-sc-upc","status":"publish","type":"product","link":"https:\/\/yfconnectivity.com\/pt-br\/product\/sc-upc-fast-field-connector\/","title":{"rendered":"Conector de campo r\u00e1pido de fibra \u00f3ptica SC UPC"},"content":{"rendered":"<p data-start=\"492\" data-end=\"652\">O conector de campo r\u00e1pido SC UPC foi projetado para uma termina\u00e7\u00e3o de fibra r\u00e1pida, est\u00e1vel e repet\u00edvel em redes de acesso FTTH e instala\u00e7\u00f5es \u00f3pticas internas.<\/p>\n<p data-start=\"654\" data-end=\"989\">Usando um ferrolho UPC pr\u00e9-polido e uma estrutura de emenda mec\u00e2nica, esse conector permite que os t\u00e9cnicos concluam a termina\u00e7\u00e3o da fibra em cerca de 15 segundos, sem ep\u00f3xi, cura ou emenda por fus\u00e3o. Ele \u00e9 totalmente compat\u00edvel com cabos drop FTTH do tipo arco (3,0 \u00d7 2,0 mm \/ 1,6 \u00d7 2,0 mm) e fibras monomodo (G.652 \/ G.657).<\/p>\n<p data-start=\"991\" data-end=\"1265\">Com baixa perda de inser\u00e7\u00e3o (\u22640,2 dB t\u00edpico) e uma perda de retorno de \u226550 dB, o conector r\u00e1pido SC UPC oferece desempenho \u00f3ptico confi\u00e1vel para sa\u00eddas de fibra, caixas de termina\u00e7\u00e3o e equipamentos nas instala\u00e7\u00f5es do cliente, onde a facilidade de instala\u00e7\u00e3o e a estabilidade do sinal s\u00e3o necess\u00e1rias.<\/p>","protected":false},"excerpt":{"rendered":"<p>The SC UPC Fast Field Connector is designed for fast, stable, and repeatable fiber termination in FTTH access networks and [&hellip;]<\/p>\n","protected":false},"featured_media":7161,"template":"","meta":{"_acf_changed":false,"site-sidebar-layout":"default","site-content-layout":"","ast-site-content-layout":"default","site-content-style":"default","site-sidebar-style":"default","ast-global-header-display":"","ast-banner-title-visibility":"","ast-main-header-display":"","ast-hfb-above-header-display":"","ast-hfb-below-header-display":"","ast-hfb-mobile-header-display":"","site-post-title":"","ast-breadcrumbs-content":"","ast-featured-img":"","footer-sml-layout":"","ast-disable-related-posts":"","theme-transparent-header-meta":"default","adv-header-id-meta":"","stick-header-meta":"","header-above-stick-meta":"","header-main-stick-meta":"","header-below-stick-meta":"","astra-migrate-meta-layouts":"set","ast-page-background-enabled":"default","ast-page-background-meta":{"desktop":{"background-color":"var(--ast-global-color-5)","background-image":"","background-repeat":"repeat","background-position":"center center","background-size":"auto","background-attachment":"scroll","background-type":"","background-media":"","overlay-type":"","overlay-color":"","overlay-opacity":"","overlay-gradient":""},"tablet":{"background-color":"","background-image":"","background-repeat":"repeat","background-position":"center center","background-size":"auto","background-attachment":"scroll","background-type":"","background-media":"","overlay-type":"","overlay-color":"","overlay-opacity":"","overlay-gradient":""},"mobile":{"background-color":"","background-image":"","background-repeat":"repeat","background-position":"center center","background-size":"auto","background-attachment":"scroll","background-type":"","background-media":"","overlay-type":"","overlay-color":"","overlay-opacity":"","overlay-gradient":""}},"ast-content-background-meta":{"desktop":{"background-color":"var(--ast-global-color-4)","background-image":"","background-repeat":"repeat","background-position":"center center","background-size":"auto","background-attachment":"scroll","background-type":"","background-media":"","overlay-type":"","overlay-color":"","overlay-opacity":"","overlay-gradient":""},"tablet":{"background-color":"var(--ast-global-color-4)","background-image":"","background-repeat":"repeat","background-position":"center center","background-size":"auto","background-attachment":"scroll","background-type":"","background-media":"","overlay-type":"","overlay-color":"","overlay-opacity":"","overlay-gradient":""},"mobile":{"background-color":"var(--ast-global-color-4)","background-image":"","background-repeat":"repeat","background-position":"center center","background-size":"auto","background-attachment":"scroll","background-type":"","background-media":"","overlay-type":"","overlay-color":"","overlay-opacity":"","overlay-gradient":""}}},"product_brand":[],"product_cat":[68],"product_tag":[],"class_list":{"0":"post-7148","1":"product","2":"type-product","3":"status-publish","4":"has-post-thumbnail","6":"product_cat-fiber-optic-fast-connector","7":"desktop-align-left","8":"tablet-align-left","9":"mobile-align-left","11":"first","12":"instock","13":"shipping-taxable","14":"product-type-simple"},"acf":[],"_links":{"self":[{"href":"https:\/\/yfconnectivity.com\/pt-br\/wp-json\/wp\/v2\/product\/7148","targetHints":{"allow":["GET"]}}],"collection":[{"href":"https:\/\/yfconnectivity.com\/pt-br\/wp-json\/wp\/v2\/product"}],"about":[{"href":"https:\/\/yfconnectivity.com\/pt-br\/wp-json\/wp\/v2\/types\/product"}],"wp:featuredmedia":[{"embeddable":true,"href":"https:\/\/yfconnectivity.com\/pt-br\/wp-json\/wp\/v2\/media\/7161"}],"wp:attachment":[{"href":"https:\/\/yfconnectivity.com\/pt-br\/wp-json\/wp\/v2\/media?parent=7148"}],"wp:term":[{"taxonomy":"product_brand","embeddable":true,"href":"https:\/\/yfconnectivity.com\/pt-br\/wp-json\/wp\/v2\/product_brand?post=7148"},{"taxonomy":"product_cat","embeddable":true,"href":"https:\/\/yfconnectivity.com\/pt-br\/wp-json\/wp\/v2\/product_cat?post=7148"},{"taxonomy":"product_tag","embeddable":true,"href":"https:\/\/yfconnectivity.com\/pt-br\/wp-json\/wp\/v2\/product_tag?post=7148"}],"curies":[{"name":"wp","href":"https:\/\/api.w.org\/{rel}","templated":true}]}}