{"id":6957,"date":"2026-01-14T10:28:35","date_gmt":"2026-01-14T09:28:35","guid":{"rendered":"https:\/\/yfconnectivity.com\/?post_type=product&#038;p=6957"},"modified":"2026-01-14T10:33:10","modified_gmt":"2026-01-14T09:33:10","slug":"caixa-de-distribuicao-de-fibra-optica-compacta-de-16-portas-b01","status":"publish","type":"product","link":"https:\/\/yfconnectivity.com\/pt-br\/product\/16-port-compact-fiber-optic-distribution-box-b01\/","title":{"rendered":"Caixa de distribui\u00e7\u00e3o de fibra \u00f3ptica compacta de 16 portas B01"},"content":{"rendered":"<p data-start=\"250\" data-end=\"559\">Essa caixa de distribui\u00e7\u00e3o de fibra \u00f3ptica externa compacta de 16 portas foi projetada para cen\u00e1rios de implementa\u00e7\u00e3o de FTTx com espa\u00e7o limitado. Em compara\u00e7\u00e3o com os modelos padr\u00e3o de 16 portas, ela ocupa menos espa\u00e7o e tem um layout interno mais compacto, al\u00e9m de oferecer suporte \u00e0 termina\u00e7\u00e3o de fibra de alta densidade e desempenho externo confi\u00e1vel.<\/p>\n<ul>\n<li data-start=\"563\" data-end=\"741\"><strong data-start=\"563\" data-end=\"594\">Configura\u00e7\u00e3o de 4 entradas \/ 16 sa\u00eddas<\/strong>: Suporta at\u00e9 4 cabos de fibra \u00f3ptica de entrada e distribui\u00e7\u00e3o para 16 portas de sa\u00edda, adequado para roteamento de alimentador flex\u00edvel em redes de acesso FTTx.<\/li>\n<li data-start=\"563\" data-end=\"741\"><strong data-start=\"744\" data-end=\"775\">Design compacto de alta densidade<\/strong>: Tamanho otimizado do gabinete com um layout interno mais compacto, ideal para instala\u00e7\u00f5es onde o espa\u00e7o \u00e9 limitado.<\/li>\n<li data-start=\"563\" data-end=\"741\"><strong data-start=\"886\" data-end=\"927\">Estrutura de separa\u00e7\u00e3o de emendas e patches<\/strong>: O roteamento independente para emendas de fibra e patch cords permite uma expans\u00e3o mais f\u00e1cil da capacidade e simplifica a manuten\u00e7\u00e3o.<\/li>\n<li data-start=\"563\" data-end=\"741\"><strong data-start=\"1050\" data-end=\"1078\">Compatibilidade do adaptador SC<\/strong>: Suporta a instala\u00e7\u00e3o de at\u00e9 16 adaptadores SC para conex\u00f5es de fibra padronizadas.<\/li>\n<li data-start=\"563\" data-end=\"741\"><strong data-start=\"1166\" data-end=\"1191\">Suporte para mini divisor<\/strong>: Compat\u00edvel com divisores \u00f3pticos do tipo mini, otimizado para espa\u00e7o interno compacto.<\/li>\n<li data-start=\"563\" data-end=\"741\"><strong data-start=\"1280\" data-end=\"1311\">Estrutura de rotatividade interna<\/strong>: O design interno em estilo flip permite acesso r\u00e1pido aos componentes internos durante a instala\u00e7\u00e3o e a manuten\u00e7\u00e3o.<\/li>\n<li data-start=\"563\" data-end=\"741\"><strong data-start=\"1422\" data-end=\"1451\">Gabinete de pl\u00e1stico dur\u00e1vel<\/strong>: Feito de pl\u00e1stico de alta qualidade com uma apar\u00eancia limpa, projetado para uso externo de longo prazo.<strong data-start=\"1549\" data-end=\"1578\">V\u00e1rias sa\u00eddas de cabos suspensos<\/strong>: Suporta at\u00e9 16 sa\u00eddas de cabo drop para roteamento organizado de fibra.<\/li>\n<li data-start=\"1648\" data-end=\"1762\"><strong data-start=\"1650\" data-end=\"1678\">N\u00edvel de prote\u00e7\u00e3o ao ar livre<\/strong>: O gabinete com classifica\u00e7\u00e3o IP55 oferece prote\u00e7\u00e3o confi\u00e1vel contra poeira e respingos de \u00e1gua.<\/li>\n<\/ul>","protected":false},"excerpt":{"rendered":"<p>This compact 16-port outdoor fiber optic distribution box is designed for space-limited FTTx deployment scenarios. Compared with standard 16-port models, [&hellip;]<\/p>\n","protected":false},"featured_media":6962,"template":"","meta":{"_acf_changed":false,"site-sidebar-layout":"default","site-content-layout":"","ast-site-content-layout":"default","site-content-style":"default","site-sidebar-style":"default","ast-global-header-display":"","ast-banner-title-visibility":"","ast-main-header-display":"","ast-hfb-above-header-display":"","ast-hfb-below-header-display":"","ast-hfb-mobile-header-display":"","site-post-title":"","ast-breadcrumbs-content":"","ast-featured-img":"","footer-sml-layout":"","ast-disable-related-posts":"","theme-transparent-header-meta":"default","adv-header-id-meta":"","stick-header-meta":"","header-above-stick-meta":"","header-main-stick-meta":"","header-below-stick-meta":"","astra-migrate-meta-layouts":"set","ast-page-background-enabled":"default","ast-page-background-meta":{"desktop":{"background-color":"var(--ast-global-color-5)","background-image":"","background-repeat":"repeat","background-position":"center center","background-size":"auto","background-attachment":"scroll","background-type":"","background-media":"","overlay-type":"","overlay-color":"","overlay-opacity":"","overlay-gradient":""},"tablet":{"background-color":"","background-image":"","background-repeat":"repeat","background-position":"center center","background-size":"auto","background-attachment":"scroll","background-type":"","background-media":"","overlay-type":"","overlay-color":"","overlay-opacity":"","overlay-gradient":""},"mobile":{"background-color":"","background-image":"","background-repeat":"repeat","background-position":"center center","background-size":"auto","background-attachment":"scroll","background-type":"","background-media":"","overlay-type":"","overlay-color":"","overlay-opacity":"","overlay-gradient":""}},"ast-content-background-meta":{"desktop":{"background-color":"var(--ast-global-color-4)","background-image":"","background-repeat":"repeat","background-position":"center center","background-size":"auto","background-attachment":"scroll","background-type":"","background-media":"","overlay-type":"","overlay-color":"","overlay-opacity":"","overlay-gradient":""},"tablet":{"background-color":"var(--ast-global-color-4)","background-image":"","background-repeat":"repeat","background-position":"center center","background-size":"auto","background-attachment":"scroll","background-type":"","background-media":"","overlay-type":"","overlay-color":"","overlay-opacity":"","overlay-gradient":""},"mobile":{"background-color":"var(--ast-global-color-4)","background-image":"","background-repeat":"repeat","background-position":"center center","background-size":"auto","background-attachment":"scroll","background-type":"","background-media":"","overlay-type":"","overlay-color":"","overlay-opacity":"","overlay-gradient":""}}},"product_brand":[],"product_cat":[39],"product_tag":[],"class_list":{"0":"post-6957","1":"product","2":"type-product","3":"status-publish","4":"has-post-thumbnail","6":"product_cat-fiber-optic-distribution-box","7":"desktop-align-left","8":"tablet-align-left","9":"mobile-align-left","11":"first","12":"instock","13":"shipping-taxable","14":"product-type-simple"},"acf":[],"_links":{"self":[{"href":"https:\/\/yfconnectivity.com\/pt-br\/wp-json\/wp\/v2\/product\/6957","targetHints":{"allow":["GET"]}}],"collection":[{"href":"https:\/\/yfconnectivity.com\/pt-br\/wp-json\/wp\/v2\/product"}],"about":[{"href":"https:\/\/yfconnectivity.com\/pt-br\/wp-json\/wp\/v2\/types\/product"}],"wp:featuredmedia":[{"embeddable":true,"href":"https:\/\/yfconnectivity.com\/pt-br\/wp-json\/wp\/v2\/media\/6962"}],"wp:attachment":[{"href":"https:\/\/yfconnectivity.com\/pt-br\/wp-json\/wp\/v2\/media?parent=6957"}],"wp:term":[{"taxonomy":"product_brand","embeddable":true,"href":"https:\/\/yfconnectivity.com\/pt-br\/wp-json\/wp\/v2\/product_brand?post=6957"},{"taxonomy":"product_cat","embeddable":true,"href":"https:\/\/yfconnectivity.com\/pt-br\/wp-json\/wp\/v2\/product_cat?post=6957"},{"taxonomy":"product_tag","embeddable":true,"href":"https:\/\/yfconnectivity.com\/pt-br\/wp-json\/wp\/v2\/product_tag?post=6957"}],"curies":[{"name":"wp","href":"https:\/\/api.w.org\/{rel}","templated":true}]}}