{"id":6898,"date":"2026-01-07T09:39:17","date_gmt":"2026-01-07T08:39:17","guid":{"rendered":"https:\/\/yfconnectivity.com\/?post_type=product&#038;p=6898"},"modified":"2026-01-07T10:31:31","modified_gmt":"2026-01-07T09:31:31","slug":"caixa-de-terminacao-de-fibra-8x-fat-com-divisor-micro-plc","status":"publish","type":"product","link":"https:\/\/yfconnectivity.com\/pt-br\/product\/fat-8x-fiber-termination-box-with-micro-plc-splitter\/","title":{"rendered":"Caixa de termina\u00e7\u00e3o de fibra FAT-8X com divisor Micro PLC"},"content":{"rendered":"<p data-start=\"231\" data-end=\"577\">A caixa de termina\u00e7\u00e3o de fibra FAT-8X foi projetada como um ponto de termina\u00e7\u00e3o e distribui\u00e7\u00e3o entre cabos de alimenta\u00e7\u00e3o e cabos drop em redes de comunica\u00e7\u00e3o FTTx. Ela integra emenda, divis\u00e3o e distribui\u00e7\u00e3o de fibra em um \u00fanico gabinete, ao mesmo tempo em que oferece prote\u00e7\u00e3o confi\u00e1vel e gerenciamento organizado de fibra para implanta\u00e7\u00f5es de rede internas e externas.<\/p>\n<ul>\n<li data-start=\"581\" data-end=\"728\"><strong data-start=\"581\" data-end=\"615\">Instala\u00e7\u00e3o de fibra sem corte<\/strong>: As fibras \u00f3pticas podem ser instaladas sem cortes, reduzindo o tempo de instala\u00e7\u00e3o e minimizando os riscos de perda de sinal.<\/li>\n<li data-start=\"581\" data-end=\"728\"><strong data-start=\"731\" data-end=\"762\">Gerenciamento de fibra tudo em um<\/strong>: Suporta a fixa\u00e7\u00e3o do cabo alimentador, a entrada do cabo drop, a emenda de fibra, a fixa\u00e7\u00e3o, o armazenamento e a distribui\u00e7\u00e3o em uma \u00fanica caixa.<\/li>\n<li data-start=\"581\" data-end=\"728\"><strong data-start=\"891\" data-end=\"927\">Projeto independente de roteamento de cabos<\/strong>: Cabos de alimenta\u00e7\u00e3o, pigtails e patch cords passam por caminhos separados para evitar interfer\u00eancia e garantir um gerenciamento de fibra organizado.<\/li>\n<li data-start=\"581\" data-end=\"728\"><strong data-start=\"1057\" data-end=\"1093\">Compatibilidade do divisor Micro PLC<\/strong>: Suporta a instala\u00e7\u00e3o de um divisor 1\u00d78 Micro PLC ou 1\u00d79 Micro PLC (espectral desigual), adequado para projetos de rede FTTx flex\u00edveis.<\/li>\n<li data-start=\"581\" data-end=\"728\"><strong data-start=\"1237\" data-end=\"1267\">Painel de distribui\u00e7\u00e3o flip-up<\/strong>: O painel de distribui\u00e7\u00e3o interno pode ser virado para cima, permitindo f\u00e1cil acesso aos cabos de alimenta\u00e7\u00e3o por meio da porta de express\u00e3o para instala\u00e7\u00e3o e manuten\u00e7\u00e3o r\u00e1pidas.<\/li>\n<li data-start=\"581\" data-end=\"728\"><strong data-start=\"1429\" data-end=\"1458\">Op\u00e7\u00f5es de montagem flex\u00edveis<\/strong>: Pode ser montado na parede ou em um poste, adequado para aplica\u00e7\u00f5es internas e externas.<\/li>\n<li data-start=\"581\" data-end=\"728\"><strong data-start=\"1552\" data-end=\"1581\">N\u00edvel de prote\u00e7\u00e3o confi\u00e1vel<\/strong>: O gabinete com classifica\u00e7\u00e3o IP55 oferece prote\u00e7\u00e3o contra poeira e respingos de \u00e1gua, garantindo um desempenho est\u00e1vel em v\u00e1rios ambientes.<\/li>\n<\/ul>","protected":false},"excerpt":{"rendered":"<p>The FAT-8X fiber termination box is designed as a termination and distribution point between feeder cables and drop cables in [&hellip;]<\/p>\n","protected":false},"featured_media":6903,"template":"","meta":{"_acf_changed":false,"site-sidebar-layout":"default","site-content-layout":"","ast-site-content-layout":"default","site-content-style":"default","site-sidebar-style":"default","ast-global-header-display":"","ast-banner-title-visibility":"","ast-main-header-display":"","ast-hfb-above-header-display":"","ast-hfb-below-header-display":"","ast-hfb-mobile-header-display":"","site-post-title":"","ast-breadcrumbs-content":"","ast-featured-img":"","footer-sml-layout":"","ast-disable-related-posts":"","theme-transparent-header-meta":"default","adv-header-id-meta":"","stick-header-meta":"","header-above-stick-meta":"","header-main-stick-meta":"","header-below-stick-meta":"","astra-migrate-meta-layouts":"set","ast-page-background-enabled":"default","ast-page-background-meta":{"desktop":{"background-color":"var(--ast-global-color-5)","background-image":"","background-repeat":"repeat","background-position":"center center","background-size":"auto","background-attachment":"scroll","background-type":"","background-media":"","overlay-type":"","overlay-color":"","overlay-opacity":"","overlay-gradient":""},"tablet":{"background-color":"","background-image":"","background-repeat":"repeat","background-position":"center center","background-size":"auto","background-attachment":"scroll","background-type":"","background-media":"","overlay-type":"","overlay-color":"","overlay-opacity":"","overlay-gradient":""},"mobile":{"background-color":"","background-image":"","background-repeat":"repeat","background-position":"center center","background-size":"auto","background-attachment":"scroll","background-type":"","background-media":"","overlay-type":"","overlay-color":"","overlay-opacity":"","overlay-gradient":""}},"ast-content-background-meta":{"desktop":{"background-color":"var(--ast-global-color-4)","background-image":"","background-repeat":"repeat","background-position":"center center","background-size":"auto","background-attachment":"scroll","background-type":"","background-media":"","overlay-type":"","overlay-color":"","overlay-opacity":"","overlay-gradient":""},"tablet":{"background-color":"var(--ast-global-color-4)","background-image":"","background-repeat":"repeat","background-position":"center center","background-size":"auto","background-attachment":"scroll","background-type":"","background-media":"","overlay-type":"","overlay-color":"","overlay-opacity":"","overlay-gradient":""},"mobile":{"background-color":"var(--ast-global-color-4)","background-image":"","background-repeat":"repeat","background-position":"center center","background-size":"auto","background-attachment":"scroll","background-type":"","background-media":"","overlay-type":"","overlay-color":"","overlay-opacity":"","overlay-gradient":""}}},"product_brand":[],"product_cat":[39],"product_tag":[],"class_list":{"0":"post-6898","1":"product","2":"type-product","3":"status-publish","4":"has-post-thumbnail","6":"product_cat-fiber-optic-distribution-box","7":"desktop-align-left","8":"tablet-align-left","9":"mobile-align-left","11":"first","12":"instock","13":"shipping-taxable","14":"product-type-simple"},"acf":[],"_links":{"self":[{"href":"https:\/\/yfconnectivity.com\/pt-br\/wp-json\/wp\/v2\/product\/6898","targetHints":{"allow":["GET"]}}],"collection":[{"href":"https:\/\/yfconnectivity.com\/pt-br\/wp-json\/wp\/v2\/product"}],"about":[{"href":"https:\/\/yfconnectivity.com\/pt-br\/wp-json\/wp\/v2\/types\/product"}],"wp:featuredmedia":[{"embeddable":true,"href":"https:\/\/yfconnectivity.com\/pt-br\/wp-json\/wp\/v2\/media\/6903"}],"wp:attachment":[{"href":"https:\/\/yfconnectivity.com\/pt-br\/wp-json\/wp\/v2\/media?parent=6898"}],"wp:term":[{"taxonomy":"product_brand","embeddable":true,"href":"https:\/\/yfconnectivity.com\/pt-br\/wp-json\/wp\/v2\/product_brand?post=6898"},{"taxonomy":"product_cat","embeddable":true,"href":"https:\/\/yfconnectivity.com\/pt-br\/wp-json\/wp\/v2\/product_cat?post=6898"},{"taxonomy":"product_tag","embeddable":true,"href":"https:\/\/yfconnectivity.com\/pt-br\/wp-json\/wp\/v2\/product_tag?post=6898"}],"curies":[{"name":"wp","href":"https:\/\/api.w.org\/{rel}","templated":true}]}}