{"id":6317,"date":"2025-11-11T10:48:22","date_gmt":"2025-11-11T09:48:22","guid":{"rendered":"https:\/\/yfconnectivity.com\/?post_type=product&#038;p=6317"},"modified":"2026-01-22T07:10:47","modified_gmt":"2026-01-22T06:10:47","slug":"conector-de-campo-rapido-de-fibra-optica-sc-apc","status":"publish","type":"product","link":"https:\/\/yfconnectivity.com\/pt-br\/product\/fiber-optic-fast-field-connector-sc-apc\/","title":{"rendered":"Conector de campo r\u00e1pido de fibra \u00f3ptica SC APC"},"content":{"rendered":"<p data-start=\"172\" data-end=\"484\">O conector r\u00e1pido de fibra \u00f3ptica SC\/APC \u00e9 um conector pr\u00e9-polido e instal\u00e1vel em campo, projetado para termina\u00e7\u00f5es de fibra r\u00e1pidas e confi\u00e1veis sem a necessidade de ep\u00f3xi ou polimento. \u00c9 ideal para FTTH, data center e aplica\u00e7\u00f5es de manuten\u00e7\u00e3o em campo em que s\u00e3o necess\u00e1rias uma implanta\u00e7\u00e3o r\u00e1pida e um desempenho est\u00e1vel.<\/p>\n<p data-start=\"486\" data-end=\"773\">Esse conector oferece uma solu\u00e7\u00e3o eficiente para a termina\u00e7\u00e3o de fibra no local - basta decapar, clivar, inserir e prender. O ferrolho interno de cer\u00e2mica de precis\u00e3o garante baixa perda de inser\u00e7\u00e3o e excelente perda de retorno, proporcionando desempenho \u00f3ptico consistente mesmo em ambientes exigentes.<\/p>\n<p data-start=\"775\" data-end=\"1040\">Compacto e reutiliz\u00e1vel, o conector r\u00e1pido SC\/APC simplifica o trabalho de instala\u00e7\u00e3o, mantendo a durabilidade a longo prazo e a qualidade de transmiss\u00e3o est\u00e1vel. Ele \u00e9 perfeitamente adequado para fibras monomodo, compat\u00edvel com cabos drop do tipo arco de 3,0\u00d72,0 mm e 1,6\u00d72,0 mm.<\/p>\n<p data-start=\"1047\" data-end=\"1067\"><strong>Principais recursos<\/strong><\/p>\n<ul>\n<li data-start=\"1071\" data-end=\"1281\"><strong data-start=\"1071\" data-end=\"1107\">Instala\u00e7\u00e3o r\u00e1pida e sem ferramentas<\/strong><br data-start=\"1107\" data-end=\"1110\" \/>Projetado para montagem r\u00e1pida em campo, o conector pode ser instalado em menos de tr\u00eas minutos sem a necessidade de polimento ou adesivos, economizando tempo e custo de m\u00e3o de obra.<\/li>\n<li data-start=\"1071\" data-end=\"1281\"><strong data-start=\"1285\" data-end=\"1315\">Desempenho \u00f3ptico est\u00e1vel<\/strong><br data-start=\"1315\" data-end=\"1318\" \/>Equipado com um ferrolho de cer\u00e2mica de alta precis\u00e3o que garante um alinhamento \u00f3ptico est\u00e1vel, assegurando baixa perda de inser\u00e7\u00e3o e alta perda de retorno para uma transmiss\u00e3o de dados confi\u00e1vel.<\/li>\n<li data-start=\"1071\" data-end=\"1281\"><strong data-start=\"1497\" data-end=\"1525\">Design compacto e reutiliz\u00e1vel<\/strong><br data-start=\"1525\" data-end=\"1528\" \/>O conector pode ser reutilizado v\u00e1rias vezes sem comprometer o desempenho, o que o torna uma op\u00e7\u00e3o econ\u00f4mica para opera\u00e7\u00f5es de campo repetidas ou ambientes de teste.<\/li>\n<li data-start=\"1071\" data-end=\"1281\"><strong data-start=\"1703\" data-end=\"1740\">Constru\u00e7\u00e3o dur\u00e1vel e confi\u00e1vel<\/strong><br data-start=\"1740\" data-end=\"1743\" \/>Fabricado com componentes de pl\u00e1stico e metal de n\u00edvel industrial, oferecendo resist\u00eancia contra varia\u00e7\u00f5es de temperatura, tens\u00e3o de tra\u00e7\u00e3o e desgaste mec\u00e2nico.<\/li>\n<li data-start=\"1071\" data-end=\"1281\"><strong data-start=\"1907\" data-end=\"1933\">Ampla gama de aplica\u00e7\u00f5es<\/strong><br data-start=\"1933\" data-end=\"1936\" \/>Ideal para conex\u00f5es FTTH, LAN, CATV e de data center, oferecendo suporte a novas instala\u00e7\u00f5es e reparos emergenciais de fibra.<\/li>\n<\/ul>","protected":false},"excerpt":{"rendered":"<p>The SC\/APC Fiber Optic Fast Connector is a pre-polished, field-installable connector designed for quick, reliable fiber terminations without the need [&hellip;]<\/p>\n","protected":false},"featured_media":6321,"template":"","meta":{"_acf_changed":false,"site-sidebar-layout":"default","site-content-layout":"","ast-site-content-layout":"default","site-content-style":"default","site-sidebar-style":"default","ast-global-header-display":"","ast-banner-title-visibility":"","ast-main-header-display":"","ast-hfb-above-header-display":"","ast-hfb-below-header-display":"","ast-hfb-mobile-header-display":"","site-post-title":"","ast-breadcrumbs-content":"","ast-featured-img":"","footer-sml-layout":"","ast-disable-related-posts":"","theme-transparent-header-meta":"default","adv-header-id-meta":"","stick-header-meta":"","header-above-stick-meta":"","header-main-stick-meta":"","header-below-stick-meta":"","astra-migrate-meta-layouts":"set","ast-page-background-enabled":"default","ast-page-background-meta":{"desktop":{"background-color":"var(--ast-global-color-5)","background-image":"","background-repeat":"repeat","background-position":"center center","background-size":"auto","background-attachment":"scroll","background-type":"","background-media":"","overlay-type":"","overlay-color":"","overlay-opacity":"","overlay-gradient":""},"tablet":{"background-color":"","background-image":"","background-repeat":"repeat","background-position":"center center","background-size":"auto","background-attachment":"scroll","background-type":"","background-media":"","overlay-type":"","overlay-color":"","overlay-opacity":"","overlay-gradient":""},"mobile":{"background-color":"","background-image":"","background-repeat":"repeat","background-position":"center center","background-size":"auto","background-attachment":"scroll","background-type":"","background-media":"","overlay-type":"","overlay-color":"","overlay-opacity":"","overlay-gradient":""}},"ast-content-background-meta":{"desktop":{"background-color":"var(--ast-global-color-4)","background-image":"","background-repeat":"repeat","background-position":"center center","background-size":"auto","background-attachment":"scroll","background-type":"","background-media":"","overlay-type":"","overlay-color":"","overlay-opacity":"","overlay-gradient":""},"tablet":{"background-color":"var(--ast-global-color-4)","background-image":"","background-repeat":"repeat","background-position":"center center","background-size":"auto","background-attachment":"scroll","background-type":"","background-media":"","overlay-type":"","overlay-color":"","overlay-opacity":"","overlay-gradient":""},"mobile":{"background-color":"var(--ast-global-color-4)","background-image":"","background-repeat":"repeat","background-position":"center center","background-size":"auto","background-attachment":"scroll","background-type":"","background-media":"","overlay-type":"","overlay-color":"","overlay-opacity":"","overlay-gradient":""}}},"product_brand":[],"product_cat":[68],"product_tag":[],"class_list":{"0":"post-6317","1":"product","2":"type-product","3":"status-publish","4":"has-post-thumbnail","6":"product_cat-fiber-optic-fast-connector","7":"desktop-align-left","8":"tablet-align-left","9":"mobile-align-left","11":"first","12":"instock","13":"shipping-taxable","14":"product-type-simple"},"acf":[],"_links":{"self":[{"href":"https:\/\/yfconnectivity.com\/pt-br\/wp-json\/wp\/v2\/product\/6317","targetHints":{"allow":["GET"]}}],"collection":[{"href":"https:\/\/yfconnectivity.com\/pt-br\/wp-json\/wp\/v2\/product"}],"about":[{"href":"https:\/\/yfconnectivity.com\/pt-br\/wp-json\/wp\/v2\/types\/product"}],"wp:featuredmedia":[{"embeddable":true,"href":"https:\/\/yfconnectivity.com\/pt-br\/wp-json\/wp\/v2\/media\/6321"}],"wp:attachment":[{"href":"https:\/\/yfconnectivity.com\/pt-br\/wp-json\/wp\/v2\/media?parent=6317"}],"wp:term":[{"taxonomy":"product_brand","embeddable":true,"href":"https:\/\/yfconnectivity.com\/pt-br\/wp-json\/wp\/v2\/product_brand?post=6317"},{"taxonomy":"product_cat","embeddable":true,"href":"https:\/\/yfconnectivity.com\/pt-br\/wp-json\/wp\/v2\/product_cat?post=6317"},{"taxonomy":"product_tag","embeddable":true,"href":"https:\/\/yfconnectivity.com\/pt-br\/wp-json\/wp\/v2\/product_tag?post=6317"}],"curies":[{"name":"wp","href":"https:\/\/api.w.org\/{rel}","templated":true}]}}