{"id":6242,"date":"2025-11-05T08:27:14","date_gmt":"2025-11-05T07:27:14","guid":{"rendered":"https:\/\/yfconnectivity.com\/?post_type=product&#038;p=6242"},"modified":"2025-11-05T10:28:01","modified_gmt":"2025-11-05T09:28:01","slug":"fechamento-de-emenda-de-domo-de-fibra-optica-yf96-b01","status":"publish","type":"product","link":"https:\/\/yfconnectivity.com\/pt-br\/product\/fiber-optic-dome-splice-closure-yf96-b01\/","title":{"rendered":"Caixa de emenda de domo de fibra \u00f3ptica-YF96-B01"},"content":{"rendered":"<p data-start=\"232\" data-end=\"649\">A tampa de emenda de fibra \u00f3ptica com domo de 96 n\u00facleos foi projetada para prote\u00e7\u00e3o e gerenciamento confi\u00e1veis de emendas de fibra \u00f3ptica em ambientes externos. Seu corpo em forma de domo e sua estrutura de veda\u00e7\u00e3o superior proporcionam excelente desempenho em condi\u00e7\u00f5es ambientais adversas. Adequado para uso em instala\u00e7\u00f5es a\u00e9reas, subterr\u00e2neas e de dutos, esse fecho garante a estabilidade da rede, a durabilidade e a facilidade de manuten\u00e7\u00e3o.<\/p>\n<p data-start=\"651\" data-end=\"1008\">Com capacidade m\u00e1xima de 96 fibras e 4 bandejas de emenda (24 fibras por bandeja), ele oferece emenda flex\u00edvel e organizada para redes \u00f3pticas de m\u00e9dia capacidade, como FTTx e conex\u00f5es de backbone. O design da tampa combina alta prote\u00e7\u00e3o, opera\u00e7\u00e3o conveniente e confiabilidade de longo prazo, tanto para novas implementa\u00e7\u00f5es de rede quanto para projetos de manuten\u00e7\u00e3o.<\/p>\n<p data-start=\"1015\" data-end=\"1035\"><strong data-start=\"1019\" data-end=\"1035\">Principais recursos<\/strong><\/p>\n<ul>\n<li data-start=\"1039\" data-end=\"1316\"><strong data-start=\"1039\" data-end=\"1082\">Estrutura de veda\u00e7\u00e3o termorretr\u00e1til confi\u00e1vel:<\/strong><br data-start=\"1082\" data-end=\"1085\" \/>Utiliza um sistema de veda\u00e7\u00e3o termoencolh\u00edvel de alta resist\u00eancia que proporciona impermeabiliza\u00e7\u00e3o superior e desempenho herm\u00e9tico. Essa estrutura garante uma longa vida \u00fatil e excelente prote\u00e7\u00e3o contra mudan\u00e7as de temperatura e press\u00e3o.<\/li>\n<li data-start=\"1039\" data-end=\"1316\"><strong data-start=\"1320\" data-end=\"1365\">Carca\u00e7a de pl\u00e1stico dur\u00e1vel de n\u00edvel industrial:<\/strong><br data-start=\"1365\" data-end=\"1368\" \/>Fabricada em pl\u00e1stico de engenharia de alta qualidade, a tampa resiste a impactos, corros\u00e3o e degrada\u00e7\u00e3o por raios UV. Ele mant\u00e9m a integridade estrutural mesmo em ambientes externos adversos, garantindo estabilidade ao longo do tempo.<\/li>\n<li data-start=\"1039\" data-end=\"1316\"><strong data-start=\"1580\" data-end=\"1612\">Design otimizado da porta do cabo:<\/strong><br data-start=\"1612\" data-end=\"1615\" \/>Equipado com uma porta oval grande (\u03a624\u00d735 mm) e tr\u00eas portas redondas pequenas (\u03a618 mm), oferecendo configura\u00e7\u00f5es de cabo flex\u00edveis para diferentes requisitos de instala\u00e7\u00e3o.<\/li>\n<li data-start=\"1039\" data-end=\"1316\"><strong data-start=\"1792\" data-end=\"1825\">Ampla flexibilidade de aplica\u00e7\u00e3o:<\/strong><br data-start=\"1825\" data-end=\"1828\" \/>Adequado para instala\u00e7\u00f5es a\u00e9reas, subterr\u00e2neas, em dutos, po\u00e7os de visita e po\u00e7os de m\u00e3o, oferecendo prote\u00e7\u00e3o confi\u00e1vel em diversos ambientes de rede.<\/li>\n<li data-start=\"1039\" data-end=\"1316\"><strong data-start=\"1987\" data-end=\"2025\">Classifica\u00e7\u00e3o de prote\u00e7\u00e3o superior (IP68):<\/strong><br data-start=\"2025\" data-end=\"2028\" \/>Com classifica\u00e7\u00e3o IP68, a tampa garante prote\u00e7\u00e3o completa contra poeira e imers\u00e3o prolongada em \u00e1gua, assegurando uma opera\u00e7\u00e3o segura em condi\u00e7\u00f5es \u00famidas ou enterradas.<\/li>\n<li data-start=\"1039\" data-end=\"1316\"><strong data-start=\"2186\" data-end=\"2230\">Acesso de 360\u00b0 e gerenciamento seguro da fibra:<\/strong><br data-start=\"2230\" data-end=\"2233\" \/>Projetado para opera\u00e7\u00e3o em 360 graus, permitindo f\u00e1cil acesso e manuten\u00e7\u00e3o dos cabos. Mant\u00e9m um raio m\u00ednimo de curvatura da fibra superior a 40 mm, evitando a perda de sinal durante a instala\u00e7\u00e3o ou a opera\u00e7\u00e3o.<\/li>\n<li data-start=\"1039\" data-end=\"1316\"><strong data-start=\"2445\" data-end=\"2494\">Alta capacidade de fibra (96 fibras, bandejas 4\u00d724F):<\/strong><br data-start=\"2494\" data-end=\"2497\" \/>Suporta at\u00e9 96 fibras com 4 bandejas de emenda, cada uma com capacidade para 24 fibras. O design modular da bandeja simplifica a organiza\u00e7\u00e3o, aumenta a efici\u00eancia e torna as opera\u00e7\u00f5es de emenda mais convenientes.<\/li>\n<\/ul>","protected":false},"excerpt":{"rendered":"<p>The 96 Core Dome Fiber Optic Splice Closure is designed for reliable protection and management of fiber optic splices in [&hellip;]<\/p>\n","protected":false},"featured_media":6243,"template":"","meta":{"_acf_changed":false,"site-sidebar-layout":"default","site-content-layout":"","ast-site-content-layout":"default","site-content-style":"default","site-sidebar-style":"default","ast-global-header-display":"","ast-banner-title-visibility":"","ast-main-header-display":"","ast-hfb-above-header-display":"","ast-hfb-below-header-display":"","ast-hfb-mobile-header-display":"","site-post-title":"","ast-breadcrumbs-content":"","ast-featured-img":"","footer-sml-layout":"","ast-disable-related-posts":"","theme-transparent-header-meta":"default","adv-header-id-meta":"","stick-header-meta":"","header-above-stick-meta":"","header-main-stick-meta":"","header-below-stick-meta":"","astra-migrate-meta-layouts":"set","ast-page-background-enabled":"default","ast-page-background-meta":{"desktop":{"background-color":"var(--ast-global-color-5)","background-image":"","background-repeat":"repeat","background-position":"center center","background-size":"auto","background-attachment":"scroll","background-type":"","background-media":"","overlay-type":"","overlay-color":"","overlay-opacity":"","overlay-gradient":""},"tablet":{"background-color":"","background-image":"","background-repeat":"repeat","background-position":"center center","background-size":"auto","background-attachment":"scroll","background-type":"","background-media":"","overlay-type":"","overlay-color":"","overlay-opacity":"","overlay-gradient":""},"mobile":{"background-color":"","background-image":"","background-repeat":"repeat","background-position":"center center","background-size":"auto","background-attachment":"scroll","background-type":"","background-media":"","overlay-type":"","overlay-color":"","overlay-opacity":"","overlay-gradient":""}},"ast-content-background-meta":{"desktop":{"background-color":"var(--ast-global-color-4)","background-image":"","background-repeat":"repeat","background-position":"center center","background-size":"auto","background-attachment":"scroll","background-type":"","background-media":"","overlay-type":"","overlay-color":"","overlay-opacity":"","overlay-gradient":""},"tablet":{"background-color":"var(--ast-global-color-4)","background-image":"","background-repeat":"repeat","background-position":"center center","background-size":"auto","background-attachment":"scroll","background-type":"","background-media":"","overlay-type":"","overlay-color":"","overlay-opacity":"","overlay-gradient":""},"mobile":{"background-color":"var(--ast-global-color-4)","background-image":"","background-repeat":"repeat","background-position":"center center","background-size":"auto","background-attachment":"scroll","background-type":"","background-media":"","overlay-type":"","overlay-color":"","overlay-opacity":"","overlay-gradient":""}}},"product_brand":[],"product_cat":[38],"product_tag":[],"class_list":{"0":"post-6242","1":"product","2":"type-product","3":"status-publish","4":"has-post-thumbnail","6":"product_cat-fiber-optic-splice-box","7":"desktop-align-left","8":"tablet-align-left","9":"mobile-align-left","11":"first","12":"instock","13":"shipping-taxable","14":"product-type-simple"},"acf":[],"_links":{"self":[{"href":"https:\/\/yfconnectivity.com\/pt-br\/wp-json\/wp\/v2\/product\/6242","targetHints":{"allow":["GET"]}}],"collection":[{"href":"https:\/\/yfconnectivity.com\/pt-br\/wp-json\/wp\/v2\/product"}],"about":[{"href":"https:\/\/yfconnectivity.com\/pt-br\/wp-json\/wp\/v2\/types\/product"}],"wp:featuredmedia":[{"embeddable":true,"href":"https:\/\/yfconnectivity.com\/pt-br\/wp-json\/wp\/v2\/media\/6243"}],"wp:attachment":[{"href":"https:\/\/yfconnectivity.com\/pt-br\/wp-json\/wp\/v2\/media?parent=6242"}],"wp:term":[{"taxonomy":"product_brand","embeddable":true,"href":"https:\/\/yfconnectivity.com\/pt-br\/wp-json\/wp\/v2\/product_brand?post=6242"},{"taxonomy":"product_cat","embeddable":true,"href":"https:\/\/yfconnectivity.com\/pt-br\/wp-json\/wp\/v2\/product_cat?post=6242"},{"taxonomy":"product_tag","embeddable":true,"href":"https:\/\/yfconnectivity.com\/pt-br\/wp-json\/wp\/v2\/product_tag?post=6242"}],"curies":[{"name":"wp","href":"https:\/\/api.w.org\/{rel}","templated":true}]}}