{"id":6239,"date":"2025-11-05T08:15:07","date_gmt":"2025-11-05T07:15:07","guid":{"rendered":"https:\/\/yfconnectivity.com\/?post_type=product&#038;p=6239"},"modified":"2025-11-05T08:29:28","modified_gmt":"2025-11-05T07:29:28","slug":"caixa-de-emenda-de-fibra-de-cupula-yf144a01","status":"publish","type":"product","link":"https:\/\/yfconnectivity.com\/pt-br\/product\/dome-fiber-splice-box-yf144a01\/","title":{"rendered":"Caixa de emenda de domo de fibra \u00f3ptica-YF144-A01"},"content":{"rendered":"<p data-start=\"206\" data-end=\"753\">O inv\u00f3lucro de emenda de fibra \u00f3ptica 144 Core Dome \u00e9 um inv\u00f3lucro dur\u00e1vel e de alta capacidade projetado para proteger os pontos de emenda de fibra \u00f3ptica em ambientes externos. Ele oferece confiabilidade de longo prazo para instala\u00e7\u00f5es a\u00e9reas, subterr\u00e2neas, de dutos e de furos manuais. Constru\u00eddo com engenharia de precis\u00e3o e feito de pl\u00e1stico de qualidade superior, esse fechamento garante excelente for\u00e7a mec\u00e2nica, desempenho de veda\u00e7\u00e3o e resist\u00eancia ambiental. \u00c9 amplamente utilizado em aplica\u00e7\u00f5es de FTTH, backbone e rede de acesso em que a estabilidade e a prote\u00e7\u00e3o s\u00e3o essenciais.<\/p>\n<p data-start=\"760\" data-end=\"780\"><strong data-start=\"764\" data-end=\"780\">Principais recursos<\/strong><\/p>\n<ul>\n<li data-start=\"784\" data-end=\"1060\"><strong data-start=\"784\" data-end=\"814\">Projeto de veda\u00e7\u00e3o mec\u00e2nica:<\/strong><br data-start=\"814\" data-end=\"817\" \/>Utiliza um avan\u00e7ado sistema de veda\u00e7\u00e3o mec\u00e2nica que permite f\u00e1cil reentrada e garante desempenho est\u00e1vel ao longo do tempo. O design minimiza a necessidade de materiais de veda\u00e7\u00e3o adicionais e, ao mesmo tempo, mant\u00e9m excelente estanqueidade ao ar e resist\u00eancia \u00e0 \u00e1gua.<\/li>\n<li data-start=\"784\" data-end=\"1060\"><strong data-start=\"1064\" data-end=\"1105\">Corpo de pl\u00e1stico industrial de alta qualidade:<\/strong><br data-start=\"1105\" data-end=\"1108\" \/>Fabricado em pl\u00e1stico de engenharia resistente a impactos, anticorrosivo e resistente a raios ultravioleta, o fecho resiste a condi\u00e7\u00f5es clim\u00e1ticas extremas e \u00e0 exposi\u00e7\u00e3o prolongada ao ar livre sem deforma\u00e7\u00e3o ou rachaduras.<\/li>\n<li data-start=\"784\" data-end=\"1060\"><strong data-start=\"1307\" data-end=\"1347\">Ampla compatibilidade de cabos (\u00d810-25 mm):<\/strong><br data-start=\"1347\" data-end=\"1350\" \/>As 6 portas de entrada\/sa\u00edda suportam uma ampla gama de di\u00e2metros de cabos de 10 mm a 25 mm, oferecendo flexibilidade para diferentes ambientes de instala\u00e7\u00e3o e projetos de rede de fibra.<\/li>\n<li data-start=\"784\" data-end=\"1060\"><strong data-start=\"1531\" data-end=\"1566\">Op\u00e7\u00f5es vers\u00e1teis de instala\u00e7\u00e3o:<\/strong><br data-start=\"1566\" data-end=\"1569\" \/>Adequado para v\u00e1rios m\u00e9todos de implanta\u00e7\u00e3o, incluindo instala\u00e7\u00f5es a\u00e9reas, subterr\u00e2neas, em tubula\u00e7\u00f5es e em po\u00e7os de visita, tornando-o adapt\u00e1vel a v\u00e1rias condi\u00e7\u00f5es de campo.<\/li>\n<li data-start=\"784\" data-end=\"1060\"><strong data-start=\"1737\" data-end=\"1770\">Alto n\u00edvel de prote\u00e7\u00e3o (IP68):<\/strong><br data-start=\"1770\" data-end=\"1773\" \/>Oferece veda\u00e7\u00e3o de grau IP68, garantindo prote\u00e7\u00e3o completa contra poeira e entrada de \u00e1gua. Isso permite que a tampa mantenha um desempenho \u00f3ptico est\u00e1vel mesmo em ambientes \u00famidos, chuvosos ou submersos.<\/li>\n<li data-start=\"784\" data-end=\"1060\"><strong data-start=\"1984\" data-end=\"2028\">Acesso de 360\u00b0 e gerenciamento adequado da fibra:<\/strong><br data-start=\"2028\" data-end=\"2031\" \/>A estrutura interna oferece acesso de 360 graus para os t\u00e9cnicos, o que facilita a emenda, a reentrada e a manuten\u00e7\u00e3o. O design mant\u00e9m um raio m\u00ednimo de curvatura da fibra de &gt;40 mm, evitando efetivamente a atenua\u00e7\u00e3o do sinal.<\/li>\n<li data-start=\"784\" data-end=\"1060\"><strong data-start=\"2267\" data-end=\"2312\">Grande capacidade (144 fibras, bandejas 6\u00d724F):<\/strong><br data-start=\"2312\" data-end=\"2315\" \/>Acomoda at\u00e9 144 fibras com 6 bandejas de emenda, cada uma com capacidade para 24 fibras. O design da bandeja permite uma organiza\u00e7\u00e3o clara, fixa\u00e7\u00e3o segura e utiliza\u00e7\u00e3o eficiente do espa\u00e7o para conex\u00f5es de alta densidade.<\/li>\n<\/ul>","protected":false},"excerpt":{"rendered":"<p>The 144 Core Dome Fiber Optic Splice Closure is a durable and high-capacity enclosure designed to protect fiber optic splicing [&hellip;]<\/p>\n","protected":false},"featured_media":6240,"template":"","meta":{"_acf_changed":false,"site-sidebar-layout":"default","site-content-layout":"","ast-site-content-layout":"default","site-content-style":"default","site-sidebar-style":"default","ast-global-header-display":"","ast-banner-title-visibility":"","ast-main-header-display":"","ast-hfb-above-header-display":"","ast-hfb-below-header-display":"","ast-hfb-mobile-header-display":"","site-post-title":"","ast-breadcrumbs-content":"","ast-featured-img":"","footer-sml-layout":"","ast-disable-related-posts":"","theme-transparent-header-meta":"default","adv-header-id-meta":"","stick-header-meta":"","header-above-stick-meta":"","header-main-stick-meta":"","header-below-stick-meta":"","astra-migrate-meta-layouts":"set","ast-page-background-enabled":"default","ast-page-background-meta":{"desktop":{"background-color":"var(--ast-global-color-5)","background-image":"","background-repeat":"repeat","background-position":"center center","background-size":"auto","background-attachment":"scroll","background-type":"","background-media":"","overlay-type":"","overlay-color":"","overlay-opacity":"","overlay-gradient":""},"tablet":{"background-color":"","background-image":"","background-repeat":"repeat","background-position":"center center","background-size":"auto","background-attachment":"scroll","background-type":"","background-media":"","overlay-type":"","overlay-color":"","overlay-opacity":"","overlay-gradient":""},"mobile":{"background-color":"","background-image":"","background-repeat":"repeat","background-position":"center center","background-size":"auto","background-attachment":"scroll","background-type":"","background-media":"","overlay-type":"","overlay-color":"","overlay-opacity":"","overlay-gradient":""}},"ast-content-background-meta":{"desktop":{"background-color":"var(--ast-global-color-4)","background-image":"","background-repeat":"repeat","background-position":"center center","background-size":"auto","background-attachment":"scroll","background-type":"","background-media":"","overlay-type":"","overlay-color":"","overlay-opacity":"","overlay-gradient":""},"tablet":{"background-color":"var(--ast-global-color-4)","background-image":"","background-repeat":"repeat","background-position":"center center","background-size":"auto","background-attachment":"scroll","background-type":"","background-media":"","overlay-type":"","overlay-color":"","overlay-opacity":"","overlay-gradient":""},"mobile":{"background-color":"var(--ast-global-color-4)","background-image":"","background-repeat":"repeat","background-position":"center center","background-size":"auto","background-attachment":"scroll","background-type":"","background-media":"","overlay-type":"","overlay-color":"","overlay-opacity":"","overlay-gradient":""}}},"product_brand":[],"product_cat":[38],"product_tag":[],"class_list":{"0":"post-6239","1":"product","2":"type-product","3":"status-publish","4":"has-post-thumbnail","6":"product_cat-fiber-optic-splice-box","7":"desktop-align-left","8":"tablet-align-left","9":"mobile-align-left","11":"first","12":"instock","13":"shipping-taxable","14":"product-type-simple"},"acf":[],"_links":{"self":[{"href":"https:\/\/yfconnectivity.com\/pt-br\/wp-json\/wp\/v2\/product\/6239","targetHints":{"allow":["GET"]}}],"collection":[{"href":"https:\/\/yfconnectivity.com\/pt-br\/wp-json\/wp\/v2\/product"}],"about":[{"href":"https:\/\/yfconnectivity.com\/pt-br\/wp-json\/wp\/v2\/types\/product"}],"wp:featuredmedia":[{"embeddable":true,"href":"https:\/\/yfconnectivity.com\/pt-br\/wp-json\/wp\/v2\/media\/6240"}],"wp:attachment":[{"href":"https:\/\/yfconnectivity.com\/pt-br\/wp-json\/wp\/v2\/media?parent=6239"}],"wp:term":[{"taxonomy":"product_brand","embeddable":true,"href":"https:\/\/yfconnectivity.com\/pt-br\/wp-json\/wp\/v2\/product_brand?post=6239"},{"taxonomy":"product_cat","embeddable":true,"href":"https:\/\/yfconnectivity.com\/pt-br\/wp-json\/wp\/v2\/product_cat?post=6239"},{"taxonomy":"product_tag","embeddable":true,"href":"https:\/\/yfconnectivity.com\/pt-br\/wp-json\/wp\/v2\/product_tag?post=6239"}],"curies":[{"name":"wp","href":"https:\/\/api.w.org\/{rel}","templated":true}]}}