{"id":6233,"date":"2025-11-05T03:00:28","date_gmt":"2025-11-05T02:00:28","guid":{"rendered":"https:\/\/yfconnectivity.com\/?post_type=product&#038;p=6233"},"modified":"2025-11-05T03:46:46","modified_gmt":"2025-11-05T02:46:46","slug":"quadro-de-distribuicao-optica-odf-72-portas","status":"publish","type":"product","link":"https:\/\/yfconnectivity.com\/pt-br\/product\/optical-distribution-frame-odf-72-port\/","title":{"rendered":"Quadro de distribui\u00e7\u00e3o \u00f3ptica (ODF) 72 SC SX\/LC DX"},"content":{"rendered":"<p data-start=\"145\" data-end=\"492\">O ODF (Optical Distribution Frame) de 72 portas \u00e9 uma solu\u00e7\u00e3o de gerenciamento de fibra de alta densidade projetada para redes de telecomunica\u00e7\u00f5es, data centers e sistemas de acesso por fibra. Fabricado em a\u00e7o laminado a frio SPCC premium com um elegante acabamento revestido em p\u00f3 preto, essa unidade montada em rack garante durabilidade, resist\u00eancia \u00e0 corros\u00e3o e apar\u00eancia profissional.<\/p>\n<p data-start=\"494\" data-end=\"857\">O ODF integra emenda, termina\u00e7\u00e3o e patching de fibra em um \u00fanico gabinete, proporcionando um gerenciamento organizado e seguro para at\u00e9 72 adaptadores SC simplex ou 72 LC duplex. Seu design de bandeja deslizante simplifica a instala\u00e7\u00e3o e a manuten\u00e7\u00e3o, enquanto o roteamento interno dos cabos e a estrutura de prote\u00e7\u00e3o minimizam a perda de curvatura e garantem um desempenho est\u00e1vel.<\/p>\n<p data-start=\"859\" data-end=\"1164\">Com um tamanho compacto de 430\u00d7202\u00d7130 mm, esse quadro de distribui\u00e7\u00e3o \u00f3ptica economiza espa\u00e7o valioso no rack e oferece configura\u00e7\u00e3o flex\u00edvel para v\u00e1rias aplica\u00e7\u00f5es de rede de fibra. Ideal para salas de telecomunica\u00e7\u00f5es, gabinetes de equipamentos e sistemas de comunica\u00e7\u00e3o \u00f3ptica que exigem um gerenciamento de cabos confi\u00e1vel e eficiente.<\/p>","protected":false},"excerpt":{"rendered":"<p>72 Port Optical Distribution Frame (ODF) is a high-density fiber management solution designed for telecom networks, data centers, and fiber [&hellip;]<\/p>\n","protected":false},"featured_media":6234,"template":"","meta":{"_acf_changed":false,"site-sidebar-layout":"default","site-content-layout":"","ast-site-content-layout":"default","site-content-style":"default","site-sidebar-style":"default","ast-global-header-display":"","ast-banner-title-visibility":"","ast-main-header-display":"","ast-hfb-above-header-display":"","ast-hfb-below-header-display":"","ast-hfb-mobile-header-display":"","site-post-title":"","ast-breadcrumbs-content":"","ast-featured-img":"","footer-sml-layout":"","ast-disable-related-posts":"","theme-transparent-header-meta":"default","adv-header-id-meta":"","stick-header-meta":"","header-above-stick-meta":"","header-main-stick-meta":"","header-below-stick-meta":"","astra-migrate-meta-layouts":"set","ast-page-background-enabled":"default","ast-page-background-meta":{"desktop":{"background-color":"var(--ast-global-color-5)","background-image":"","background-repeat":"repeat","background-position":"center center","background-size":"auto","background-attachment":"scroll","background-type":"","background-media":"","overlay-type":"","overlay-color":"","overlay-opacity":"","overlay-gradient":""},"tablet":{"background-color":"","background-image":"","background-repeat":"repeat","background-position":"center center","background-size":"auto","background-attachment":"scroll","background-type":"","background-media":"","overlay-type":"","overlay-color":"","overlay-opacity":"","overlay-gradient":""},"mobile":{"background-color":"","background-image":"","background-repeat":"repeat","background-position":"center center","background-size":"auto","background-attachment":"scroll","background-type":"","background-media":"","overlay-type":"","overlay-color":"","overlay-opacity":"","overlay-gradient":""}},"ast-content-background-meta":{"desktop":{"background-color":"var(--ast-global-color-4)","background-image":"","background-repeat":"repeat","background-position":"center center","background-size":"auto","background-attachment":"scroll","background-type":"","background-media":"","overlay-type":"","overlay-color":"","overlay-opacity":"","overlay-gradient":""},"tablet":{"background-color":"var(--ast-global-color-4)","background-image":"","background-repeat":"repeat","background-position":"center center","background-size":"auto","background-attachment":"scroll","background-type":"","background-media":"","overlay-type":"","overlay-color":"","overlay-opacity":"","overlay-gradient":""},"mobile":{"background-color":"var(--ast-global-color-4)","background-image":"","background-repeat":"repeat","background-position":"center center","background-size":"auto","background-attachment":"scroll","background-type":"","background-media":"","overlay-type":"","overlay-color":"","overlay-opacity":"","overlay-gradient":""}}},"product_brand":[],"product_cat":[41],"product_tag":[],"class_list":{"0":"post-6233","1":"product","2":"type-product","3":"status-publish","4":"has-post-thumbnail","6":"product_cat-optical-distribution-frame","7":"desktop-align-left","8":"tablet-align-left","9":"mobile-align-left","11":"first","12":"instock","13":"shipping-taxable","14":"product-type-simple"},"acf":[],"_links":{"self":[{"href":"https:\/\/yfconnectivity.com\/pt-br\/wp-json\/wp\/v2\/product\/6233","targetHints":{"allow":["GET"]}}],"collection":[{"href":"https:\/\/yfconnectivity.com\/pt-br\/wp-json\/wp\/v2\/product"}],"about":[{"href":"https:\/\/yfconnectivity.com\/pt-br\/wp-json\/wp\/v2\/types\/product"}],"wp:featuredmedia":[{"embeddable":true,"href":"https:\/\/yfconnectivity.com\/pt-br\/wp-json\/wp\/v2\/media\/6234"}],"wp:attachment":[{"href":"https:\/\/yfconnectivity.com\/pt-br\/wp-json\/wp\/v2\/media?parent=6233"}],"wp:term":[{"taxonomy":"product_brand","embeddable":true,"href":"https:\/\/yfconnectivity.com\/pt-br\/wp-json\/wp\/v2\/product_brand?post=6233"},{"taxonomy":"product_cat","embeddable":true,"href":"https:\/\/yfconnectivity.com\/pt-br\/wp-json\/wp\/v2\/product_cat?post=6233"},{"taxonomy":"product_tag","embeddable":true,"href":"https:\/\/yfconnectivity.com\/pt-br\/wp-json\/wp\/v2\/product_tag?post=6233"}],"curies":[{"name":"wp","href":"https:\/\/api.w.org\/{rel}","templated":true}]}}