{"id":4517,"date":"2025-08-08T07:04:42","date_gmt":"2025-08-08T06:04:42","guid":{"rendered":"https:\/\/yfconnectivity.com\/?post_type=product&#038;p=4517"},"modified":"2025-08-08T07:30:28","modified_gmt":"2025-08-08T06:30:28","slug":"cabo-de-patch-de-fibra-om4-multimodo-lc-para-sc","status":"publish","type":"product","link":"https:\/\/yfconnectivity.com\/pt-br\/product\/lc-to-sc-multimode-om4-fiber-patch-cable\/","title":{"rendered":"Cabo patch de fibra LC para SC multimodo OM4"},"content":{"rendered":"<p data-start=\"128\" data-end=\"191\"><strong data-start=\"128\" data-end=\"189\">Cabo de remendo de fibra multimodo LC UPC para SC UPC, OM4, Duplex<\/strong><\/p>\n<p data-start=\"193\" data-end=\"550\">Esse patch cable de fibra multimodo duplex LC UPC para SC UPC OM4 foi projetado para transmiss\u00e3o de curta dist\u00e2ncia em velocidade ultra-alta, suportando Ethernet 40G e 100G em data centers modernos, redes corporativas e sistemas de armazenamento. A fibra OM4 50\/125\u00b5m oferece maior alcance em compara\u00e7\u00e3o com a OM3 - at\u00e9 550 m a 10 G - e \u00e9 otimizada para uso com lasers VCSEL a 850 nm.<\/p>\n<ul>\n<li data-start=\"554\" data-end=\"620\">O design duplex suporta comunica\u00e7\u00e3o bidirecional simult\u00e2nea<\/li>\n<li data-start=\"554\" data-end=\"620\">Os conectores LC UPC e SC UPC garantem alinhamento preciso e baixa perda de inser\u00e7\u00e3o<\/li>\n<li data-start=\"554\" data-end=\"620\">Fibra multimodo OM4 para dist\u00e2ncias estendidas de transmiss\u00e3o em alta velocidade<\/li>\n<li data-start=\"554\" data-end=\"620\">Capa de cor violeta para r\u00e1pida identifica\u00e7\u00e3o do OM4<\/li>\n<li data-start=\"554\" data-end=\"620\">Dispon\u00edvel com revestimento de PVC ou LSZH para atender a diferentes necessidades de instala\u00e7\u00e3o<\/li>\n<\/ul>","protected":false},"excerpt":{"rendered":"<p>LC UPC to SC UPC Multimode Fiber Patch Cable, OM4, Duplex This LC UPC to SC UPC OM4 multimode duplex [&hellip;]<\/p>\n","protected":false},"featured_media":4519,"template":"","meta":{"_acf_changed":false,"site-sidebar-layout":"default","site-content-layout":"","ast-site-content-layout":"default","site-content-style":"default","site-sidebar-style":"default","ast-global-header-display":"","ast-banner-title-visibility":"","ast-main-header-display":"","ast-hfb-above-header-display":"","ast-hfb-below-header-display":"","ast-hfb-mobile-header-display":"","site-post-title":"","ast-breadcrumbs-content":"","ast-featured-img":"","footer-sml-layout":"","ast-disable-related-posts":"","theme-transparent-header-meta":"default","adv-header-id-meta":"","stick-header-meta":"","header-above-stick-meta":"","header-main-stick-meta":"","header-below-stick-meta":"","astra-migrate-meta-layouts":"set","ast-page-background-enabled":"default","ast-page-background-meta":{"desktop":{"background-color":"var(--ast-global-color-5)","background-image":"","background-repeat":"repeat","background-position":"center center","background-size":"auto","background-attachment":"scroll","background-type":"","background-media":"","overlay-type":"","overlay-color":"","overlay-opacity":"","overlay-gradient":""},"tablet":{"background-color":"","background-image":"","background-repeat":"repeat","background-position":"center center","background-size":"auto","background-attachment":"scroll","background-type":"","background-media":"","overlay-type":"","overlay-color":"","overlay-opacity":"","overlay-gradient":""},"mobile":{"background-color":"","background-image":"","background-repeat":"repeat","background-position":"center center","background-size":"auto","background-attachment":"scroll","background-type":"","background-media":"","overlay-type":"","overlay-color":"","overlay-opacity":"","overlay-gradient":""}},"ast-content-background-meta":{"desktop":{"background-color":"var(--ast-global-color-4)","background-image":"","background-repeat":"repeat","background-position":"center center","background-size":"auto","background-attachment":"scroll","background-type":"","background-media":"","overlay-type":"","overlay-color":"","overlay-opacity":"","overlay-gradient":""},"tablet":{"background-color":"var(--ast-global-color-4)","background-image":"","background-repeat":"repeat","background-position":"center center","background-size":"auto","background-attachment":"scroll","background-type":"","background-media":"","overlay-type":"","overlay-color":"","overlay-opacity":"","overlay-gradient":""},"mobile":{"background-color":"var(--ast-global-color-4)","background-image":"","background-repeat":"repeat","background-position":"center center","background-size":"auto","background-attachment":"scroll","background-type":"","background-media":"","overlay-type":"","overlay-color":"","overlay-opacity":"","overlay-gradient":""}}},"product_brand":[],"product_cat":[36],"product_tag":[],"class_list":{"0":"post-4517","1":"product","2":"type-product","3":"status-publish","4":"has-post-thumbnail","6":"product_cat-fiber-optical-patch-cord","7":"desktop-align-left","8":"tablet-align-left","9":"mobile-align-left","11":"first","12":"instock","13":"shipping-taxable","14":"product-type-simple"},"acf":[],"_links":{"self":[{"href":"https:\/\/yfconnectivity.com\/pt-br\/wp-json\/wp\/v2\/product\/4517","targetHints":{"allow":["GET"]}}],"collection":[{"href":"https:\/\/yfconnectivity.com\/pt-br\/wp-json\/wp\/v2\/product"}],"about":[{"href":"https:\/\/yfconnectivity.com\/pt-br\/wp-json\/wp\/v2\/types\/product"}],"wp:featuredmedia":[{"embeddable":true,"href":"https:\/\/yfconnectivity.com\/pt-br\/wp-json\/wp\/v2\/media\/4519"}],"wp:attachment":[{"href":"https:\/\/yfconnectivity.com\/pt-br\/wp-json\/wp\/v2\/media?parent=4517"}],"wp:term":[{"taxonomy":"product_brand","embeddable":true,"href":"https:\/\/yfconnectivity.com\/pt-br\/wp-json\/wp\/v2\/product_brand?post=4517"},{"taxonomy":"product_cat","embeddable":true,"href":"https:\/\/yfconnectivity.com\/pt-br\/wp-json\/wp\/v2\/product_cat?post=4517"},{"taxonomy":"product_tag","embeddable":true,"href":"https:\/\/yfconnectivity.com\/pt-br\/wp-json\/wp\/v2\/product_tag?post=4517"}],"curies":[{"name":"wp","href":"https:\/\/api.w.org\/{rel}","templated":true}]}}